{"id":63183,"date":"2025-09-10T20:20:44","date_gmt":"2025-09-10T18:20:44","guid":{"rendered":"https:\/\/www.fleurop-home.ch\/de-ch\/?post_type=product&#038;p=63183"},"modified":"2026-03-18T13:50:45","modified_gmt":"2026-03-18T12:50:45","slug":"bouquet-ivy-50cm","status":"publish","type":"product","link":"https:\/\/www.fleurop-home.ch\/fr-ch\/p\/bouquet-ivy-50cm","title":{"rendered":"Bouquet Ivy 50cm"},"content":{"rendered":"<p>Enrichis ton espace avec la beaut\u00e9 des fleurs s\u00e9ch\u00e9es, soigneusement fabriqu\u00e9es \u00e0 la main et cultiv\u00e9es de mani\u00e8re durable, pour une touche d'\u00e9l\u00e9gance \u00e9co-responsable. Chaque pi\u00e8ce est assembl\u00e9e avec soin et amour, ce qui donne une composition \u00e9poustouflante qui capture l'essence de la beaut\u00e9 naturelle.<\/p>","protected":false},"excerpt":{"rendered":"<p>Profite du miracle botanique et ajoute une touche de magie \u00e0 n'importe quel environnement.<\/p>","protected":false},"featured_media":63185,"template":"","meta":[],"product_brand":[],"product_cat":[117,23,1020,1018],"product_tag":[1168],"woo-feed-brand":[],"class_list":{"0":"post-63183","1":"product","2":"type-product","3":"status-publish","4":"has-post-thumbnail","6":"product_cat-trockenblumen","7":"product_cat-home-living","8":"product_cat-ostergeschenke","9":"product_cat-ostern","10":"product_tag-melia-atelier","12":"first","13":"instock","14":"taxable","15":"shipping-taxable","16":"purchasable","17":"product-type-simple"},"_links":{"self":[{"href":"https:\/\/www.fleurop-home.ch\/fr-ch\/wp-json\/wp\/v2\/product\/63183","targetHints":{"allow":["GET"]}}],"collection":[{"href":"https:\/\/www.fleurop-home.ch\/fr-ch\/wp-json\/wp\/v2\/product"}],"about":[{"href":"https:\/\/www.fleurop-home.ch\/fr-ch\/wp-json\/wp\/v2\/types\/product"}],"wp:featuredmedia":[{"embeddable":true,"href":"https:\/\/www.fleurop-home.ch\/fr-ch\/wp-json\/wp\/v2\/media\/63185"}],"wp:attachment":[{"href":"https:\/\/www.fleurop-home.ch\/fr-ch\/wp-json\/wp\/v2\/media?parent=63183"}],"wp:term":[{"taxonomy":"product_brand","embeddable":true,"href":"https:\/\/www.fleurop-home.ch\/fr-ch\/wp-json\/wp\/v2\/product_brand?post=63183"},{"taxonomy":"product_cat","embeddable":true,"href":"https:\/\/www.fleurop-home.ch\/fr-ch\/wp-json\/wp\/v2\/product_cat?post=63183"},{"taxonomy":"product_tag","embeddable":true,"href":"https:\/\/www.fleurop-home.ch\/fr-ch\/wp-json\/wp\/v2\/product_tag?post=63183"},{"taxonomy":"woo-feed-brand","embeddable":true,"href":"https:\/\/www.fleurop-home.ch\/fr-ch\/wp-json\/wp\/v2\/woo-feed-brand?post=63183"}],"curies":[{"name":"wp","href":"https:\/\/api.w.org\/{rel}","templated":true}]}}