{"id":63176,"date":"2025-09-10T19:24:44","date_gmt":"2025-09-10T17:24:44","guid":{"rendered":"https:\/\/www.fleurop-home.ch\/de-ch\/?post_type=product&#038;p=63176"},"modified":"2025-12-10T13:55:16","modified_gmt":"2025-12-10T12:55:16","slug":"luna-bougie","status":"publish","type":"product","link":"https:\/\/www.fleurop-home.ch\/fr-ch\/p\/luna-kerze","title":{"rendered":"Bougie Luna"},"content":{"rendered":"<p data-start=\"251\" data-end=\"627\">Avec son design doux et arrondi, la bougie Luna apporte<strong> L'harmonie et une d\u00e9claration esth\u00e9tique<\/strong> dans n'importe quelle pi\u00e8ce. Ses formes claires et sa silhouette \u00e9l\u00e9gante en font un accroche-regard discret qui s'int\u00e8gre aussi bien dans les int\u00e9rieurs modernes que classiques - id\u00e9al pour les soir\u00e9es d\u00e9contract\u00e9es, une d\u00e9coration de table styl\u00e9e ou comme doux point d'orgue sur la table de nuit.<\/p>\n<p data-start=\"629\" data-end=\"975\">Pour les amoureux de l'intemporel<strong> Minimalisme et \u00e9quilibre<\/strong> la bougie Luna est un accessoire d'ambiance qui transmet s\u00e9curit\u00e9 et chaleur. Que ce soit comme cadeau sp\u00e9cial ou comme d\u00e9tail \u00e9l\u00e9gant dans ta maison, la bougie Luna incarne la beaut\u00e9 silencieuse du clair de lune et cr\u00e9e une atmosph\u00e8re apaisante \u00e0 la douce lueur de la bougie.<\/p>\n<p data-start=\"977\" data-end=\"1176\">Luna est la<strong> pendant parfait de la bougie Aurora<\/strong>. Deux s\u0153urs qui se compl\u00e8tent harmonieusement - Aurora pleine de rayonnement, Luna pleine de calme. Ensemble, elles apportent style et \u00e9quilibre \u00e0 ton int\u00e9rieur.<\/p>\n<p data-start=\"870\" data-end=\"913\"><strong data-start=\"870\" data-end=\"880\">Luna S<\/strong><br data-start=\"880\" data-end=\"883\" \/>H 20 cm x \u00d8 10 cm<br data-start=\"899\" data-end=\"902\" \/>environ 220 g<\/p>\n<p data-start=\"915\" data-end=\"1182\">Fabriqu\u00e9 \u00e0 partir de cire de colza allemande. Veuillez noter que de petites variations de couleur sont possibles en raison des conditions de r\u00e9colte.<br data-start=\"1043\" data-end=\"1046\" \/>Sans ajout de parfum.<br data-start=\"1074\" data-end=\"1077\" \/>Chaque bougie est coul\u00e9e \u00e0 la main sur commande avec le plus grand soin - juste pour toi -. <strong data-start=\"1164\" data-end=\"1179\">Ton exemplaire unique<\/strong>.<\/p>\n<p data-start=\"1184\" data-end=\"1273\">Si tu veux l'allumer, fais attention \u00e0 ce qui suit <strong>Avertissements et consignes de s\u00e9curit\u00e9 pour les bougies<\/strong>.<\/p>","protected":false},"excerpt":{"rendered":"<p>Avec son design doux et arrondi, la bougie Luna apporte<strong> L'harmonie et une d\u00e9claration esth\u00e9tique<\/strong> dans chaque pi\u00e8ce.<\/p>","protected":false},"featured_media":63177,"template":"","meta":[],"product_brand":[],"product_cat":[103,23,984,994,909,1179,911,28],"product_tag":[1159],"woo-feed-brand":[],"class_list":{"0":"post-63176","1":"product","2":"type-product","3":"status-publish","4":"has-post-thumbnail","6":"product_cat-kerzen","7":"product_cat-home-living","8":"product_cat-silvester","9":"product_cat-silvestertisch","10":"product_cat-weihnachten","11":"product_cat-weihnachtsdeko","12":"product_cat-accessoires","13":"product_cat-kerzen-lichter","14":"product_tag-glowing-celebrations","16":"first","17":"instock","18":"taxable","19":"shipping-taxable","20":"purchasable","21":"product-type-simple"},"_links":{"self":[{"href":"https:\/\/www.fleurop-home.ch\/fr-ch\/wp-json\/wp\/v2\/product\/63176","targetHints":{"allow":["GET"]}}],"collection":[{"href":"https:\/\/www.fleurop-home.ch\/fr-ch\/wp-json\/wp\/v2\/product"}],"about":[{"href":"https:\/\/www.fleurop-home.ch\/fr-ch\/wp-json\/wp\/v2\/types\/product"}],"wp:featuredmedia":[{"embeddable":true,"href":"https:\/\/www.fleurop-home.ch\/fr-ch\/wp-json\/wp\/v2\/media\/63177"}],"wp:attachment":[{"href":"https:\/\/www.fleurop-home.ch\/fr-ch\/wp-json\/wp\/v2\/media?parent=63176"}],"wp:term":[{"taxonomy":"product_brand","embeddable":true,"href":"https:\/\/www.fleurop-home.ch\/fr-ch\/wp-json\/wp\/v2\/product_brand?post=63176"},{"taxonomy":"product_cat","embeddable":true,"href":"https:\/\/www.fleurop-home.ch\/fr-ch\/wp-json\/wp\/v2\/product_cat?post=63176"},{"taxonomy":"product_tag","embeddable":true,"href":"https:\/\/www.fleurop-home.ch\/fr-ch\/wp-json\/wp\/v2\/product_tag?post=63176"},{"taxonomy":"woo-feed-brand","embeddable":true,"href":"https:\/\/www.fleurop-home.ch\/fr-ch\/wp-json\/wp\/v2\/woo-feed-brand?post=63176"}],"curies":[{"name":"wp","href":"https:\/\/api.w.org\/{rel}","templated":true}]}}