{"id":62890,"date":"2025-09-04T10:46:26","date_gmt":"2025-09-04T08:46:26","guid":{"rendered":"https:\/\/www.fleurop-home.ch\/de-ch\/?post_type=product&#038;p=62890"},"modified":"2025-11-04T15:05:42","modified_gmt":"2025-11-04T14:05:42","slug":"bougie-rudolf","status":"publish","type":"product","link":"https:\/\/www.fleurop-home.ch\/fr-ch\/p\/rudolf-kerze","title":{"rendered":"Bougie de Rudolf"},"content":{"rendered":"<p data-start=\"88\" data-end=\"399\">Fais entrer la joie de No\u00ebl dans ta maison avec <strong data-start=\"145\" data-end=\"168\">Rudolf Bougie du renne<\/strong>. Ce chef-d'\u0153uvre artisanal se distingue par ses d\u00e9tails peints \u00e0 la main avec amour, dont l'iconique logo de Rodolphe. <strong data-start=\"277\" data-end=\"290\">nez rouge<\/strong> et une petite <strong data-start=\"307\" data-end=\"329\">Cloche autour du cou<\/strong>qui ajoute une touche charmante et festive au design de la bougie.<\/p>\n<p data-start=\"401\" data-end=\"721\">Parfait comme <strong data-start=\"413\" data-end=\"448\">D\u00e9coration de table, d\u00e9corations de l'Avent<\/strong> ou un point culminant d'ambiance sur le manteau de chemin\u00e9e, cette bougie r\u00e9pand la chaleur et l'atmosph\u00e8re de No\u00ebl. Que ce soit comme cadeau ou comme accroche-regard festif pour ta propre maison - la <strong data-start=\"628\" data-end=\"651\">Rudolf Bougie du renne<\/strong> fait briller les yeux et permet de passer des moments agr\u00e9ables \u00e0 la lueur des bougies.<\/p>\n<p data-start=\"401\" data-end=\"721\">H 10 \u00d8 6cm<br \/>\n215g environ<\/p>\n<ul>\n<li data-start=\"401\" data-end=\"721\">Fabriqu\u00e9 \u00e0 partir de cire de colza allemande. Veuillez noter que de petites variations de couleur sont possibles en raison des conditions de r\u00e9colte.<\/li>\n<li data-start=\"401\" data-end=\"721\">Sans ajout de parfum.<\/li>\n<li data-start=\"401\" data-end=\"721\">Chaque bougie est coul\u00e9e \u00e0 la main sur commande avec le plus grand soin - juste pour toi - TON unique.<\/li>\n<\/ul>\n<p>&nbsp;<\/p>\n<p data-start=\"401\" data-end=\"721\">Cette bougie est con\u00e7ue \u00e0 des fins d\u00e9coratives. Si tu veux quand m\u00eame l'allumer, fais attention aux points suivants <strong>Avertissements et consignes de s\u00e9curit\u00e9 pour les bougies.<\/strong><\/p>","protected":false},"excerpt":{"rendered":"<p>Festive bougie de renne Rudolf - peinte \u00e0 la main avec un nez rouge et une cloche, parfaite pour les d\u00e9corations de No\u00ebl ou comme cadeau charmant.<\/p>","protected":false},"featured_media":62892,"template":"","meta":[],"product_brand":[],"product_cat":[103,23,1208,909,1179,911,28,915],"product_tag":[1159],"woo-feed-brand":[],"class_list":{"0":"post-62890","1":"product","2":"type-product","3":"status-publish","4":"has-post-thumbnail","6":"product_cat-kerzen","7":"product_cat-home-living","8":"product_cat-ueber-25-chf","9":"product_cat-weihnachten","10":"product_cat-weihnachtsdeko","11":"product_cat-accessoires","12":"product_cat-kerzen-lichter","13":"product_cat-wichteln","14":"product_tag-glowing-celebrations","16":"first","17":"instock","18":"taxable","19":"shipping-taxable","20":"purchasable","21":"product-type-simple"},"_links":{"self":[{"href":"https:\/\/www.fleurop-home.ch\/fr-ch\/wp-json\/wp\/v2\/product\/62890","targetHints":{"allow":["GET"]}}],"collection":[{"href":"https:\/\/www.fleurop-home.ch\/fr-ch\/wp-json\/wp\/v2\/product"}],"about":[{"href":"https:\/\/www.fleurop-home.ch\/fr-ch\/wp-json\/wp\/v2\/types\/product"}],"wp:featuredmedia":[{"embeddable":true,"href":"https:\/\/www.fleurop-home.ch\/fr-ch\/wp-json\/wp\/v2\/media\/62892"}],"wp:attachment":[{"href":"https:\/\/www.fleurop-home.ch\/fr-ch\/wp-json\/wp\/v2\/media?parent=62890"}],"wp:term":[{"taxonomy":"product_brand","embeddable":true,"href":"https:\/\/www.fleurop-home.ch\/fr-ch\/wp-json\/wp\/v2\/product_brand?post=62890"},{"taxonomy":"product_cat","embeddable":true,"href":"https:\/\/www.fleurop-home.ch\/fr-ch\/wp-json\/wp\/v2\/product_cat?post=62890"},{"taxonomy":"product_tag","embeddable":true,"href":"https:\/\/www.fleurop-home.ch\/fr-ch\/wp-json\/wp\/v2\/product_tag?post=62890"},{"taxonomy":"woo-feed-brand","embeddable":true,"href":"https:\/\/www.fleurop-home.ch\/fr-ch\/wp-json\/wp\/v2\/woo-feed-brand?post=62890"}],"curies":[{"name":"wp","href":"https:\/\/api.w.org\/{rel}","templated":true}]}}