{"id":62888,"date":"2025-09-04T10:46:26","date_gmt":"2025-09-04T08:46:26","guid":{"rendered":"https:\/\/www.fleurop-home.ch\/de-ch\/?post_type=product&#038;p=62888"},"modified":"2025-12-10T13:55:02","modified_gmt":"2025-12-10T12:55:02","slug":"bougie-aurora","status":"publish","type":"product","link":"https:\/\/www.fleurop-home.ch\/fr-ch\/p\/aurora-kerze","title":{"rendered":"Bougie Aurora"},"content":{"rendered":"<p data-start=\"232\" data-end=\"587\">Avec son design \u00e9lanc\u00e9 et haut perch\u00e9, elle s'int\u00e8gre parfaitement dans le d\u00e9cor. <strong data-start=\"287\" data-end=\"310\">Bougie Aurora Pillar<\/strong> s'int\u00e8gre parfaitement dans les int\u00e9rieurs modernes et traditionnels. Sa base pliss\u00e9e unique en fait un accroche-regard imm\u00e9diat et ajoute une touche d'\u00e9l\u00e9gance \u00e0 n'importe quelle pi\u00e8ce - parfait pour <strong data-start=\"505\" data-end=\"547\">D\u00eeners, d\u00e9cors \u00e9l\u00e9gants aux chandelles<\/strong> ou comme point fort sur le manteau de la chemin\u00e9e.<\/p>\n<p data-start=\"589\" data-end=\"934\">Id\u00e9al pour les amateurs de minimalisme et de design raffin\u00e9, cr\u00e9e <strong data-start=\"656\" data-end=\"672\">Bougie Aurora<\/strong> une atmosph\u00e8re chaleureuse et confortable \u00e0 la douce lueur des bougies. Que ce soit en tant que <strong data-start=\"740\" data-end=\"757\">Bougie cadeau<\/strong> Pour les occasions sp\u00e9ciales ou comme accessoire \u00e9l\u00e9gant pour ta maison, les <strong data-start=\"832\" data-end=\"855\">Bougie Aurora Pillar<\/strong> est un must-have pour tous ceux qui attachent de l'importance aux <strong data-start=\"897\" data-end=\"925\">bougies modernes et \u00e9l\u00e9gantes<\/strong> poser.<\/p>\n<p data-start=\"936\" data-end=\"1003\"><strong data-start=\"936\" data-end=\"948\">Aurora S<\/strong><br data-start=\"948\" data-end=\"951\" \/>H 20 cm x \u00d8 10 cm<br data-start=\"968\" data-end=\"971\" \/>environ 250 g<\/p>\n<ul>\n<li data-start=\"573\" data-end=\"703\">Fabriqu\u00e9 \u00e0 partir de cire de colza allemande. Veuillez noter que de petites variations de couleur sont possibles en raison des conditions de r\u00e9colte.<\/li>\n<li data-start=\"573\" data-end=\"703\">Sans ajout de parfum.<\/li>\n<li data-start=\"573\" data-end=\"703\">Chaque bougie est coul\u00e9e \u00e0 la main sur commande avec le plus grand soin - juste pour toi - TON unique.<\/li>\n<\/ul>\n<p>&nbsp;<\/p>\n<p>Si tu veux l'allumer, fais attention \u00e0 ce qui suit\u00a0 <strong>Avertissements et consignes de s\u00e9curit\u00e9 pour les bougies.<\/strong><\/p>","protected":false},"excerpt":{"rendered":"<p>La bougie Aurora Pillar est un must-have pour tous ceux qui attachent de l'importance aux bougies modernes et \u00e9l\u00e9gantes.<\/p>","protected":false},"featured_media":62889,"template":"","meta":[],"product_brand":[],"product_cat":[103,23,984,994,909,1179,911,28],"product_tag":[1159],"woo-feed-brand":[],"class_list":{"0":"post-62888","1":"product","2":"type-product","3":"status-publish","4":"has-post-thumbnail","6":"product_cat-kerzen","7":"product_cat-home-living","8":"product_cat-silvester","9":"product_cat-silvestertisch","10":"product_cat-weihnachten","11":"product_cat-weihnachtsdeko","12":"product_cat-accessoires","13":"product_cat-kerzen-lichter","14":"product_tag-glowing-celebrations","16":"first","17":"instock","18":"taxable","19":"shipping-taxable","20":"purchasable","21":"product-type-simple"},"_links":{"self":[{"href":"https:\/\/www.fleurop-home.ch\/fr-ch\/wp-json\/wp\/v2\/product\/62888","targetHints":{"allow":["GET"]}}],"collection":[{"href":"https:\/\/www.fleurop-home.ch\/fr-ch\/wp-json\/wp\/v2\/product"}],"about":[{"href":"https:\/\/www.fleurop-home.ch\/fr-ch\/wp-json\/wp\/v2\/types\/product"}],"wp:featuredmedia":[{"embeddable":true,"href":"https:\/\/www.fleurop-home.ch\/fr-ch\/wp-json\/wp\/v2\/media\/62889"}],"wp:attachment":[{"href":"https:\/\/www.fleurop-home.ch\/fr-ch\/wp-json\/wp\/v2\/media?parent=62888"}],"wp:term":[{"taxonomy":"product_brand","embeddable":true,"href":"https:\/\/www.fleurop-home.ch\/fr-ch\/wp-json\/wp\/v2\/product_brand?post=62888"},{"taxonomy":"product_cat","embeddable":true,"href":"https:\/\/www.fleurop-home.ch\/fr-ch\/wp-json\/wp\/v2\/product_cat?post=62888"},{"taxonomy":"product_tag","embeddable":true,"href":"https:\/\/www.fleurop-home.ch\/fr-ch\/wp-json\/wp\/v2\/product_tag?post=62888"},{"taxonomy":"woo-feed-brand","embeddable":true,"href":"https:\/\/www.fleurop-home.ch\/fr-ch\/wp-json\/wp\/v2\/woo-feed-brand?post=62888"}],"curies":[{"name":"wp","href":"https:\/\/api.w.org\/{rel}","templated":true}]}}