{"id":62817,"date":"2025-09-04T10:46:27","date_gmt":"2025-09-04T08:46:27","guid":{"rendered":"https:\/\/www.fleurop-home.ch\/de-ch\/?post_type=product&#038;p=62817"},"modified":"2025-12-10T13:55:28","modified_gmt":"2025-12-10T12:55:28","slug":"liv-bougie","status":"publish","type":"product","link":"https:\/\/www.fleurop-home.ch\/fr-ch\/p\/liv-kerze","title":{"rendered":"Liv bougie"},"content":{"rendered":"<p><strong data-start=\"151\" data-end=\"158\">Liv<\/strong> est la combinaison parfaite d'un design minimaliste et d'une lueur de bougie confortable.<\/p>\n<p>La bougie sph\u00e9rique fabriqu\u00e9e \u00e0 la main avec ses douces structures ondul\u00e9es s'adapte \u00e0 tous les int\u00e9rieurs modernes.<\/p>\n<p data-start=\"468\" data-end=\"547\">Id\u00e9al comme d\u00e9coration \u00e9l\u00e9gante, pour les soir\u00e9es de d\u00e9tente ou comme cadeau sp\u00e9cial.<\/p>\n<p data-start=\"468\" data-end=\"547\"><strong data-start=\"392\" data-end=\"426\">En option avec des accents dor\u00e9s<\/strong> - Naturel ou avec une touche de luxe<\/p>\n<p data-start=\"657\" data-end=\"724\">Obtiens maintenant \"Liv\" et donne \u00e0 ta maison une \u00e9l\u00e9gance intemporelle !<\/p>\n<p data-start=\"657\" data-end=\"724\">\u00d8 environ 8 cm<br data-start=\"570\" data-end=\"573\" \/>environ 160 gr<\/p>\n<ul>\n<li data-start=\"573\" data-end=\"703\">Fabriqu\u00e9 \u00e0 partir de cire de colza allemande. Veuillez noter que de petites variations de couleur sont possibles en raison des conditions de r\u00e9colte.<\/li>\n<li data-start=\"573\" data-end=\"703\">Sans ajout de parfum.<\/li>\n<li data-start=\"573\" data-end=\"703\">Chaque bougie est coul\u00e9e \u00e0 la main sur commande avec le plus grand soin - juste pour toi - TON unique.<\/li>\n<\/ul>\n<p>&nbsp;<\/p>\n<p>Si tu veux l'allumer, fais attention aux points suivants <strong>Avertissements et consignes de s\u00e9curit\u00e9 pour les bougies.<\/strong><\/p>","protected":false},"excerpt":{"rendered":"<p>Liv - La bougie ondul\u00e9e \u00e9l\u00e9gante pour un int\u00e9rieur styl\u00e9<\/p>","protected":false},"featured_media":62820,"template":"","meta":[],"product_brand":[],"product_cat":[103,23,984,994,28],"product_tag":[1159],"woo-feed-brand":[],"class_list":{"0":"post-62817","1":"product","2":"type-product","3":"status-publish","4":"has-post-thumbnail","6":"product_cat-kerzen","7":"product_cat-home-living","8":"product_cat-silvester","9":"product_cat-silvestertisch","10":"product_cat-kerzen-lichter","11":"product_tag-glowing-celebrations","13":"first","14":"instock","15":"taxable","16":"shipping-taxable","17":"purchasable","18":"product-type-variable"},"_links":{"self":[{"href":"https:\/\/www.fleurop-home.ch\/fr-ch\/wp-json\/wp\/v2\/product\/62817","targetHints":{"allow":["GET"]}}],"collection":[{"href":"https:\/\/www.fleurop-home.ch\/fr-ch\/wp-json\/wp\/v2\/product"}],"about":[{"href":"https:\/\/www.fleurop-home.ch\/fr-ch\/wp-json\/wp\/v2\/types\/product"}],"wp:featuredmedia":[{"embeddable":true,"href":"https:\/\/www.fleurop-home.ch\/fr-ch\/wp-json\/wp\/v2\/media\/62820"}],"wp:attachment":[{"href":"https:\/\/www.fleurop-home.ch\/fr-ch\/wp-json\/wp\/v2\/media?parent=62817"}],"wp:term":[{"taxonomy":"product_brand","embeddable":true,"href":"https:\/\/www.fleurop-home.ch\/fr-ch\/wp-json\/wp\/v2\/product_brand?post=62817"},{"taxonomy":"product_cat","embeddable":true,"href":"https:\/\/www.fleurop-home.ch\/fr-ch\/wp-json\/wp\/v2\/product_cat?post=62817"},{"taxonomy":"product_tag","embeddable":true,"href":"https:\/\/www.fleurop-home.ch\/fr-ch\/wp-json\/wp\/v2\/product_tag?post=62817"},{"taxonomy":"woo-feed-brand","embeddable":true,"href":"https:\/\/www.fleurop-home.ch\/fr-ch\/wp-json\/wp\/v2\/woo-feed-brand?post=62817"}],"curies":[{"name":"wp","href":"https:\/\/api.w.org\/{rel}","templated":true}]}}