{"id":62730,"date":"2025-09-03T11:07:24","date_gmt":"2025-09-03T09:07:24","guid":{"rendered":"https:\/\/www.fleurop-home.ch\/de-ch\/?post_type=product&#038;p=62730"},"modified":"2025-10-15T11:03:12","modified_gmt":"2025-10-15T09:03:12","slug":"terreau-pour-plantes-dinterieur-4-litres","status":"publish","type":"product","link":"https:\/\/www.fleurop-home.ch\/fr-ch\/p\/zimmerpflanzenerde-4-liter","title":{"rendered":"Terreau pour plantes d'int\u00e9rieur 4 litres"},"content":{"rendered":"<p>Le terreau pour plantes d'int\u00e9rieur est un substrat de culture compos\u00e9 de fibres de coco et de fibres de bois West+, de granul\u00e9s pour plantes Seramis, de perlite et d'un peu d'engrais pour le rempotage et l'empotage des plantes en pot. Pour des plantes saines et r\u00e9sistantes.<\/p>","protected":false},"excerpt":{"rendered":"<p>Pour des plantes saines et r\u00e9sistantes.<\/p>","protected":false},"featured_media":62731,"template":"","meta":[],"product_brand":[],"product_cat":[118,23,26],"product_tag":[983],"woo-feed-brand":[],"class_list":{"0":"post-62730","1":"product","2":"type-product","3":"status-publish","4":"has-post-thumbnail","6":"product_cat-zimmerpflanzen","7":"product_cat-home-living","8":"product_cat-blumen-pflanzen","9":"product_tag-selection-by-fleurophome","11":"first","12":"instock","13":"taxable","14":"shipping-taxable","15":"purchasable","16":"product-type-simple"},"_links":{"self":[{"href":"https:\/\/www.fleurop-home.ch\/fr-ch\/wp-json\/wp\/v2\/product\/62730","targetHints":{"allow":["GET"]}}],"collection":[{"href":"https:\/\/www.fleurop-home.ch\/fr-ch\/wp-json\/wp\/v2\/product"}],"about":[{"href":"https:\/\/www.fleurop-home.ch\/fr-ch\/wp-json\/wp\/v2\/types\/product"}],"wp:featuredmedia":[{"embeddable":true,"href":"https:\/\/www.fleurop-home.ch\/fr-ch\/wp-json\/wp\/v2\/media\/62731"}],"wp:attachment":[{"href":"https:\/\/www.fleurop-home.ch\/fr-ch\/wp-json\/wp\/v2\/media?parent=62730"}],"wp:term":[{"taxonomy":"product_brand","embeddable":true,"href":"https:\/\/www.fleurop-home.ch\/fr-ch\/wp-json\/wp\/v2\/product_brand?post=62730"},{"taxonomy":"product_cat","embeddable":true,"href":"https:\/\/www.fleurop-home.ch\/fr-ch\/wp-json\/wp\/v2\/product_cat?post=62730"},{"taxonomy":"product_tag","embeddable":true,"href":"https:\/\/www.fleurop-home.ch\/fr-ch\/wp-json\/wp\/v2\/product_tag?post=62730"},{"taxonomy":"woo-feed-brand","embeddable":true,"href":"https:\/\/www.fleurop-home.ch\/fr-ch\/wp-json\/wp\/v2\/woo-feed-brand?post=62730"}],"curies":[{"name":"wp","href":"https:\/\/api.w.org\/{rel}","templated":true}]}}