{"id":62689,"date":"2025-09-04T10:46:27","date_gmt":"2025-09-04T08:46:27","guid":{"rendered":"https:\/\/www.fleurop-home.ch\/de-ch\/?post_type=product&#038;p=62689"},"modified":"2025-10-15T11:04:59","modified_gmt":"2025-10-15T09:04:59","slug":"bougie-globe","status":"publish","type":"product","link":"https:\/\/www.fleurop-home.ch\/fr-ch\/p\/globus-kerze","title":{"rendered":"Bougie globe"},"content":{"rendered":"<p data-start=\"98\" data-end=\"352\"><strong data-start=\"98\" data-end=\"179\">Bougie globe - une pi\u00e8ce faite \u00e0 la main pour les globe-trotters &amp; les amoureux des plan\u00e8tes.<\/strong><br data-start=\"179\" data-end=\"182\" \/>Cette bougie exclusive rappelle la beaut\u00e9 de notre terre et est le cadeau parfait pour tous ceux qui aiment voyager ou qui reviennent tout juste d'une aventure.<\/p>\n<p>Disponible dans des combinaisons de couleurs raffin\u00e9es :<\/p>\n<ul>\n<li><strong data-start=\"397\" data-end=\"410\">Blanc\/or<\/strong> - classique &amp; \u00e9l\u00e9gant<\/li>\n<li><strong data-start=\"437\" data-end=\"450\">Bleu\/or<\/strong> - inspir\u00e9 par l'oc\u00e9an<\/li>\n<li><strong data-start=\"478\" data-end=\"494\" data-is-only-node=\"\">Blanc\/noir<\/strong> - moderne &amp; minimaliste<\/li>\n<li><strong data-start=\"525\" data-end=\"541\">Bleu\/noir<\/strong> - mystique &amp; expressive<\/li>\n<\/ul>\n<p>&nbsp;<\/p>\n<p>Un \u00e9l\u00e9ment de d\u00e9coration \u00e9l\u00e9gant pour <strong data-start=\"605\" data-end=\"660\">Fans de voyages, aventuri\u00e8res et personnes ayant envie de voyager<\/strong> - intemporel, moul\u00e9 \u00e0 la main et unique.<\/p>\n<p data-start=\"573\" data-end=\"703\">H 8cm x \u2205 8cm<br \/>\nenviron 220g<\/p>\n<ul>\n<li data-start=\"573\" data-end=\"703\">Fabriqu\u00e9 \u00e0 partir de cire de colza allemande. Veuillez noter que de petites variations de couleur sont possibles en raison des conditions de r\u00e9colte.<\/li>\n<li data-start=\"573\" data-end=\"703\">Sans ajout de parfum.<\/li>\n<li data-start=\"573\" data-end=\"703\">Chaque bougie est coul\u00e9e \u00e0 la main sur commande avec le plus grand soin - juste pour toi - TON unique.<\/li>\n<\/ul>\n<p>&nbsp;<\/p>\n<p>Si tu veux quand m\u00eame l'allumer, fais attention \u00e0 ceci <strong>Avertissements et consignes de s\u00e9curit\u00e9 pour les bougies.<\/strong><\/p>","protected":false},"excerpt":{"rendered":"<p>Bougie globe - une pi\u00e8ce faite \u00e0 la main pour les globe-trotters &amp; les amoureux des plan\u00e8tes.<\/p>","protected":false},"featured_media":62879,"template":"","meta":[],"product_brand":[],"product_cat":[103,23,28],"product_tag":[1159],"woo-feed-brand":[],"class_list":{"0":"post-62689","1":"product","2":"type-product","3":"status-publish","4":"has-post-thumbnail","6":"product_cat-kerzen","7":"product_cat-home-living","8":"product_cat-kerzen-lichter","9":"product_tag-glowing-celebrations","11":"first","12":"instock","13":"taxable","14":"shipping-taxable","15":"purchasable","16":"product-type-variable"},"_links":{"self":[{"href":"https:\/\/www.fleurop-home.ch\/fr-ch\/wp-json\/wp\/v2\/product\/62689","targetHints":{"allow":["GET"]}}],"collection":[{"href":"https:\/\/www.fleurop-home.ch\/fr-ch\/wp-json\/wp\/v2\/product"}],"about":[{"href":"https:\/\/www.fleurop-home.ch\/fr-ch\/wp-json\/wp\/v2\/types\/product"}],"wp:featuredmedia":[{"embeddable":true,"href":"https:\/\/www.fleurop-home.ch\/fr-ch\/wp-json\/wp\/v2\/media\/62879"}],"wp:attachment":[{"href":"https:\/\/www.fleurop-home.ch\/fr-ch\/wp-json\/wp\/v2\/media?parent=62689"}],"wp:term":[{"taxonomy":"product_brand","embeddable":true,"href":"https:\/\/www.fleurop-home.ch\/fr-ch\/wp-json\/wp\/v2\/product_brand?post=62689"},{"taxonomy":"product_cat","embeddable":true,"href":"https:\/\/www.fleurop-home.ch\/fr-ch\/wp-json\/wp\/v2\/product_cat?post=62689"},{"taxonomy":"product_tag","embeddable":true,"href":"https:\/\/www.fleurop-home.ch\/fr-ch\/wp-json\/wp\/v2\/product_tag?post=62689"},{"taxonomy":"woo-feed-brand","embeddable":true,"href":"https:\/\/www.fleurop-home.ch\/fr-ch\/wp-json\/wp\/v2\/woo-feed-brand?post=62689"}],"curies":[{"name":"wp","href":"https:\/\/api.w.org\/{rel}","templated":true}]}}