{"id":62671,"date":"2025-09-04T10:46:28","date_gmt":"2025-09-04T08:46:28","guid":{"rendered":"https:\/\/www.fleurop-home.ch\/de-ch\/?post_type=product&#038;p=62671"},"modified":"2026-04-01T13:45:44","modified_gmt":"2026-04-01T11:45:44","slug":"aperol-spritz-bougie","status":"publish","type":"product","link":"https:\/\/www.fleurop-home.ch\/fr-ch\/p\/aperol-spritz-kerze","title":{"rendered":"Bougie Aperol Spritz"},"content":{"rendered":"<p data-start=\"226\" data-end=\"454\">Inspir\u00e9e de la boisson rafra\u00eechissante de l'\u00e9t\u00e9, elle ajoute une touche estivale et styl\u00e9e \u00e0 toutes les soir\u00e9es en plein air.<\/p>\n<p data-start=\"456\" data-end=\"481\"><strong data-start=\"456\" data-end=\"479\">Points forts du produit :<\/strong><\/p>\n<ul data-start=\"482\" data-end=\"935\">\n<li data-start=\"482\" data-end=\"605\">\n<p data-start=\"484\" data-end=\"605\"><strong data-start=\"484\" data-end=\"516\">Fabriqu\u00e9 \u00e0 la main en Suisse<\/strong> \u00e0 partir de <strong data-start=\"521\" data-end=\"560\">cire gel de haute qualit\u00e9 en provenance d'Allemagne<\/strong> - pour la meilleure qualit\u00e9 et une longue dur\u00e9e de combustion.<\/p>\n<\/li>\n<li data-start=\"606\" data-end=\"685\">\n<p data-start=\"608\" data-end=\"685\"><strong data-start=\"608\" data-end=\"629\">Adapt\u00e9 \u00e0 l'ext\u00e9rieur :<\/strong> Parfait pour le balcon, la terrasse ou le jardin.<\/p>\n<\/li>\n<li data-start=\"686\" data-end=\"826\">\n<p data-start=\"688\" data-end=\"826\"><strong data-start=\"688\" data-end=\"713\">Un design unique :<\/strong> Avec <strong data-start=\"718\" data-end=\"756\">v\u00e9ritable tranche d'orange s\u00e9ch\u00e9e<\/strong> et <strong data-start=\"761\" data-end=\"782\">Gla\u00e7ons Gelwax<\/strong>Le verre est un peu plus grand que le verre lui-m\u00eame.<\/p>\n<\/li>\n<li data-start=\"827\" data-end=\"935\">\n<p data-start=\"829\" data-end=\"935\"><strong data-start=\"829\" data-end=\"845\">Neutre en termes de parfum :<\/strong> Profite de l'exp\u00e9rience visuelle, sans parfum - id\u00e9al pour les personnes allergiques et les espaces ouverts.<\/p>\n<\/li>\n<\/ul>\n<p data-start=\"937\" data-end=\"1134\"><strong data-start=\"937\" data-end=\"952\">Utilisation :<\/strong><br data-start=\"952\" data-end=\"955\" \/>Donne des accents \u00e9l\u00e9gants aux f\u00eates d'\u00e9t\u00e9, aux f\u00eates de jardin ou aux soir\u00e9es d\u00e9contract\u00e9es en plein air. C'est aussi un cadeau original pour les amateurs d'Aperol ou les amis de la d\u00e9coration sp\u00e9ciale.<\/p>\n<p data-start=\"1136\" data-end=\"1237\"><strong data-start=\"1136\" data-end=\"1156\">D\u00e9couvrir maintenant :<\/strong> Fais entrer la sensation de l'\u00e9t\u00e9 chez toi - avec style, de mani\u00e8re unique et \u00e0 la main !<\/p>\n<p>&nbsp;<\/p>\n<p>Si tu veux l'allumer, fais attention aux points suivants <strong>Avertissements et consignes de s\u00e9curit\u00e9 :<\/strong><\/p>\n<p>Merci de raccourcir r\u00e9guli\u00e8rement la m\u00e8che (5 mm) pour \u00e9viter les traces de fum\u00e9e noire sur le verre.<\/p>","protected":false},"excerpt":{"rendered":"<p>Fais entrer l'\u00e9t\u00e9 dans ta maison avec notre bougie Aperol Spritz fabriqu\u00e9e \u00e0 la main dans le verre d'Aperol original.<\/p>","protected":false},"featured_media":62902,"template":"","meta":[],"product_brand":[],"product_cat":[103,23,1023,797,28],"product_tag":[1159],"woo-feed-brand":[],"class_list":{"0":"post-62671","1":"product","2":"type-product","3":"status-publish","4":"has-post-thumbnail","6":"product_cat-kerzen","7":"product_cat-home-living","8":"product_cat-fuer-mama","9":"product_cat-muttertag","10":"product_cat-kerzen-lichter","11":"product_tag-glowing-celebrations","13":"first","14":"instock","15":"taxable","16":"shipping-taxable","17":"purchasable","18":"product-type-simple"},"_links":{"self":[{"href":"https:\/\/www.fleurop-home.ch\/fr-ch\/wp-json\/wp\/v2\/product\/62671","targetHints":{"allow":["GET"]}}],"collection":[{"href":"https:\/\/www.fleurop-home.ch\/fr-ch\/wp-json\/wp\/v2\/product"}],"about":[{"href":"https:\/\/www.fleurop-home.ch\/fr-ch\/wp-json\/wp\/v2\/types\/product"}],"wp:featuredmedia":[{"embeddable":true,"href":"https:\/\/www.fleurop-home.ch\/fr-ch\/wp-json\/wp\/v2\/media\/62902"}],"wp:attachment":[{"href":"https:\/\/www.fleurop-home.ch\/fr-ch\/wp-json\/wp\/v2\/media?parent=62671"}],"wp:term":[{"taxonomy":"product_brand","embeddable":true,"href":"https:\/\/www.fleurop-home.ch\/fr-ch\/wp-json\/wp\/v2\/product_brand?post=62671"},{"taxonomy":"product_cat","embeddable":true,"href":"https:\/\/www.fleurop-home.ch\/fr-ch\/wp-json\/wp\/v2\/product_cat?post=62671"},{"taxonomy":"product_tag","embeddable":true,"href":"https:\/\/www.fleurop-home.ch\/fr-ch\/wp-json\/wp\/v2\/product_tag?post=62671"},{"taxonomy":"woo-feed-brand","embeddable":true,"href":"https:\/\/www.fleurop-home.ch\/fr-ch\/wp-json\/wp\/v2\/woo-feed-brand?post=62671"}],"curies":[{"name":"wp","href":"https:\/\/api.w.org\/{rel}","templated":true}]}}