{"id":62543,"date":"2025-09-02T06:16:57","date_gmt":"2025-09-02T04:16:57","guid":{"rendered":"https:\/\/www.fleurop-home.ch\/de-ch\/?post_type=product&#038;p=62543"},"modified":"2025-10-22T09:04:05","modified_gmt":"2025-10-22T07:04:05","slug":"champignon-chestnut-petit","status":"publish","type":"product","link":"https:\/\/www.fleurop-home.ch\/fr-ch\/p\/pilz-chestnut-klein","title":{"rendered":"Champignon Chestnut petit"},"content":{"rendered":"<p><strong>Champignon \"Chestnut\" - le naturel sous forme compacte<\/strong><\/p>\n<p>Avec ses dimensions pratiques de <strong>28 x 38 cm<\/strong> le champignon \"Chestnut\" est le choix parfait pour des accents \u00e9l\u00e9gants - que ce soit dans le salon, sur le balcon ou dans le jardin. Fabriqu\u00e9 en <strong>bois de ch\u00e2taignier gris\u00e2tre<\/strong>Il combine la chaleur rustique avec la discr\u00e9tion moderne.<\/p>\n<p>Les fines veines du bois font de chaque pi\u00e8ce une pi\u00e8ce unique. Sa taille compacte permet un placement flexible - comme une charmante pi\u00e8ce unique ou comme partie d'un ensemble d\u00e9coratif.<\/p>","protected":false},"excerpt":{"rendered":"<p>Un champignon pour attirer l'attention. En bois de ch\u00e2taignier. Belle forme de cloche, d\u00e9core ton jardin, ton balcon ou ton int\u00e9rieur.<\/p>","protected":false},"featured_media":62722,"template":"","meta":[],"product_brand":[],"product_cat":[30,23,1190,34,35],"product_tag":[983],"woo-feed-brand":[],"class_list":{"0":"post-62543","1":"product","2":"type-product","3":"status-publish","4":"has-post-thumbnail","6":"product_cat-deko-accessoires","7":"product_cat-home-living","8":"product_cat-dekoobjekte","9":"product_cat-garten-balkon","10":"product_cat-gartendeko","11":"product_tag-selection-by-fleurophome","13":"first","14":"instock","15":"taxable","16":"shipping-taxable","17":"purchasable","18":"product-type-simple"},"_links":{"self":[{"href":"https:\/\/www.fleurop-home.ch\/fr-ch\/wp-json\/wp\/v2\/product\/62543","targetHints":{"allow":["GET"]}}],"collection":[{"href":"https:\/\/www.fleurop-home.ch\/fr-ch\/wp-json\/wp\/v2\/product"}],"about":[{"href":"https:\/\/www.fleurop-home.ch\/fr-ch\/wp-json\/wp\/v2\/types\/product"}],"wp:featuredmedia":[{"embeddable":true,"href":"https:\/\/www.fleurop-home.ch\/fr-ch\/wp-json\/wp\/v2\/media\/62722"}],"wp:attachment":[{"href":"https:\/\/www.fleurop-home.ch\/fr-ch\/wp-json\/wp\/v2\/media?parent=62543"}],"wp:term":[{"taxonomy":"product_brand","embeddable":true,"href":"https:\/\/www.fleurop-home.ch\/fr-ch\/wp-json\/wp\/v2\/product_brand?post=62543"},{"taxonomy":"product_cat","embeddable":true,"href":"https:\/\/www.fleurop-home.ch\/fr-ch\/wp-json\/wp\/v2\/product_cat?post=62543"},{"taxonomy":"product_tag","embeddable":true,"href":"https:\/\/www.fleurop-home.ch\/fr-ch\/wp-json\/wp\/v2\/product_tag?post=62543"},{"taxonomy":"woo-feed-brand","embeddable":true,"href":"https:\/\/www.fleurop-home.ch\/fr-ch\/wp-json\/wp\/v2\/woo-feed-brand?post=62543"}],"curies":[{"name":"wp","href":"https:\/\/api.w.org\/{rel}","templated":true}]}}