{"id":62542,"date":"2025-09-02T06:13:05","date_gmt":"2025-09-02T04:13:05","guid":{"rendered":"https:\/\/www.fleurop-home.ch\/de-ch\/?post_type=product&#038;p=62542"},"modified":"2026-04-02T16:39:20","modified_gmt":"2026-04-02T14:39:20","slug":"champignon-chestnut-grand","status":"publish","type":"product","link":"https:\/\/www.fleurop-home.ch\/fr-ch\/p\/pilz-chestnut-gross","title":{"rendered":"Champignon Chestnut grand"},"content":{"rendered":"<p><strong>Champignon \"Chestnut\" - le caract\u00e8re rencontre la nature<\/strong><\/p>\n<p>Avec ses masses impressionnantes de <strong>38 x 59 cm<\/strong> le champignon \"Chestnut\" est une v\u00e9ritable pi\u00e8ce \u00e0 d\u00e9claration pour des d\u00e9corations \u00e9l\u00e9gantes - \u00e0 l'int\u00e9rieur comme \u00e0 l'ext\u00e9rieur. Fabriqu\u00e9 en <strong>bois de ch\u00e2taignier gris\u00e2tre<\/strong>Il d\u00e9gage une \u00e9l\u00e9gance calme et terreuse qui s'int\u00e8gre facilement dans les environnements modernes et rustiques.<\/p>\n<p>La veinure naturelle du bois reste visible et donne \u00e0 chaque pi\u00e8ce une touche individuelle. Que ce soit pour attirer l'attention dans l'entr\u00e9e, sur la terrasse ou dans le salon, \"Chestnut\" apporte la beaut\u00e9 de la for\u00eat directement dans ta maison.<\/p>","protected":false},"excerpt":{"rendered":"<p>Un champignon pour attirer l'attention. En bois de ch\u00e2taignier. Belle forme de cloche, d\u00e9core ton jardin, ton balcon ou ton int\u00e9rieur.<\/p>","protected":false},"featured_media":62723,"template":"","meta":[],"product_brand":[],"product_cat":[30,23,1190,34,35],"product_tag":[983],"woo-feed-brand":[],"class_list":{"0":"post-62542","1":"product","2":"type-product","3":"status-publish","4":"has-post-thumbnail","6":"product_cat-deko-accessoires","7":"product_cat-home-living","8":"product_cat-dekoobjekte","9":"product_cat-garten-balkon","10":"product_cat-gartendeko","11":"product_tag-selection-by-fleurophome","13":"first","14":"instock","15":"taxable","16":"shipping-taxable","17":"purchasable","18":"product-type-simple"},"_links":{"self":[{"href":"https:\/\/www.fleurop-home.ch\/fr-ch\/wp-json\/wp\/v2\/product\/62542","targetHints":{"allow":["GET"]}}],"collection":[{"href":"https:\/\/www.fleurop-home.ch\/fr-ch\/wp-json\/wp\/v2\/product"}],"about":[{"href":"https:\/\/www.fleurop-home.ch\/fr-ch\/wp-json\/wp\/v2\/types\/product"}],"wp:featuredmedia":[{"embeddable":true,"href":"https:\/\/www.fleurop-home.ch\/fr-ch\/wp-json\/wp\/v2\/media\/62723"}],"wp:attachment":[{"href":"https:\/\/www.fleurop-home.ch\/fr-ch\/wp-json\/wp\/v2\/media?parent=62542"}],"wp:term":[{"taxonomy":"product_brand","embeddable":true,"href":"https:\/\/www.fleurop-home.ch\/fr-ch\/wp-json\/wp\/v2\/product_brand?post=62542"},{"taxonomy":"product_cat","embeddable":true,"href":"https:\/\/www.fleurop-home.ch\/fr-ch\/wp-json\/wp\/v2\/product_cat?post=62542"},{"taxonomy":"product_tag","embeddable":true,"href":"https:\/\/www.fleurop-home.ch\/fr-ch\/wp-json\/wp\/v2\/product_tag?post=62542"},{"taxonomy":"woo-feed-brand","embeddable":true,"href":"https:\/\/www.fleurop-home.ch\/fr-ch\/wp-json\/wp\/v2\/woo-feed-brand?post=62542"}],"curies":[{"name":"wp","href":"https:\/\/api.w.org\/{rel}","templated":true}]}}