{"id":6249,"date":"2020-02-25T13:32:09","date_gmt":"2020-02-25T13:32:09","guid":{"rendered":"https:\/\/www.fleurop-home.ch\/?product=tsuri-sauce-no-4-mexican-style"},"modified":"2025-12-10T09:51:23","modified_gmt":"2025-12-10T08:51:23","slug":"tsuri-sauce-no-4-style-mexicain","status":"publish","type":"product","link":"https:\/\/www.fleurop-home.ch\/fr-ch\/p\/tsuri-sauce-no-4-mexican-style","title":{"rendered":"TS\u00dcRI Sauce No.4 - Style mexicain"},"content":{"rendered":"<p style=\"text-align: left;\">Pour tous ceux qui souffrent constamment de nostalgie :<br \/>\nLa sauce Ts\u00fcri No.4 se distingue par ses saveurs carib\u00e9ennes et mexicaines, ce qui la rend tr\u00e8s sp\u00e9ciale. C'est la premi\u00e8re sauce BBQ qui se marie principalement avec les animaux marins.<\/p>\n<p style=\"text-align: left;\"><strong><br \/>\nIngr\u00e9dients<\/strong><br \/>\nTomates, cidre doux, vinaigre de cidre, cacao,<br \/>\nPiment ancho, piment habanero, gingembre, coriandre,<br \/>\nCannelle, muscade, cardamome, vanille.<\/p>\n<p id=\"yui_3_17_2_1_1582638097328_416\" style=\"text-align: left;\"><strong><br \/>\nUtilisation<\/strong><br \/>\nAvec du poisson, des fruits de mer, des fajitas, des tacos, des spare ribs et du chili con carne<\/p>\n<p style=\"text-align: left;\"><strong><br \/>\nContenu<br \/>\n<\/strong>200ml<\/p>\n<p data-mce-fragment=\"1\"><strong data-mce-fragment=\"1\"><br \/>\nValeurs nutritives<\/strong><\/p>\n<p data-mce-fragment=\"1\">Quantit\u00e9 pour 100 grammes<\/p>\n<ul data-mce-fragment=\"1\">\n<li data-mce-fragment=\"1\"><strong data-mce-fragment=\"1\">Calories<\/strong> 244 kcal<\/li>\n<li data-mce-fragment=\"1\"><strong data-mce-fragment=\"1\">Teneur en mati\u00e8res grasses <\/strong>0.8 g<\/li>\n<li data-mce-fragment=\"1\"><strong data-mce-fragment=\"1\">Acides gras satur\u00e9s <\/strong>&lt;0.5 g<\/li>\n<li data-mce-fragment=\"1\"><strong data-mce-fragment=\"1\">Hydrates de carbone<\/strong> 60 g<\/li>\n<li data-mce-fragment=\"1\"><strong data-mce-fragment=\"1\">Sucre <\/strong>43 g<\/li>\n<li data-mce-fragment=\"1\"><strong data-mce-fragment=\"1\">Prot\u00e9ines <\/strong>1.5 g<\/li>\n<li data-mce-fragment=\"1\"><strong data-mce-fragment=\"1\">Sel <\/strong>2 g<\/li>\n<\/ul>","protected":false},"excerpt":{"rendered":"<p>TS\u00dcRI SAUCE No.4<br \/>\nViva Mexico - beaucoup de saveurs et de chocolats du Mexique<\/p>","protected":false},"featured_media":36500,"template":"","meta":[],"product_brand":[],"product_cat":[111,995,1002,910,1091,984,1207,999,1088,909,915,42,885,52,54],"product_tag":[292],"woo-feed-brand":[],"class_list":{"0":"post-6249","1":"product","2":"type-product","3":"status-publish","4":"has-post-thumbnail","6":"product_cat-saucen","7":"product_cat-essen-trinken","8":"product_cat-fuer-ihn","9":"product_cat-geschenkideen","10":"product_cat-hobbykoch","11":"product_cat-silvester","12":"product_cat-unter-25-chf","13":"product_cat-valentinstag","14":"product_cat-vatertag","15":"product_cat-weihnachten","16":"product_cat-wichteln","17":"product_cat-kueche","18":"product_cat-koestlichkeiten","19":"product_cat-geschenke","20":"product_cat-feinkost","21":"product_tag-tsuri-group-gmbh","23":"first","24":"instock","25":"taxable","26":"shipping-taxable","27":"purchasable","28":"product-type-simple"},"_links":{"self":[{"href":"https:\/\/www.fleurop-home.ch\/fr-ch\/wp-json\/wp\/v2\/product\/6249","targetHints":{"allow":["GET"]}}],"collection":[{"href":"https:\/\/www.fleurop-home.ch\/fr-ch\/wp-json\/wp\/v2\/product"}],"about":[{"href":"https:\/\/www.fleurop-home.ch\/fr-ch\/wp-json\/wp\/v2\/types\/product"}],"wp:featuredmedia":[{"embeddable":true,"href":"https:\/\/www.fleurop-home.ch\/fr-ch\/wp-json\/wp\/v2\/media\/36500"}],"wp:attachment":[{"href":"https:\/\/www.fleurop-home.ch\/fr-ch\/wp-json\/wp\/v2\/media?parent=6249"}],"wp:term":[{"taxonomy":"product_brand","embeddable":true,"href":"https:\/\/www.fleurop-home.ch\/fr-ch\/wp-json\/wp\/v2\/product_brand?post=6249"},{"taxonomy":"product_cat","embeddable":true,"href":"https:\/\/www.fleurop-home.ch\/fr-ch\/wp-json\/wp\/v2\/product_cat?post=6249"},{"taxonomy":"product_tag","embeddable":true,"href":"https:\/\/www.fleurop-home.ch\/fr-ch\/wp-json\/wp\/v2\/product_tag?post=6249"},{"taxonomy":"woo-feed-brand","embeddable":true,"href":"https:\/\/www.fleurop-home.ch\/fr-ch\/wp-json\/wp\/v2\/woo-feed-brand?post=6249"}],"curies":[{"name":"wp","href":"https:\/\/api.w.org\/{rel}","templated":true}]}}