{"id":6247,"date":"2020-02-25T13:31:49","date_gmt":"2020-02-25T13:31:49","guid":{"rendered":"https:\/\/www.fleurop-home.ch\/?product=tsuri-sauce-no-3-steak-pepper-sauce"},"modified":"2026-05-06T16:27:42","modified_gmt":"2026-05-06T14:27:42","slug":"tsuri-sauce-no-3-steak-pepper-sauce","status":"publish","type":"product","link":"https:\/\/www.fleurop-home.ch\/fr-ch\/p\/tsuri-sauce-no-3-steak-pepper-sauce","title":{"rendered":"TS\u00dcRI Sauce No.3 - Sauce pour steak pepper"},"content":{"rendered":"<p style=\"text-align: left;\">Une sauce \u00e0 steak poivr\u00e9e qui en jette.<br \/>\nLe poivre exclusif de la jungle de Madagascar donne \u00e0 la sauce TS\u00dcRI No. 3 une note l\u00e9g\u00e8rement r\u00e9sineuse de citron vert et de thym, et s'accorde parfaitement avec le whisky, auquel la mac\u00e9ration de bois de pommier et de cerisier donne un go\u00fbt tourb\u00e9.<br \/>\nC'est ainsi que na\u00eet l'ar\u00f4me \u00e2pre et unique de la sauce.<\/p>\n<p style=\"text-align: left;\"><strong><br \/>\nIngr\u00e9dients<\/strong><br \/>\nTomates, whisky, poivre de la jungle Voatsiperifery,<br \/>\nAceto Balsamico, oignons et ail.<\/p>\n<p style=\"text-align: left;\"><strong><br \/>\nUtilisation<\/strong><br \/>\nPour accompagner toutes les grillades.<\/p>\n<p style=\"text-align: left;\"><strong><br \/>\nContenu<\/strong><br \/>\n200 ml<\/p>\n<p style=\"text-align: left;\" data-mce-fragment=\"1\"><strong data-mce-fragment=\"1\"><br \/>\nValeurs nutritives<\/strong><\/p>\n<p style=\"text-align: left;\" data-mce-fragment=\"1\">Quantit\u00e9 pour 100 grammes<\/p>\n<ul data-mce-fragment=\"1\">\n<li style=\"text-align: left;\" data-mce-fragment=\"1\"><strong data-mce-fragment=\"1\">Calories<\/strong> 123 kcal<\/li>\n<li style=\"text-align: left;\" data-mce-fragment=\"1\"><strong data-mce-fragment=\"1\">Teneur en mati\u00e8res grasses <\/strong>&lt;0.5 g<\/li>\n<li style=\"text-align: left;\" data-mce-fragment=\"1\"><strong data-mce-fragment=\"1\">Acides gras satur\u00e9s<\/strong>\u00a0&lt;0.5 g<\/li>\n<li style=\"text-align: left;\" data-mce-fragment=\"1\"><strong data-mce-fragment=\"1\">Hydrates de carbone <\/strong>28 g<\/li>\n<li style=\"text-align: left;\" data-mce-fragment=\"1\"><strong data-mce-fragment=\"1\">Sucre <\/strong>28 g<\/li>\n<li style=\"text-align: left;\" data-mce-fragment=\"1\"><strong data-mce-fragment=\"1\">Fibres alimentaires <\/strong>0.8 g<strong data-mce-fragment=\"1\"><br \/>\n<\/strong><\/li>\n<li style=\"text-align: left;\" data-mce-fragment=\"1\"><strong data-mce-fragment=\"1\">Prot\u00e9ines <\/strong>1.7 g<\/li>\n<li style=\"text-align: left;\" data-mce-fragment=\"1\"><strong data-mce-fragment=\"1\">Sel <\/strong>0.20 g<\/li>\n<\/ul>","protected":false},"excerpt":{"rendered":"<p>Une sauce \u00e0 steak poivr\u00e9e avec beaucoup de whisky !<\/p>","protected":false},"featured_media":36502,"template":"","meta":[],"product_brand":[],"product_cat":[111,1002,910,1091,1207,999,1088,909,915,42,885,52,54],"product_tag":[1274,292],"woo-feed-brand":[],"class_list":{"0":"post-6247","1":"product","2":"type-product","3":"status-publish","4":"has-post-thumbnail","6":"product_cat-saucen","7":"product_cat-fuer-ihn","8":"product_cat-geschenkideen","9":"product_cat-hobbykoch","10":"product_cat-unter-25-chf","11":"product_cat-valentinstag","12":"product_cat-vatertag","13":"product_cat-weihnachten","14":"product_cat-wichteln","15":"product_cat-kueche","16":"product_cat-koestlichkeiten","17":"product_cat-geschenke","18":"product_cat-feinkost","19":"product_tag-pos","20":"product_tag-tsuri-group-gmbh","22":"first","23":"instock","24":"taxable","25":"shipping-taxable","26":"purchasable","27":"product-type-simple"},"_links":{"self":[{"href":"https:\/\/www.fleurop-home.ch\/fr-ch\/wp-json\/wp\/v2\/product\/6247","targetHints":{"allow":["GET"]}}],"collection":[{"href":"https:\/\/www.fleurop-home.ch\/fr-ch\/wp-json\/wp\/v2\/product"}],"about":[{"href":"https:\/\/www.fleurop-home.ch\/fr-ch\/wp-json\/wp\/v2\/types\/product"}],"wp:featuredmedia":[{"embeddable":true,"href":"https:\/\/www.fleurop-home.ch\/fr-ch\/wp-json\/wp\/v2\/media\/36502"}],"wp:attachment":[{"href":"https:\/\/www.fleurop-home.ch\/fr-ch\/wp-json\/wp\/v2\/media?parent=6247"}],"wp:term":[{"taxonomy":"product_brand","embeddable":true,"href":"https:\/\/www.fleurop-home.ch\/fr-ch\/wp-json\/wp\/v2\/product_brand?post=6247"},{"taxonomy":"product_cat","embeddable":true,"href":"https:\/\/www.fleurop-home.ch\/fr-ch\/wp-json\/wp\/v2\/product_cat?post=6247"},{"taxonomy":"product_tag","embeddable":true,"href":"https:\/\/www.fleurop-home.ch\/fr-ch\/wp-json\/wp\/v2\/product_tag?post=6247"},{"taxonomy":"woo-feed-brand","embeddable":true,"href":"https:\/\/www.fleurop-home.ch\/fr-ch\/wp-json\/wp\/v2\/woo-feed-brand?post=6247"}],"curies":[{"name":"wp","href":"https:\/\/api.w.org\/{rel}","templated":true}]}}