{"id":62332,"date":"2025-08-28T14:30:10","date_gmt":"2025-08-28T12:30:10","guid":{"rendered":"https:\/\/www.fleurop-home.ch\/de-ch\/?post_type=product&#038;p=62332"},"modified":"2026-01-05T11:06:21","modified_gmt":"2026-01-05T10:06:21","slug":"tissu-craquele-en-papier-decoupe","status":"publish","type":"product","link":"https:\/\/www.fleurop-home.ch\/fr-ch\/p\/knistertuch-scherenschnitt","title":{"rendered":"Lingette craquante d\u00e9coup\u00e9e"},"content":{"rendered":"<ul>\n<li>Super occupation pour les petits explorateurs \u00e0 partir d'environ 3 mois<\/li>\n<li>Cr\u00e9pite gr\u00e2ce \u00e0 un film sp\u00e9cial int\u00e9gr\u00e9 \u00e0 l'int\u00e9rieur<\/li>\n<li>Des pendentifs polyvalents et un anneau de pr\u00e9hension en bois non trait\u00e9<\/li>\n<li>Taille : environ 18 x 18 cm<\/li>\n<li>Tissu : 100 % coton (un c\u00f4t\u00e9 mousseline)<\/li>\n<li>Entretien : lavage en machine \u00e0 40 degr\u00e9s, essorage faible et filet \u00e0 linge recommand\u00e9<\/li>\n<\/ul>","protected":false},"excerpt":{"rendered":"<p>Le jouet pour tous les sens d\u00e8s 3 mois : saisir, \u00e9couter, jouer et mettre dans la bouche<\/p>","protected":false},"featured_media":62339,"template":"","meta":[],"product_brand":[],"product_cat":[60,1208,909,915,59,62],"product_tag":[335],"woo-feed-brand":[],"class_list":{"0":"post-62332","1":"product","2":"type-product","3":"status-publish","4":"has-post-thumbnail","6":"product_cat-kindertextilien","7":"product_cat-ueber-25-chf","8":"product_cat-weihnachten","9":"product_cat-wichteln","10":"product_cat-kids","11":"product_cat-spielzeug","12":"product_tag-das-tanzende-schneiderlein","14":"first","15":"instock","16":"taxable","17":"shipping-taxable","18":"purchasable","19":"product-type-simple"},"_links":{"self":[{"href":"https:\/\/www.fleurop-home.ch\/fr-ch\/wp-json\/wp\/v2\/product\/62332","targetHints":{"allow":["GET"]}}],"collection":[{"href":"https:\/\/www.fleurop-home.ch\/fr-ch\/wp-json\/wp\/v2\/product"}],"about":[{"href":"https:\/\/www.fleurop-home.ch\/fr-ch\/wp-json\/wp\/v2\/types\/product"}],"wp:featuredmedia":[{"embeddable":true,"href":"https:\/\/www.fleurop-home.ch\/fr-ch\/wp-json\/wp\/v2\/media\/62339"}],"wp:attachment":[{"href":"https:\/\/www.fleurop-home.ch\/fr-ch\/wp-json\/wp\/v2\/media?parent=62332"}],"wp:term":[{"taxonomy":"product_brand","embeddable":true,"href":"https:\/\/www.fleurop-home.ch\/fr-ch\/wp-json\/wp\/v2\/product_brand?post=62332"},{"taxonomy":"product_cat","embeddable":true,"href":"https:\/\/www.fleurop-home.ch\/fr-ch\/wp-json\/wp\/v2\/product_cat?post=62332"},{"taxonomy":"product_tag","embeddable":true,"href":"https:\/\/www.fleurop-home.ch\/fr-ch\/wp-json\/wp\/v2\/product_tag?post=62332"},{"taxonomy":"woo-feed-brand","embeddable":true,"href":"https:\/\/www.fleurop-home.ch\/fr-ch\/wp-json\/wp\/v2\/woo-feed-brand?post=62332"}],"curies":[{"name":"wp","href":"https:\/\/api.w.org\/{rel}","templated":true}]}}