{"id":62331,"date":"2025-08-28T14:27:35","date_gmt":"2025-08-28T12:27:35","guid":{"rendered":"https:\/\/www.fleurop-home.ch\/de-ch\/?post_type=product&#038;p=62331"},"modified":"2026-04-01T13:37:57","modified_gmt":"2026-04-01T11:37:57","slug":"gottlieber-set-cadeau-rose-prosecco-2","status":"publish","type":"product","link":"https:\/\/www.fleurop-home.ch\/fr-ch\/p\/gottlieber-geschenkset-rose-prosecco-2","title":{"rendered":"Coffret cadeau Gottlieber \"Ros\u00e9 Prosecco"},"content":{"rendered":"<p>Pour des moments de plaisir p\u00e9tillants ! Le Spumante Ros\u00e9 Brut Millesimato DOC 2024 aux notes fruit\u00e9es, qui se marie id\u00e9alement avec nos b\u00fbches Noix de Coco exotiques et fra\u00eeches de l'\u00e9dition royale. Deux produits de qualit\u00e9 qui ne pourraient pas mieux se compl\u00e9ter.<\/p>\n<p>Cette hanche est un d\u00e9lice exotique qui, avec son fourrage cr\u00e9meux \u00e0 la noix de coco, donne l'impression d'\u00eatre aux Cara\u00efbes. Les trois composants que sont la cr\u00e8me de coco bio, l'huile de coco bio et le lait en poudre \u00e0 la noix de coco conf\u00e8rent \u00e0 cette vari\u00e9t\u00e9 le go\u00fbt de la noix de coco qui transporte dans des mondes lointains. Roul\u00e9e et fourr\u00e9e individuellement, chaque cabane est un petit chef-d'\u0153uvre \u00e0 savourer.<\/p>\n<p>Le Ponte Prosecco Spumante Ros\u00e9 Brut Millesimato DOC 2024 de Tr\u00e9vise convainc par sa couleur rose \u00e9l\u00e9gante et sa structure \u00e0 fines bulles. Des notes fruit\u00e9es de pommes rouges, de fraises et de framboises s'associent \u00e0 des agrumes frais et \u00e0 un soup\u00e7on de p\u00eache pour cr\u00e9er une exp\u00e9rience gustative harmonieuse. Un peu plus sec que le Prosecco Treviso classique, c'est l'allrounder id\u00e9al pour les occasions festives et les moments de plaisir.<\/p>\n<p style=\"text-align: left;\"><strong>Garniture de bricelets<\/strong><br \/>\nNoix de Coco<\/p>\n<p style=\"text-align: left;\"><strong>Contenu<\/strong><br \/>\n8 bouch\u00e9es, 120 g<br \/>\n1 bouteille de Ponte Prosecco Spumante Ros\u00e9 Brut Millesimato DOC, 11%, 75 cl<\/p>\n<p style=\"text-align: left;\"><strong>Masse<\/strong><br \/>\n365 x 380 x 98 mm<\/p>\n<p style=\"text-align: left;\"><a href=\"https:\/\/www.gottlieber.ch\/de\/online-shop\/naehrwertinformationen\" target=\"_blank\" rel=\"noopener\"> Informations nutritionnelles et conseils pour les personnes allergiques<\/a><\/p>","protected":false},"excerpt":{"rendered":"<p>Ponte Prosecco Spumante Ros\u00e9 avec des b\u00fbches Noix de Coco<\/p>","protected":false},"featured_media":62333,"template":"","meta":[],"product_brand":[],"product_cat":[53,1023,797,909,916,42,115,114,885,52,1225],"product_tag":[147,286],"woo-feed-brand":[],"class_list":{"0":"post-62331","1":"product","2":"type-product","3":"status-publish","4":"has-post-thumbnail","6":"product_cat-geschenksets","7":"product_cat-fuer-mama","8":"product_cat-muttertag","9":"product_cat-weihnachten","10":"product_cat-praesente","11":"product_cat-kueche","12":"product_cat-spirituosen","13":"product_cat-schokolade-sweets","14":"product_cat-koestlichkeiten","15":"product_cat-geschenke","16":"product_cat-genuss","17":"product_tag-alkohol","18":"product_tag-gottlieber-spezialitaten-ag","20":"first","21":"instock","22":"taxable","23":"shipping-taxable","24":"purchasable","25":"product-type-simple"},"_links":{"self":[{"href":"https:\/\/www.fleurop-home.ch\/fr-ch\/wp-json\/wp\/v2\/product\/62331","targetHints":{"allow":["GET"]}}],"collection":[{"href":"https:\/\/www.fleurop-home.ch\/fr-ch\/wp-json\/wp\/v2\/product"}],"about":[{"href":"https:\/\/www.fleurop-home.ch\/fr-ch\/wp-json\/wp\/v2\/types\/product"}],"wp:featuredmedia":[{"embeddable":true,"href":"https:\/\/www.fleurop-home.ch\/fr-ch\/wp-json\/wp\/v2\/media\/62333"}],"wp:attachment":[{"href":"https:\/\/www.fleurop-home.ch\/fr-ch\/wp-json\/wp\/v2\/media?parent=62331"}],"wp:term":[{"taxonomy":"product_brand","embeddable":true,"href":"https:\/\/www.fleurop-home.ch\/fr-ch\/wp-json\/wp\/v2\/product_brand?post=62331"},{"taxonomy":"product_cat","embeddable":true,"href":"https:\/\/www.fleurop-home.ch\/fr-ch\/wp-json\/wp\/v2\/product_cat?post=62331"},{"taxonomy":"product_tag","embeddable":true,"href":"https:\/\/www.fleurop-home.ch\/fr-ch\/wp-json\/wp\/v2\/product_tag?post=62331"},{"taxonomy":"woo-feed-brand","embeddable":true,"href":"https:\/\/www.fleurop-home.ch\/fr-ch\/wp-json\/wp\/v2\/woo-feed-brand?post=62331"}],"curies":[{"name":"wp","href":"https:\/\/api.w.org\/{rel}","templated":true}]}}