{"id":6204,"date":"2020-02-04T10:55:22","date_gmt":"2020-02-04T10:55:22","guid":{"rendered":"https:\/\/www.fleurop-home.ch\/?product=edle-rosenbox-von-herzen-in-rot-mit-17-roten-echten-stabilisierten-rosen-o-ca-24-cm"},"modified":"2026-03-31T07:53:32","modified_gmt":"2026-03-31T05:53:32","slug":"boite-a-roses-17-roses-rouges-de-coeur-o-24-cm-stabilisees","status":"publish","type":"product","link":"https:\/\/www.fleurop-home.ch\/fr-ch\/p\/rosenbox-17-rote-rosen-von-herzen-o-24-cm-stabilisiert","title":{"rendered":"Bo\u00eete \u00e0 roses 17 roses rouges \u00abDe tout c\u0153ur\u00bb \u00d8 24 cm - stabilis\u00e9"},"content":{"rendered":"<p><span style=\"font-size: 11pt;\"><strong>Bo\u00eete \u00e0 roses avec motif de c\u0153ur - ronde, en rouge , avec 17 roses rouges, v\u00e9ritables, stabilis\u00e9es \u00d8 environ 24 cm<\/strong><\/span><\/p>\n<p>Magnifique bo\u00eete \u00e0 roses ronde en rouge, avec de vraies roses rouges stabilis\u00e9es (conserv\u00e9es) par une m\u00e9thode sp\u00e9ciale.<\/p>\n<p>L'\u00e9l\u00e9gante Flower-Box ronde en rouge est d\u00e9cor\u00e9e d'un ruban rouge et convient comme cadeau d'amour en toute occasion, que ce soit pour un mariage, la Saint-Valentin, la f\u00eate des m\u00e8res ou \"juste comme \u00e7a\". La bo\u00eete de roses a \u00e9t\u00e9 con\u00e7ue \u00e0 la main et avec beaucoup d'amour par notre \u00e9quipe de fleuristes. Elle convient \u00e9galement comme bijou durable et accessoire d'int\u00e9rieur.<\/p>\n<p>D\u00e9tails : 17 roses, \u00d8 environ 24 cm, H environ 12 cm, dur\u00e9e de vie d'environ 2 \u00e0 3 ans.<\/p>\n<p><em><strong>Merci de suivre nos conseils d'entretien :<\/strong> <\/em><\/p>\n<p>Nos roses stabilis\u00e9es n'ont besoin ni de soins ni d'eau. Elles fleurissent pendant des ann\u00e9es, tout simplement. C'est \u00e0 temp\u00e9rature ambiante et dans des endroits ombrag\u00e9s que nos bouquets de roses stabilis\u00e9es durent le plus longtemps.<\/p>\n<p><em>Les roses peuvent perdre leur forme et leur couleur si tu les laisses : <\/em><\/p>\n<p>arrose (n'arrose surtout pas), manipule souvent ou grossi\u00e8rement (enl\u00e8ve la poussi\u00e8re avec un pinceau doux), expose \u00e0 une humidit\u00e9 trop \u00e9lev\u00e9e ou \u00e0 la lumi\u00e8re directe du soleil.<\/p>","protected":false},"excerpt":{"rendered":"<p>Magnifique bo\u00eete \u00e0 roses ronde et raffin\u00e9e, d\u00e9cor\u00e9e d'un motif de c\u0153ur et d'un ruban rouge assorti<\/p>","protected":false},"featured_media":6205,"template":"","meta":[],"product_brand":[],"product_cat":[102,23,1003,999,26],"product_tag":[290],"woo-feed-brand":[],"class_list":{"0":"post-6204","1":"product","2":"type-product","3":"status-publish","4":"has-post-thumbnail","6":"product_cat-infinity-rosen","7":"product_cat-home-living","8":"product_cat-fuer-sie","9":"product_cat-valentinstag","10":"product_cat-blumen-pflanzen","11":"product_tag-atelier-leutwyler","13":"first","14":"instock","15":"taxable","16":"shipping-taxable","17":"purchasable","18":"product-type-simple"},"_links":{"self":[{"href":"https:\/\/www.fleurop-home.ch\/fr-ch\/wp-json\/wp\/v2\/product\/6204","targetHints":{"allow":["GET"]}}],"collection":[{"href":"https:\/\/www.fleurop-home.ch\/fr-ch\/wp-json\/wp\/v2\/product"}],"about":[{"href":"https:\/\/www.fleurop-home.ch\/fr-ch\/wp-json\/wp\/v2\/types\/product"}],"wp:featuredmedia":[{"embeddable":true,"href":"https:\/\/www.fleurop-home.ch\/fr-ch\/wp-json\/wp\/v2\/media\/6205"}],"wp:attachment":[{"href":"https:\/\/www.fleurop-home.ch\/fr-ch\/wp-json\/wp\/v2\/media?parent=6204"}],"wp:term":[{"taxonomy":"product_brand","embeddable":true,"href":"https:\/\/www.fleurop-home.ch\/fr-ch\/wp-json\/wp\/v2\/product_brand?post=6204"},{"taxonomy":"product_cat","embeddable":true,"href":"https:\/\/www.fleurop-home.ch\/fr-ch\/wp-json\/wp\/v2\/product_cat?post=6204"},{"taxonomy":"product_tag","embeddable":true,"href":"https:\/\/www.fleurop-home.ch\/fr-ch\/wp-json\/wp\/v2\/product_tag?post=6204"},{"taxonomy":"woo-feed-brand","embeddable":true,"href":"https:\/\/www.fleurop-home.ch\/fr-ch\/wp-json\/wp\/v2\/woo-feed-brand?post=6204"}],"curies":[{"name":"wp","href":"https:\/\/api.w.org\/{rel}","templated":true}]}}