{"id":61741,"date":"2025-08-18T09:31:51","date_gmt":"2025-08-18T07:31:51","guid":{"rendered":"https:\/\/www.fleurop-home.ch\/de-ch\/?post_type=product&#038;p=61741"},"modified":"2026-02-25T16:30:52","modified_gmt":"2026-02-25T15:30:52","slug":"oceanglas-schnousiglas-580ml","status":"publish","type":"product","link":"https:\/\/www.fleurop-home.ch\/fr-ch\/p\/oceanglas-schnousiglas-580ml","title":{"rendered":"Oceanglas bleu \u00abSchnousiglas\u00bb, 580ml"},"content":{"rendered":"<p>Le sentiment de la mer \u00e0 la maison - parfait comme id\u00e9e de cadeau ou comme d\u00e9coration.<br \/>\nLe design d'Ocean est compos\u00e9 de r\u00e9sine \u00e9poxy et est con\u00e7u \u00e0 la main. Le verre est adapt\u00e9 aux aliments et convainc par sa qualit\u00e9 sup\u00e9rieure.<\/p>","protected":false},"excerpt":{"rendered":"<p>Chaque pi\u00e8ce est unique et faite \u00e0 la main, inspir\u00e9e par les vagues de la mer. Les couleurs et les motifs peuvent varier, rendant chaque pot tr\u00e8s sp\u00e9cial. Id\u00e9al pour les biscuits, les noix et autres petites choses. Capacit\u00e9 de remplissage 580ml<\/p>","protected":false},"featured_media":75077,"template":"","meta":[],"product_brand":[],"product_cat":[32,23,42,44,52,53,1248],"product_tag":[1147],"woo-feed-brand":[],"class_list":{"0":"post-61741","1":"product","2":"type-product","3":"status-publish","4":"has-post-thumbnail","6":"product_cat-aufbewahrung","7":"product_cat-home-living","8":"product_cat-kueche","9":"product_cat-kuechenhelfer","10":"product_cat-geschenke","11":"product_cat-geschenksets","12":"product_cat-kleinigkeiten","13":"product_tag-handmade-by-selina","15":"first","16":"instock","17":"taxable","18":"shipping-taxable","19":"purchasable","20":"product-type-simple"},"_links":{"self":[{"href":"https:\/\/www.fleurop-home.ch\/fr-ch\/wp-json\/wp\/v2\/product\/61741","targetHints":{"allow":["GET"]}}],"collection":[{"href":"https:\/\/www.fleurop-home.ch\/fr-ch\/wp-json\/wp\/v2\/product"}],"about":[{"href":"https:\/\/www.fleurop-home.ch\/fr-ch\/wp-json\/wp\/v2\/types\/product"}],"wp:featuredmedia":[{"embeddable":true,"href":"https:\/\/www.fleurop-home.ch\/fr-ch\/wp-json\/wp\/v2\/media\/75077"}],"wp:attachment":[{"href":"https:\/\/www.fleurop-home.ch\/fr-ch\/wp-json\/wp\/v2\/media?parent=61741"}],"wp:term":[{"taxonomy":"product_brand","embeddable":true,"href":"https:\/\/www.fleurop-home.ch\/fr-ch\/wp-json\/wp\/v2\/product_brand?post=61741"},{"taxonomy":"product_cat","embeddable":true,"href":"https:\/\/www.fleurop-home.ch\/fr-ch\/wp-json\/wp\/v2\/product_cat?post=61741"},{"taxonomy":"product_tag","embeddable":true,"href":"https:\/\/www.fleurop-home.ch\/fr-ch\/wp-json\/wp\/v2\/product_tag?post=61741"},{"taxonomy":"woo-feed-brand","embeddable":true,"href":"https:\/\/www.fleurop-home.ch\/fr-ch\/wp-json\/wp\/v2\/woo-feed-brand?post=61741"}],"curies":[{"name":"wp","href":"https:\/\/api.w.org\/{rel}","templated":true}]}}