{"id":61236,"date":"2025-08-07T14:55:34","date_gmt":"2025-08-07T12:55:34","guid":{"rendered":"https:\/\/www.fleurop-home.ch\/fr-ch"},"modified":"2026-02-24T13:20:57","modified_gmt":"2026-02-24T12:20:57","slug":"stick-magic","status":"publish","type":"product","link":"https:\/\/www.fleurop-home.ch\/fr-ch\/p\/gesteck-juste-magic","title":{"rendered":"Arrangement \"Juste magique"},"content":{"rendered":"<p>Belle composition de roses saumon stabilis\u00e9es, accompagn\u00e9es de fleurs s\u00e9ch\u00e9es et de plantes stabilis\u00e9es, 100 % naturelles et pouvant se conserver plusieurs ann\u00e9es sans entretien.<\/p>","protected":false},"excerpt":{"rendered":"<p>Arrangement de roses stabilis\u00e9es de couleur rose saumon et de fleurs s\u00e9ch\u00e9es. Le r\u00e9cipient et les fleurs s\u00e9ch\u00e9es peuvent diff\u00e9rer de la photo.<\/p>","protected":false},"featured_media":61239,"template":"","meta":[],"product_brand":[],"product_cat":[102,23,26,1247],"product_tag":[1135],"woo-feed-brand":[],"class_list":{"0":"post-61236","1":"product","2":"type-product","3":"status-publish","4":"has-post-thumbnail","6":"product_cat-infinity-rosen","7":"product_cat-home-living","8":"product_cat-blumen-pflanzen","9":"product_cat-sale","10":"product_tag-mon-reve-fleuri","12":"first","13":"instock","14":"sale","15":"taxable","16":"shipping-taxable","17":"purchasable","18":"product-type-simple"},"_links":{"self":[{"href":"https:\/\/www.fleurop-home.ch\/fr-ch\/wp-json\/wp\/v2\/product\/61236","targetHints":{"allow":["GET"]}}],"collection":[{"href":"https:\/\/www.fleurop-home.ch\/fr-ch\/wp-json\/wp\/v2\/product"}],"about":[{"href":"https:\/\/www.fleurop-home.ch\/fr-ch\/wp-json\/wp\/v2\/types\/product"}],"wp:featuredmedia":[{"embeddable":true,"href":"https:\/\/www.fleurop-home.ch\/fr-ch\/wp-json\/wp\/v2\/media\/61239"}],"wp:attachment":[{"href":"https:\/\/www.fleurop-home.ch\/fr-ch\/wp-json\/wp\/v2\/media?parent=61236"}],"wp:term":[{"taxonomy":"product_brand","embeddable":true,"href":"https:\/\/www.fleurop-home.ch\/fr-ch\/wp-json\/wp\/v2\/product_brand?post=61236"},{"taxonomy":"product_cat","embeddable":true,"href":"https:\/\/www.fleurop-home.ch\/fr-ch\/wp-json\/wp\/v2\/product_cat?post=61236"},{"taxonomy":"product_tag","embeddable":true,"href":"https:\/\/www.fleurop-home.ch\/fr-ch\/wp-json\/wp\/v2\/product_tag?post=61236"},{"taxonomy":"woo-feed-brand","embeddable":true,"href":"https:\/\/www.fleurop-home.ch\/fr-ch\/wp-json\/wp\/v2\/woo-feed-brand?post=61236"}],"curies":[{"name":"wp","href":"https:\/\/api.w.org\/{rel}","templated":true}]}}