{"id":60979,"date":"2025-08-27T11:56:29","date_gmt":"2025-08-27T09:56:29","guid":{"rendered":"https:\/\/www.fleurop-home.ch\/?post_type=product&#038;p=60979"},"modified":"2025-12-22T12:55:35","modified_gmt":"2025-12-22T11:55:35","slug":"1001-organic-gluewine-mixture-24g","status":"publish","type":"product","link":"https:\/\/www.fleurop-home.ch\/fr-ch\/p\/1001-organic-gluehwein-mischung-24g","title":{"rendered":"1001 MELANGE ORGANIQUE DE VIN DE BLANC, 24g"},"content":{"rendered":"<p><strong>D\u00e9gustation<\/strong><br \/>\nchaud, \u00e9pic\u00e9, cannelle, anis \u00e9toil\u00e9<\/p>\n<p><strong>S'adapte \u00e0<\/strong><br \/>\nVin (1 bo\u00eete pour 1,5l), cidre, sirop<\/p>\n<p><strong>Ingr\u00e9dients<\/strong><br \/>\ncardamome, cannelle, anis \u00e9toil\u00e9, hibiscus, clous de girofle<\/p>\n<p><strong>Origine<br \/>\n<\/strong>Tanzanie - Cette \u00e9pice n'est pas certifi\u00e9e bio, mais elle est naturelle et provient directement de petits agriculteurs de for\u00eats mixtes riches en esp\u00e8ces.<\/p>\n<p><strong>Aspect social<br \/>\n<\/strong>1001 Organic investit dans l'infrastructure n\u00e9cessaire ainsi que dans les communaut\u00e9s paysannes et les aide \u00e0 se professionnaliser et \u00e0 se convertir \u00e0 l'agriculture biologique certifi\u00e9e. Gr\u00e2ce \u00e0 des formations r\u00e9guli\u00e8res et \u00e0 des paiements qui repr\u00e9sentent plusieurs fois le prix habituel des mati\u00e8res premi\u00e8res, nos paysans et leurs familles peuvent b\u00e9n\u00e9ficier d'un niveau de vie plus \u00e9lev\u00e9.<\/p>\n<p><strong>Recette de l'\u00e9pice<br \/>\n<\/strong>Gr\u00e2ce aux ar\u00f4mes intenses de notre m\u00e9lange de vin chaud, ton vin chaud sera particuli\u00e8rement \u00e9pic\u00e9. La cannelle, les clous de girofle et la cardamome apportent l'ambiance de No\u00ebl dans la tasse. <a href=\"https:\/\/www.fleurop-home.ch\/fr-ch\/vin-chaud-epice\/\" target=\"_blank\" rel=\"noopener\">Vers la recette<\/a><strong><br \/>\n<\/strong><\/p>","protected":false},"excerpt":{"rendered":"<p>Epice classique pour vin chaud inspir\u00e9e des contes des 1001 nuits<\/p>","protected":false},"featured_media":61223,"template":"","meta":[],"product_brand":[],"product_cat":[47,995,984,42,885],"product_tag":[949],"woo-feed-brand":[],"class_list":{"0":"post-60979","1":"product","2":"type-product","3":"status-publish","4":"has-post-thumbnail","6":"product_cat-kuechenaromen","7":"product_cat-essen-trinken","8":"product_cat-silvester","9":"product_cat-kueche","10":"product_cat-koestlichkeiten","11":"product_tag-1001-organic","13":"first","14":"instock","15":"sale","16":"featured","17":"taxable","18":"shipping-taxable","19":"purchasable","20":"product-type-simple"},"_links":{"self":[{"href":"https:\/\/www.fleurop-home.ch\/fr-ch\/wp-json\/wp\/v2\/product\/60979","targetHints":{"allow":["GET"]}}],"collection":[{"href":"https:\/\/www.fleurop-home.ch\/fr-ch\/wp-json\/wp\/v2\/product"}],"about":[{"href":"https:\/\/www.fleurop-home.ch\/fr-ch\/wp-json\/wp\/v2\/types\/product"}],"wp:featuredmedia":[{"embeddable":true,"href":"https:\/\/www.fleurop-home.ch\/fr-ch\/wp-json\/wp\/v2\/media\/61223"}],"wp:attachment":[{"href":"https:\/\/www.fleurop-home.ch\/fr-ch\/wp-json\/wp\/v2\/media?parent=60979"}],"wp:term":[{"taxonomy":"product_brand","embeddable":true,"href":"https:\/\/www.fleurop-home.ch\/fr-ch\/wp-json\/wp\/v2\/product_brand?post=60979"},{"taxonomy":"product_cat","embeddable":true,"href":"https:\/\/www.fleurop-home.ch\/fr-ch\/wp-json\/wp\/v2\/product_cat?post=60979"},{"taxonomy":"product_tag","embeddable":true,"href":"https:\/\/www.fleurop-home.ch\/fr-ch\/wp-json\/wp\/v2\/product_tag?post=60979"},{"taxonomy":"woo-feed-brand","embeddable":true,"href":"https:\/\/www.fleurop-home.ch\/fr-ch\/wp-json\/wp\/v2\/woo-feed-brand?post=60979"}],"curies":[{"name":"wp","href":"https:\/\/api.w.org\/{rel}","templated":true}]}}