{"id":60970,"date":"2025-08-27T11:56:29","date_gmt":"2025-08-27T09:56:29","guid":{"rendered":"https:\/\/www.fleurop-home.ch\/?post_type=product&#038;p=60970"},"modified":"2025-12-10T09:52:10","modified_gmt":"2025-12-10T08:52:10","slug":"1001-organic-birdseye-chili-flakes-30g","status":"publish","type":"product","link":"https:\/\/www.fleurop-home.ch\/fr-ch\/p\/1001-organic-birdseye-chili-flakes-30g","title":{"rendered":"1001 ORGANIC BIRDSEYE CHILI FLAKES, 30g"},"content":{"rendered":"<p><strong>Utilisation<br \/>\n<\/strong>Tu aimes le piquant ? Le piment Birdseye a beau \u00eatre petit, il en a dans le ventre ! Avec jusqu'\u00e0 100 000 points sur l'\u00e9chelle de Scoville, il fait concurrence aux petits piments tha\u00eflandais. Utilise-le pour tous les plats de saison, mais avec parcimonie. Gr\u00e2ce \u00e0 sa note fruit\u00e9e, il ne se contente pas de pimenter tes plats, il les compl\u00e8te.<strong><br \/>\n<\/strong><\/p>\n<p><strong>Avantages<br \/>\n<\/strong>Tous les piments contiennent de la capsa\u00efcine, qui est consid\u00e9r\u00e9e comme un puissant anti-inflammatoire. De plus, ils contiennent une s\u00e9rie de vitamines comme C, B6, A et du fer.<strong><br \/>\n<\/strong><\/p>\n<p><strong>Farmer<\/strong><br \/>\nJadi Othman est l'un des plus anciens agriculteurs, il cultive une grande vari\u00e9t\u00e9 d'\u00e9pices dans sa ferme.<\/p>\n<p><strong>Plante &amp; traitement<br \/>\n<\/strong>Le buisson de piment Birdseye est une plante vivace qui produit de petits fruits effil\u00e9s, souvent deux ou trois sur un m\u00eame n\u0153ud.<br \/>\nLes piments sont cueillis \u00e0 la main lorsqu'ils sont m\u00fbrs. Apr\u00e8s le tri, les piments sont soigneusement s\u00e9ch\u00e9s au soleil avant que les derni\u00e8res tiges ne soient retir\u00e9es sur la table de tri. Nos agriculteurs se trouvent principalement sur la partie continentale de la Tanzanie, dans la r\u00e9gion de Kigoma.<\/p>\n<p><strong>Aspect social<br \/>\n<\/strong>1001 Organic investit dans l'infrastructure n\u00e9cessaire ainsi que dans les communaut\u00e9s paysannes et les aide \u00e0 se professionnaliser et \u00e0 se convertir \u00e0 l'agriculture biologique certifi\u00e9e. Gr\u00e2ce \u00e0 des formations r\u00e9guli\u00e8res et \u00e0 des paiements qui repr\u00e9sentent plusieurs fois le prix habituel des mati\u00e8res premi\u00e8res, nos paysans et leurs familles peuvent b\u00e9n\u00e9ficier d'un niveau de vie plus \u00e9lev\u00e9.<\/p>","protected":false},"excerpt":{"rendered":"<p>Tu aimes le piquant ? Le piment Birdseye a beau \u00eatre petit, il en a sous le pied !<\/p>","protected":false},"featured_media":60972,"template":"","meta":[],"product_brand":[],"product_cat":[47,995,984,42,885],"product_tag":[949],"woo-feed-brand":[],"class_list":{"0":"post-60970","1":"product","2":"type-product","3":"status-publish","4":"has-post-thumbnail","6":"product_cat-kuechenaromen","7":"product_cat-essen-trinken","8":"product_cat-silvester","9":"product_cat-kueche","10":"product_cat-koestlichkeiten","11":"product_tag-1001-organic","13":"first","14":"instock","15":"taxable","16":"shipping-taxable","17":"purchasable","18":"product-type-simple"},"_links":{"self":[{"href":"https:\/\/www.fleurop-home.ch\/fr-ch\/wp-json\/wp\/v2\/product\/60970","targetHints":{"allow":["GET"]}}],"collection":[{"href":"https:\/\/www.fleurop-home.ch\/fr-ch\/wp-json\/wp\/v2\/product"}],"about":[{"href":"https:\/\/www.fleurop-home.ch\/fr-ch\/wp-json\/wp\/v2\/types\/product"}],"wp:featuredmedia":[{"embeddable":true,"href":"https:\/\/www.fleurop-home.ch\/fr-ch\/wp-json\/wp\/v2\/media\/60972"}],"wp:attachment":[{"href":"https:\/\/www.fleurop-home.ch\/fr-ch\/wp-json\/wp\/v2\/media?parent=60970"}],"wp:term":[{"taxonomy":"product_brand","embeddable":true,"href":"https:\/\/www.fleurop-home.ch\/fr-ch\/wp-json\/wp\/v2\/product_brand?post=60970"},{"taxonomy":"product_cat","embeddable":true,"href":"https:\/\/www.fleurop-home.ch\/fr-ch\/wp-json\/wp\/v2\/product_cat?post=60970"},{"taxonomy":"product_tag","embeddable":true,"href":"https:\/\/www.fleurop-home.ch\/fr-ch\/wp-json\/wp\/v2\/product_tag?post=60970"},{"taxonomy":"woo-feed-brand","embeddable":true,"href":"https:\/\/www.fleurop-home.ch\/fr-ch\/wp-json\/wp\/v2\/woo-feed-brand?post=60970"}],"curies":[{"name":"wp","href":"https:\/\/api.w.org\/{rel}","templated":true}]}}