{"id":60966,"date":"2025-08-27T11:56:29","date_gmt":"2025-08-27T09:56:29","guid":{"rendered":"https:\/\/www.fleurop-home.ch\/?post_type=product&#038;p=60966"},"modified":"2025-11-19T08:52:53","modified_gmt":"2025-11-19T07:52:53","slug":"1001-organic-pemba-vanille-en-poudre-25g","status":"publish","type":"product","link":"https:\/\/www.fleurop-home.ch\/fr-ch\/p\/1001-organic-pemba-vanille-pulver-25g","title":{"rendered":"1001 ORGANIC PEMBA VANILLE POUDRE, 25g"},"content":{"rendered":"<p><strong>D\u00e9gustation<br \/>\n<\/strong>Caramel, noisettes grill\u00e9es, tanins<\/p>\n<p><strong>S'adapte \u00e0<br \/>\n<\/strong>Les jours froids, la fatigue, le bien-\u00eatre ou le rhume<\/p>\n<p><strong>Farmer<\/strong><br \/>\nKhatib Said cultive ses vignes de vanille \u00e0 Mtambwe, Pemba. Il est connu dans la r\u00e9gion comme un sp\u00e9cialiste de la vanille, qui fabrique toutes sortes de produits \u00e0 base de vanille.<\/p>\n<p><strong>Plante &amp; traitement<\/strong><br \/>\nLa vanille pousse comme une vigne qui grimpe sur un arbre ou un poteau existant. Les substances aromatiques distinctives se trouvent dans le fruit, qui est produit par la pollinisation d'une fleur. Chaque fleur est pollinis\u00e9e individuellement \u00e0 la main. A l'int\u00e9rieur des gousses se trouve un liquide huileux rempli de minuscules graines.<br \/>\nPendant le s\u00e9chage des gousses, celles-ci sont s\u00e9ch\u00e9es et mass\u00e9es afin de perfectionner la forme et la texture de la f\u00e8ve. Ce processus demande beaucoup de temps et d'exp\u00e9rience pour obtenir un r\u00e9sultat optimal avec la plus haute teneur en vanilline.<\/p>\n<p><strong>Composition<br \/>\n<\/strong>100% Vanille<\/p>\n<p><strong>Aspect social<br \/>\n<\/strong>1001 Organic investit dans l'infrastructure n\u00e9cessaire ainsi que dans les communaut\u00e9s paysannes et les aide \u00e0 se professionnaliser et \u00e0 se convertir \u00e0 l'agriculture biologique certifi\u00e9e. Gr\u00e2ce \u00e0 des formations r\u00e9guli\u00e8res et \u00e0 des paiements qui repr\u00e9sentent plusieurs fois le prix habituel des mati\u00e8res premi\u00e8res, nos paysans et leurs familles peuvent b\u00e9n\u00e9ficier d'un niveau de vie plus \u00e9lev\u00e9.<\/p>","protected":false},"excerpt":{"rendered":"<p>Poudre de vanille raffin\u00e9e provenant des for\u00eats d'\u00e9pices tropicales de l'\u00eele de Pemba<\/p>","protected":false},"featured_media":60968,"template":"","meta":[],"product_brand":[],"product_cat":[47,42,885],"product_tag":[949],"woo-feed-brand":[],"class_list":{"0":"post-60966","1":"product","2":"type-product","3":"status-publish","4":"has-post-thumbnail","6":"product_cat-kuechenaromen","7":"product_cat-kueche","8":"product_cat-koestlichkeiten","9":"product_tag-1001-organic","11":"first","12":"instock","13":"taxable","14":"shipping-taxable","15":"purchasable","16":"product-type-simple"},"_links":{"self":[{"href":"https:\/\/www.fleurop-home.ch\/fr-ch\/wp-json\/wp\/v2\/product\/60966","targetHints":{"allow":["GET"]}}],"collection":[{"href":"https:\/\/www.fleurop-home.ch\/fr-ch\/wp-json\/wp\/v2\/product"}],"about":[{"href":"https:\/\/www.fleurop-home.ch\/fr-ch\/wp-json\/wp\/v2\/types\/product"}],"wp:featuredmedia":[{"embeddable":true,"href":"https:\/\/www.fleurop-home.ch\/fr-ch\/wp-json\/wp\/v2\/media\/60968"}],"wp:attachment":[{"href":"https:\/\/www.fleurop-home.ch\/fr-ch\/wp-json\/wp\/v2\/media?parent=60966"}],"wp:term":[{"taxonomy":"product_brand","embeddable":true,"href":"https:\/\/www.fleurop-home.ch\/fr-ch\/wp-json\/wp\/v2\/product_brand?post=60966"},{"taxonomy":"product_cat","embeddable":true,"href":"https:\/\/www.fleurop-home.ch\/fr-ch\/wp-json\/wp\/v2\/product_cat?post=60966"},{"taxonomy":"product_tag","embeddable":true,"href":"https:\/\/www.fleurop-home.ch\/fr-ch\/wp-json\/wp\/v2\/product_tag?post=60966"},{"taxonomy":"woo-feed-brand","embeddable":true,"href":"https:\/\/www.fleurop-home.ch\/fr-ch\/wp-json\/wp\/v2\/woo-feed-brand?post=60966"}],"curies":[{"name":"wp","href":"https:\/\/api.w.org\/{rel}","templated":true}]}}