{"id":60950,"date":"2025-08-27T11:56:30","date_gmt":"2025-08-27T09:56:30","guid":{"rendered":"https:\/\/www.fleurop-home.ch\/?post_type=product&#038;p=60950"},"modified":"2025-11-30T18:32:52","modified_gmt":"2025-11-30T17:32:52","slug":"1001-organic-curcuma-en-poudre-45g","status":"publish","type":"product","link":"https:\/\/www.fleurop-home.ch\/fr-ch\/p\/1001-organic-kurkuma-pulver-45g","title":{"rendered":"1001 ORGANIC KURKUMA POUDRE, 45g"},"content":{"rendered":"<p><strong>D\u00e9gustation<br \/>\n<\/strong>Gingembre, orange, fleur de jasmin, miel<\/p>\n<p><strong>S'adapte \u00e0<br \/>\n<\/strong>Currys, plats de pommes de terre, chutneys, sauces, p\u00e2tisseries<strong><br \/>\n<\/strong><\/p>\n<p><strong>Composition<\/strong><br \/>\nCurcuma<\/p>\n<p><strong>Aspect social<br \/>\n<\/strong>1001 Organic investit dans l'infrastructure n\u00e9cessaire ainsi que dans les communaut\u00e9s paysannes et les aide \u00e0 se professionnaliser et \u00e0 se convertir \u00e0 l'agriculture biologique certifi\u00e9e. Gr\u00e2ce \u00e0 des formations r\u00e9guli\u00e8res et \u00e0 des paiements qui repr\u00e9sentent plusieurs fois le prix habituel des mati\u00e8res premi\u00e8res, nos paysans et leurs familles peuvent b\u00e9n\u00e9ficier d'un niveau de vie plus \u00e9lev\u00e9.<\/p>\n<p><strong>Recette de l'\u00e9pice<br \/>\n<\/strong>Le curcuma ajoute une saveur intense \u00e0 la tendre viande de poulet, tandis que l'ail et les amandes apportent une texture et un ar\u00f4me d\u00e9licieux. <a href=\"https:\/\/www.fleurop-home.ch\/fr-ch\/poulet-au-curcuma-et-a-lail\/\">Vers la recette<\/a><\/p>","protected":false},"excerpt":{"rendered":"<p>Le curcuma de la r\u00e9gion c\u00f4ti\u00e8re cr\u00e9e des saveurs uniques et contient de la pr\u00e9cieuse curcumine.<\/p>","protected":false},"featured_media":60952,"template":"","meta":[],"product_brand":[],"product_cat":[47,42,885],"product_tag":[949],"woo-feed-brand":[],"class_list":{"0":"post-60950","1":"product","2":"type-product","3":"status-publish","4":"has-post-thumbnail","6":"product_cat-kuechenaromen","7":"product_cat-kueche","8":"product_cat-koestlichkeiten","9":"product_tag-1001-organic","11":"first","12":"instock","13":"taxable","14":"shipping-taxable","15":"purchasable","16":"product-type-simple"},"_links":{"self":[{"href":"https:\/\/www.fleurop-home.ch\/fr-ch\/wp-json\/wp\/v2\/product\/60950","targetHints":{"allow":["GET"]}}],"collection":[{"href":"https:\/\/www.fleurop-home.ch\/fr-ch\/wp-json\/wp\/v2\/product"}],"about":[{"href":"https:\/\/www.fleurop-home.ch\/fr-ch\/wp-json\/wp\/v2\/types\/product"}],"wp:featuredmedia":[{"embeddable":true,"href":"https:\/\/www.fleurop-home.ch\/fr-ch\/wp-json\/wp\/v2\/media\/60952"}],"wp:attachment":[{"href":"https:\/\/www.fleurop-home.ch\/fr-ch\/wp-json\/wp\/v2\/media?parent=60950"}],"wp:term":[{"taxonomy":"product_brand","embeddable":true,"href":"https:\/\/www.fleurop-home.ch\/fr-ch\/wp-json\/wp\/v2\/product_brand?post=60950"},{"taxonomy":"product_cat","embeddable":true,"href":"https:\/\/www.fleurop-home.ch\/fr-ch\/wp-json\/wp\/v2\/product_cat?post=60950"},{"taxonomy":"product_tag","embeddable":true,"href":"https:\/\/www.fleurop-home.ch\/fr-ch\/wp-json\/wp\/v2\/product_tag?post=60950"},{"taxonomy":"woo-feed-brand","embeddable":true,"href":"https:\/\/www.fleurop-home.ch\/fr-ch\/wp-json\/wp\/v2\/woo-feed-brand?post=60950"}],"curies":[{"name":"wp","href":"https:\/\/api.w.org\/{rel}","templated":true}]}}