{"id":60939,"date":"2025-08-27T11:56:31","date_gmt":"2025-08-27T09:56:31","guid":{"rendered":"https:\/\/www.fleurop-home.ch\/?post_type=product&#038;p=60939"},"modified":"2025-12-10T09:52:10","modified_gmt":"2025-12-10T08:52:10","slug":"1001-batons-de-cannelle-bio-20g","status":"publish","type":"product","link":"https:\/\/www.fleurop-home.ch\/fr-ch\/p\/1001-organic-zimt-stangen-20g","title":{"rendered":"1001 B\u00c2TONS DE CANNELLE ORGANIQUE, 20g"},"content":{"rendered":"<p><strong>D\u00e9gustation<br \/>\n<\/strong>Orange, sucre de canne, miel<\/p>\n<p><strong>S'adapte \u00e0<br \/>\n<\/strong>Sauce tomate, rago\u00fbt, vin chaud, caf\u00e9, p\u00e2tisseries, c\u00e9r\u00e9ales<\/p>\n<p><strong>Farmer<br \/>\n<\/strong>Shaabani Mmanga est l'un de nos fermiers les plus exp\u00e9riment\u00e9s et les plus connus. Il est tr\u00e8s respect\u00e9 par la communaut\u00e9 locale et est toujours pr\u00eat \u00e0 nous aider \u00e0 former d'autres fermiers.<\/p>\n<p><strong>Plante &amp; traitement<br \/>\n<\/strong>La cannelle est un arbre \u00e0 feuilles persistantes avec des feuilles ovales, une \u00e9corce \u00e9paisse et des fruits \u00e0 baies.<br \/>\nLes branches sont r\u00e9colt\u00e9es \u00e0 la main \u00e0 l'aide d'une machette. Apr\u00e8s la r\u00e9colte, la cannelle doit \u00eatre trait\u00e9e imm\u00e9diatement, tant que l'\u00e9corce est encore humide. Les branches coup\u00e9es sont trait\u00e9es en grattant l'\u00e9corce ext\u00e9rieure avant de s\u00e9parer la couche de cannelle du c\u0153ur du bois de la branche. Ensuite, soit nous pr\u00e9parons de petits copeaux, soit nous roulons l'\u00e9corce \u00e0 la main pour en faire de belles plumes. Nos fermiers sont principalement install\u00e9s sur les \u00eeles de Zanzibar et de Tanga.<\/p>\n<p><strong>Aspect social<br \/>\n<\/strong>1001 Organic investit dans l'infrastructure n\u00e9cessaire ainsi que dans les communaut\u00e9s paysannes et les aide \u00e0 se professionnaliser et \u00e0 se convertir \u00e0 l'agriculture biologique certifi\u00e9e. Gr\u00e2ce \u00e0 des formations r\u00e9guli\u00e8res et \u00e0 des paiements qui repr\u00e9sentent plusieurs fois le prix habituel des mati\u00e8res premi\u00e8res, nos paysans et leurs familles peuvent b\u00e9n\u00e9ficier d'un niveau de vie plus \u00e9lev\u00e9.<\/p>","protected":false},"excerpt":{"rendered":"<p>La vraie cannelle (cinnamomum verum) des for\u00eats tropicales des \u00eeles.<\/p>","protected":false},"featured_media":60943,"template":"","meta":[],"product_brand":[],"product_cat":[47,995,984,1207,909,915,42,885],"product_tag":[949],"woo-feed-brand":[],"class_list":{"0":"post-60939","1":"product","2":"type-product","3":"status-publish","4":"has-post-thumbnail","6":"product_cat-kuechenaromen","7":"product_cat-essen-trinken","8":"product_cat-silvester","9":"product_cat-unter-25-chf","10":"product_cat-weihnachten","11":"product_cat-wichteln","12":"product_cat-kueche","13":"product_cat-koestlichkeiten","14":"product_tag-1001-organic","16":"first","17":"instock","18":"taxable","19":"shipping-taxable","20":"purchasable","21":"product-type-simple"},"_links":{"self":[{"href":"https:\/\/www.fleurop-home.ch\/fr-ch\/wp-json\/wp\/v2\/product\/60939","targetHints":{"allow":["GET"]}}],"collection":[{"href":"https:\/\/www.fleurop-home.ch\/fr-ch\/wp-json\/wp\/v2\/product"}],"about":[{"href":"https:\/\/www.fleurop-home.ch\/fr-ch\/wp-json\/wp\/v2\/types\/product"}],"wp:featuredmedia":[{"embeddable":true,"href":"https:\/\/www.fleurop-home.ch\/fr-ch\/wp-json\/wp\/v2\/media\/60943"}],"wp:attachment":[{"href":"https:\/\/www.fleurop-home.ch\/fr-ch\/wp-json\/wp\/v2\/media?parent=60939"}],"wp:term":[{"taxonomy":"product_brand","embeddable":true,"href":"https:\/\/www.fleurop-home.ch\/fr-ch\/wp-json\/wp\/v2\/product_brand?post=60939"},{"taxonomy":"product_cat","embeddable":true,"href":"https:\/\/www.fleurop-home.ch\/fr-ch\/wp-json\/wp\/v2\/product_cat?post=60939"},{"taxonomy":"product_tag","embeddable":true,"href":"https:\/\/www.fleurop-home.ch\/fr-ch\/wp-json\/wp\/v2\/product_tag?post=60939"},{"taxonomy":"woo-feed-brand","embeddable":true,"href":"https:\/\/www.fleurop-home.ch\/fr-ch\/wp-json\/wp\/v2\/woo-feed-brand?post=60939"}],"curies":[{"name":"wp","href":"https:\/\/api.w.org\/{rel}","templated":true}]}}