{"id":60235,"date":"2025-07-30T08:26:44","date_gmt":"2025-07-30T06:26:44","guid":{"rendered":"https:\/\/www.fleurop-home.ch\/fr-ch"},"modified":"2026-02-24T13:21:00","modified_gmt":"2026-02-24T12:21:00","slug":"bouquet-de-3-roses-stabilisees-jaunes","status":"publish","type":"product","link":"https:\/\/www.fleurop-home.ch\/fr-ch\/p\/strauss-mit-3-stabilisierten-rosen-gelb","title":{"rendered":"Bouquet de 3 roses stabilis\u00e9es, jaune"},"content":{"rendered":"<p>Beau bouquet de roses jaunes 100 % naturelles et conserv\u00e9es pendant plusieurs ann\u00e9es, accompagn\u00e9es de fleurs s\u00e9ch\u00e9es conserv\u00e9es et de plantes vertes.<br \/>\nLes petites fleurs s\u00e9ch\u00e9es et les plantes vertes peuvent l\u00e9g\u00e8rement diff\u00e9rer de la photo.<\/p>","protected":false},"excerpt":{"rendered":"<p>Bouquet de 3 roses jaunes stabilis\u00e9es<\/p>","protected":false},"featured_media":60236,"template":"","meta":[],"product_brand":[],"product_cat":[102,23,26,1247],"product_tag":[1135],"woo-feed-brand":[],"class_list":{"0":"post-60235","1":"product","2":"type-product","3":"status-publish","4":"has-post-thumbnail","6":"product_cat-infinity-rosen","7":"product_cat-home-living","8":"product_cat-blumen-pflanzen","9":"product_cat-sale","10":"product_tag-mon-reve-fleuri","12":"first","13":"instock","14":"sale","15":"taxable","16":"shipping-taxable","17":"purchasable","18":"product-type-simple"},"_links":{"self":[{"href":"https:\/\/www.fleurop-home.ch\/fr-ch\/wp-json\/wp\/v2\/product\/60235","targetHints":{"allow":["GET"]}}],"collection":[{"href":"https:\/\/www.fleurop-home.ch\/fr-ch\/wp-json\/wp\/v2\/product"}],"about":[{"href":"https:\/\/www.fleurop-home.ch\/fr-ch\/wp-json\/wp\/v2\/types\/product"}],"wp:featuredmedia":[{"embeddable":true,"href":"https:\/\/www.fleurop-home.ch\/fr-ch\/wp-json\/wp\/v2\/media\/60236"}],"wp:attachment":[{"href":"https:\/\/www.fleurop-home.ch\/fr-ch\/wp-json\/wp\/v2\/media?parent=60235"}],"wp:term":[{"taxonomy":"product_brand","embeddable":true,"href":"https:\/\/www.fleurop-home.ch\/fr-ch\/wp-json\/wp\/v2\/product_brand?post=60235"},{"taxonomy":"product_cat","embeddable":true,"href":"https:\/\/www.fleurop-home.ch\/fr-ch\/wp-json\/wp\/v2\/product_cat?post=60235"},{"taxonomy":"product_tag","embeddable":true,"href":"https:\/\/www.fleurop-home.ch\/fr-ch\/wp-json\/wp\/v2\/product_tag?post=60235"},{"taxonomy":"woo-feed-brand","embeddable":true,"href":"https:\/\/www.fleurop-home.ch\/fr-ch\/wp-json\/wp\/v2\/woo-feed-brand?post=60235"}],"curies":[{"name":"wp","href":"https:\/\/api.w.org\/{rel}","templated":true}]}}