{"id":60184,"date":"2025-07-30T08:26:48","date_gmt":"2025-07-30T06:26:48","guid":{"rendered":"https:\/\/www.fleurop-home.ch\/fr-ch"},"modified":"2026-02-24T13:20:58","modified_gmt":"2026-02-24T12:20:58","slug":"bouquet-de-fleurs-avec-rose-stabilisee-champagne","status":"publish","type":"product","link":"https:\/\/www.fleurop-home.ch\/fr-ch\/p\/blumenstrauss-mit-stabilisierter-rose-champagner","title":{"rendered":"Bouquet de fleurs avec rose stabilis\u00e9e, champagne"},"content":{"rendered":"<p>Joli petit bouquet de fleurs s\u00e9ch\u00e9es, accompagn\u00e9 d'une rose 100 % naturelle de couleur champagne conserv\u00e9e, qui durera plusieurs ann\u00e9es.<br \/>\nLe bouquet peut l\u00e9g\u00e8rement diff\u00e9rer de la photo.<\/p>","protected":false},"excerpt":{"rendered":"<p>Bouquet de fleurs s\u00e9ch\u00e9es avec une rose conserv\u00e9e<\/p>","protected":false},"featured_media":60185,"template":"","meta":[],"product_brand":[],"product_cat":[23,102,26,1247],"product_tag":[1135],"woo-feed-brand":[],"class_list":{"0":"post-60184","1":"product","2":"type-product","3":"status-publish","4":"has-post-thumbnail","6":"product_cat-home-living","7":"product_cat-infinity-rosen","8":"product_cat-blumen-pflanzen","9":"product_cat-sale","10":"product_tag-mon-reve-fleuri","12":"first","13":"instock","14":"sale","15":"taxable","16":"shipping-taxable","17":"purchasable","18":"product-type-simple"},"_links":{"self":[{"href":"https:\/\/www.fleurop-home.ch\/fr-ch\/wp-json\/wp\/v2\/product\/60184","targetHints":{"allow":["GET"]}}],"collection":[{"href":"https:\/\/www.fleurop-home.ch\/fr-ch\/wp-json\/wp\/v2\/product"}],"about":[{"href":"https:\/\/www.fleurop-home.ch\/fr-ch\/wp-json\/wp\/v2\/types\/product"}],"wp:featuredmedia":[{"embeddable":true,"href":"https:\/\/www.fleurop-home.ch\/fr-ch\/wp-json\/wp\/v2\/media\/60185"}],"wp:attachment":[{"href":"https:\/\/www.fleurop-home.ch\/fr-ch\/wp-json\/wp\/v2\/media?parent=60184"}],"wp:term":[{"taxonomy":"product_brand","embeddable":true,"href":"https:\/\/www.fleurop-home.ch\/fr-ch\/wp-json\/wp\/v2\/product_brand?post=60184"},{"taxonomy":"product_cat","embeddable":true,"href":"https:\/\/www.fleurop-home.ch\/fr-ch\/wp-json\/wp\/v2\/product_cat?post=60184"},{"taxonomy":"product_tag","embeddable":true,"href":"https:\/\/www.fleurop-home.ch\/fr-ch\/wp-json\/wp\/v2\/product_tag?post=60184"},{"taxonomy":"woo-feed-brand","embeddable":true,"href":"https:\/\/www.fleurop-home.ch\/fr-ch\/wp-json\/wp\/v2\/woo-feed-brand?post=60184"}],"curies":[{"name":"wp","href":"https:\/\/api.w.org\/{rel}","templated":true}]}}