{"id":59839,"date":"2025-08-11T13:40:51","date_gmt":"2025-08-11T11:40:51","guid":{"rendered":"https:\/\/www.fleurop-home.ch\/de-ch\/p\/bewaesserungskegel-olla-gruen"},"modified":"2026-03-18T10:55:47","modified_gmt":"2026-03-18T09:55:47","slug":"cone-darrosage-olla-vert","status":"publish","type":"product","link":"https:\/\/www.fleurop-home.ch\/fr-ch\/p\/bewaesserungskegel-olla-gruen","title":{"rendered":"C\u00f4ne d'arrosage Olla Vert"},"content":{"rendered":"<p>Le c\u00f4ne d'arrosage Olla est compos\u00e9 de c\u00e9ramique microporeuse qui r\u00e9gule naturellement le flux d'eau en fonction des besoins de chaque plante, leur fournissant ainsi une humidit\u00e9 optimale. Il suffit de planter l'Olla dans la terre, de le remplir d'eau et de regarder les plantes pousser.<\/p>","protected":false},"excerpt":{"rendered":"<p>C\u00f4ne d'arrosage en c\u00e9ramique avec bouchon en li\u00e8ge<\/p>","protected":false},"featured_media":59838,"template":"","meta":[],"product_brand":[],"product_cat":[521,23],"product_tag":[1134],"woo-feed-brand":[],"class_list":{"0":"post-59839","1":"product","2":"type-product","3":"status-publish","4":"has-post-thumbnail","6":"product_cat-bewaesserung","7":"product_cat-home-living","8":"product_tag-changemaker","10":"first","11":"instock","12":"taxable","13":"shipping-taxable","14":"purchasable","15":"product-type-simple"},"_links":{"self":[{"href":"https:\/\/www.fleurop-home.ch\/fr-ch\/wp-json\/wp\/v2\/product\/59839","targetHints":{"allow":["GET"]}}],"collection":[{"href":"https:\/\/www.fleurop-home.ch\/fr-ch\/wp-json\/wp\/v2\/product"}],"about":[{"href":"https:\/\/www.fleurop-home.ch\/fr-ch\/wp-json\/wp\/v2\/types\/product"}],"wp:featuredmedia":[{"embeddable":true,"href":"https:\/\/www.fleurop-home.ch\/fr-ch\/wp-json\/wp\/v2\/media\/59838"}],"wp:attachment":[{"href":"https:\/\/www.fleurop-home.ch\/fr-ch\/wp-json\/wp\/v2\/media?parent=59839"}],"wp:term":[{"taxonomy":"product_brand","embeddable":true,"href":"https:\/\/www.fleurop-home.ch\/fr-ch\/wp-json\/wp\/v2\/product_brand?post=59839"},{"taxonomy":"product_cat","embeddable":true,"href":"https:\/\/www.fleurop-home.ch\/fr-ch\/wp-json\/wp\/v2\/product_cat?post=59839"},{"taxonomy":"product_tag","embeddable":true,"href":"https:\/\/www.fleurop-home.ch\/fr-ch\/wp-json\/wp\/v2\/product_tag?post=59839"},{"taxonomy":"woo-feed-brand","embeddable":true,"href":"https:\/\/www.fleurop-home.ch\/fr-ch\/wp-json\/wp\/v2\/woo-feed-brand?post=59839"}],"curies":[{"name":"wp","href":"https:\/\/api.w.org\/{rel}","templated":true}]}}