{"id":59830,"date":"2025-08-11T13:40:52","date_gmt":"2025-08-11T11:40:52","guid":{"rendered":"https:\/\/www.fleurop-home.ch\/de-ch\/p\/bewegungsmelder-heidibox-eiche"},"modified":"2025-10-22T09:24:13","modified_gmt":"2025-10-22T07:24:13","slug":"detecteur-de-mouvement-chene-heidibox","status":"publish","type":"product","link":"https:\/\/www.fleurop-home.ch\/fr-ch\/p\/bewegungsmelder-heidibox-eiche","title":{"rendered":"D\u00e9tecteur de mouvement Heidibox ch\u00eane"},"content":{"rendered":"<p>Avec la Heidibox, tu te sens comme si tu montais le matin vers un sommet alpin. Sur le chemin, tu \u00e9coutes la nature avec fascination et tu te sens libre. Le panorama rafra\u00eechissant des Alpes r\u00e9sonne pendant 190 secondes apr\u00e8s avoir pass\u00e9 le capteur de mouvement, assez de temps pour te donner de l'\u00e9nergie fra\u00eeche. Le syst\u00e8me de haut-parleurs Duo t'offre un maximum de son. Deux haut-parleurs lat\u00e9raux fournissent un son authentique de panorama de montagne : un haut-parleur joue l'atmosph\u00e8re de la montagne, l'autre met des accents alpins. L'\u00e9l\u00e9gante veinure du ch\u00eane conf\u00e8re \u00e0 cette Heidibox un aspect unique. Le bois charismatique provient de for\u00eats g\u00e9r\u00e9es durablement et est affin\u00e9 avec une grande attention aux d\u00e9tails dans la manufacture de bois de Thuringe. Chaque fa\u00e7ade obtient ainsi son look unique et chaque Heidibox devient une pi\u00e8ce unique.<\/p>","protected":false},"excerpt":{"rendered":"<p>D\u00e9tecteur de mouvement en plastique et en ch\u00eane<\/p>","protected":false},"featured_media":59829,"template":"","meta":[],"product_brand":[],"product_cat":[1190,23,30],"product_tag":[1134],"woo-feed-brand":[],"class_list":{"0":"post-59830","1":"product","2":"type-product","3":"status-publish","4":"has-post-thumbnail","6":"product_cat-dekoobjekte","7":"product_cat-home-living","8":"product_cat-deko-accessoires","9":"product_tag-changemaker","11":"first","12":"instock","13":"taxable","14":"shipping-taxable","15":"purchasable","16":"product-type-simple"},"_links":{"self":[{"href":"https:\/\/www.fleurop-home.ch\/fr-ch\/wp-json\/wp\/v2\/product\/59830","targetHints":{"allow":["GET"]}}],"collection":[{"href":"https:\/\/www.fleurop-home.ch\/fr-ch\/wp-json\/wp\/v2\/product"}],"about":[{"href":"https:\/\/www.fleurop-home.ch\/fr-ch\/wp-json\/wp\/v2\/types\/product"}],"wp:featuredmedia":[{"embeddable":true,"href":"https:\/\/www.fleurop-home.ch\/fr-ch\/wp-json\/wp\/v2\/media\/59829"}],"wp:attachment":[{"href":"https:\/\/www.fleurop-home.ch\/fr-ch\/wp-json\/wp\/v2\/media?parent=59830"}],"wp:term":[{"taxonomy":"product_brand","embeddable":true,"href":"https:\/\/www.fleurop-home.ch\/fr-ch\/wp-json\/wp\/v2\/product_brand?post=59830"},{"taxonomy":"product_cat","embeddable":true,"href":"https:\/\/www.fleurop-home.ch\/fr-ch\/wp-json\/wp\/v2\/product_cat?post=59830"},{"taxonomy":"product_tag","embeddable":true,"href":"https:\/\/www.fleurop-home.ch\/fr-ch\/wp-json\/wp\/v2\/product_tag?post=59830"},{"taxonomy":"woo-feed-brand","embeddable":true,"href":"https:\/\/www.fleurop-home.ch\/fr-ch\/wp-json\/wp\/v2\/woo-feed-brand?post=59830"}],"curies":[{"name":"wp","href":"https:\/\/api.w.org\/{rel}","templated":true}]}}