{"id":59826,"date":"2025-08-11T13:40:52","date_gmt":"2025-08-11T11:40:52","guid":{"rendered":"https:\/\/www.fleurop-home.ch\/de-ch\/p\/bewegungsmelder-wind-chimes-eiche"},"modified":"2025-10-22T09:24:05","modified_gmt":"2025-10-22T07:24:05","slug":"detecteur-de-mouvement-wind-chimes-chene","status":"publish","type":"product","link":"https:\/\/www.fleurop-home.ch\/fr-ch\/p\/bewegungsmelder-wind-chimes-eiche","title":{"rendered":"D\u00e9tecteur de mouvement Wind Chimes ch\u00eane"},"content":{"rendered":"<p>Le doux son du carillon apporte quelque chose de magique dans chaque pi\u00e8ce. Comme un rayon de soleil, le son nous r\u00e9jouit, discr\u00e8tement il valorise chaque ambiance et se combine particuli\u00e8rement bien avec d'autres bo\u00eetes. Les fa\u00e7ades design en ch\u00eane sont des pi\u00e8ces naturelles uniques, leur veinure fine est un point fort d'une beaut\u00e9 intemporelle. Tu actives ton bo\u00eetier satellite en passant, si aucune nouvelle impulsion ne suit, le son s'\u00e9teint au bout d'une minute. Entr\u00e9e, salle de bain, toilettes, cuisine, couloir, balcon ou bureau : tu peux placer ton bo\u00eetier satellite partout ou l'accrocher au mur. Gr\u00e2ce \u00e0 l'alimentation durable par batterie, tu peux profiter longtemps de ton son pr\u00e9f\u00e9r\u00e9.<\/p>","protected":false},"excerpt":{"rendered":"<p>D\u00e9tecteur de mouvement en plastique et en ch\u00eane<\/p>","protected":false},"featured_media":59825,"template":"","meta":[],"product_brand":[],"product_cat":[1190,23,30],"product_tag":[1134],"woo-feed-brand":[],"class_list":{"0":"post-59826","1":"product","2":"type-product","3":"status-publish","4":"has-post-thumbnail","6":"product_cat-dekoobjekte","7":"product_cat-home-living","8":"product_cat-deko-accessoires","9":"product_tag-changemaker","11":"first","12":"instock","13":"taxable","14":"shipping-taxable","15":"purchasable","16":"product-type-simple"},"_links":{"self":[{"href":"https:\/\/www.fleurop-home.ch\/fr-ch\/wp-json\/wp\/v2\/product\/59826","targetHints":{"allow":["GET"]}}],"collection":[{"href":"https:\/\/www.fleurop-home.ch\/fr-ch\/wp-json\/wp\/v2\/product"}],"about":[{"href":"https:\/\/www.fleurop-home.ch\/fr-ch\/wp-json\/wp\/v2\/types\/product"}],"wp:featuredmedia":[{"embeddable":true,"href":"https:\/\/www.fleurop-home.ch\/fr-ch\/wp-json\/wp\/v2\/media\/59825"}],"wp:attachment":[{"href":"https:\/\/www.fleurop-home.ch\/fr-ch\/wp-json\/wp\/v2\/media?parent=59826"}],"wp:term":[{"taxonomy":"product_brand","embeddable":true,"href":"https:\/\/www.fleurop-home.ch\/fr-ch\/wp-json\/wp\/v2\/product_brand?post=59826"},{"taxonomy":"product_cat","embeddable":true,"href":"https:\/\/www.fleurop-home.ch\/fr-ch\/wp-json\/wp\/v2\/product_cat?post=59826"},{"taxonomy":"product_tag","embeddable":true,"href":"https:\/\/www.fleurop-home.ch\/fr-ch\/wp-json\/wp\/v2\/product_tag?post=59826"},{"taxonomy":"woo-feed-brand","embeddable":true,"href":"https:\/\/www.fleurop-home.ch\/fr-ch\/wp-json\/wp\/v2\/woo-feed-brand?post=59826"}],"curies":[{"name":"wp","href":"https:\/\/api.w.org\/{rel}","templated":true}]}}