{"id":59823,"date":"2025-08-11T13:40:52","date_gmt":"2025-08-11T11:40:52","guid":{"rendered":"https:\/\/www.fleurop-home.ch\/de-ch\/p\/bewegungsmelder-birdybox-eiche-dunkel"},"modified":"2025-10-22T09:23:59","modified_gmt":"2025-10-22T07:23:59","slug":"detecteur-de-mouvement-birdybox-chene-fonce","status":"publish","type":"product","link":"https:\/\/www.fleurop-home.ch\/fr-ch\/p\/bewegungsmelder-birdybox-eiche-dunkel","title":{"rendered":"D\u00e9tecteur de mouvement BirdyBox ch\u00eane fonc\u00e9"},"content":{"rendered":"<p>La Birdybox nous offre une d\u00e9tente imm\u00e9diate dans n'importe quel endroit. Le concert d'oiseaux retentit pendant 20 secondes et assure une d\u00e9tente intuitive. Nous vivons un moment de fra\u00eecheur, de d\u00e9tente et de s\u00e9r\u00e9nit\u00e9 ; l'humeur monte et un sourire illumine notre visage. Pendant un court instant, elle nous transporte dans un monde sans stress ni pression temporelle. Nous respirons et retrouvons le calme, comme lors d'une promenade en for\u00eat. Gr\u00e2ce au bref gazouillis des oiseaux, la Birdybox est particuli\u00e8rement polyvalente. Que ce soit au bureau ou \u00e0 la maison, elle trouve sa place partout ! La Birdybox peut \u00eatre plac\u00e9e partout ou accroch\u00e9e au mur. Le d\u00e9tecteur de mouvement d\u00e9clenche le chant rafra\u00eechissant des oiseaux et s'arr\u00eate au bout de 20 secondes. Le volume peut \u00eatre r\u00e9gl\u00e9 selon les besoins individuels ou \u00eatre compl\u00e8tement d\u00e9sactiv\u00e9. La Birdybox se recharge avec une batterie \u00e9cologique via un c\u00e2ble USB. L'autonomie de la batterie est d'environ deux mois, selon l'utilisation. Le bo\u00eetier est enti\u00e8rement biod\u00e9gradable.<\/p>","protected":false},"excerpt":{"rendered":"<p>D\u00e9tecteur de mouvement en plastique et en ch\u00eane<\/p>","protected":false},"featured_media":59822,"template":"","meta":[],"product_brand":[],"product_cat":[1190,23,30],"product_tag":[1134],"woo-feed-brand":[],"class_list":{"0":"post-59823","1":"product","2":"type-product","3":"status-publish","4":"has-post-thumbnail","6":"product_cat-dekoobjekte","7":"product_cat-home-living","8":"product_cat-deko-accessoires","9":"product_tag-changemaker","11":"first","12":"instock","13":"taxable","14":"shipping-taxable","15":"purchasable","16":"product-type-simple"},"_links":{"self":[{"href":"https:\/\/www.fleurop-home.ch\/fr-ch\/wp-json\/wp\/v2\/product\/59823","targetHints":{"allow":["GET"]}}],"collection":[{"href":"https:\/\/www.fleurop-home.ch\/fr-ch\/wp-json\/wp\/v2\/product"}],"about":[{"href":"https:\/\/www.fleurop-home.ch\/fr-ch\/wp-json\/wp\/v2\/types\/product"}],"wp:featuredmedia":[{"embeddable":true,"href":"https:\/\/www.fleurop-home.ch\/fr-ch\/wp-json\/wp\/v2\/media\/59822"}],"wp:attachment":[{"href":"https:\/\/www.fleurop-home.ch\/fr-ch\/wp-json\/wp\/v2\/media?parent=59823"}],"wp:term":[{"taxonomy":"product_brand","embeddable":true,"href":"https:\/\/www.fleurop-home.ch\/fr-ch\/wp-json\/wp\/v2\/product_brand?post=59823"},{"taxonomy":"product_cat","embeddable":true,"href":"https:\/\/www.fleurop-home.ch\/fr-ch\/wp-json\/wp\/v2\/product_cat?post=59823"},{"taxonomy":"product_tag","embeddable":true,"href":"https:\/\/www.fleurop-home.ch\/fr-ch\/wp-json\/wp\/v2\/product_tag?post=59823"},{"taxonomy":"woo-feed-brand","embeddable":true,"href":"https:\/\/www.fleurop-home.ch\/fr-ch\/wp-json\/wp\/v2\/woo-feed-brand?post=59823"}],"curies":[{"name":"wp","href":"https:\/\/api.w.org\/{rel}","templated":true}]}}