{"id":59816,"date":"2025-08-11T13:40:53","date_gmt":"2025-08-11T11:40:53","guid":{"rendered":"https:\/\/www.fleurop-home.ch\/de-ch\/p\/bewegungsmelder-zwitscherbox-weiss"},"modified":"2025-10-22T09:23:45","modified_gmt":"2025-10-22T07:23:45","slug":"boite-a-gazouillis-a-detecteur-de-mouvement-blanche","status":"publish","type":"product","link":"https:\/\/www.fleurop-home.ch\/fr-ch\/p\/bewegungsmelder-zwitscherbox-weiss","title":{"rendered":"D\u00e9tecteur de mouvement bo\u00eete \u00e0 gazouillis blanc"},"content":{"rendered":"<p>La d\u00e9tente dans la bo\u00eete. Les sons naturels de la bo\u00eete \u00e0 gazouillis cr\u00e9ent un environnement sonore bienfaisant qui nous permet de nous d\u00e9tendre intuitivement. Que ce soit \u00e0 la maison ou au bureau, le joyeux gazouillis des oiseaux nous plonge bri\u00e8vement dans un monde sans stress ni pression temporelle. Nous respirons et nous nous calmons, comme lors d'une promenade en for\u00eat : nous entendons le chant rafra\u00eechissant des oiseaux, notre regard s'adoucit et notre respiration devient plus profonde. C'est sain pour l'esprit et le corps ! La bo\u00eete \u00e0 gazouillis peut \u00eatre plac\u00e9e n'importe o\u00f9 ou accroch\u00e9e au mur. Le gazouillis est activ\u00e9 par un d\u00e9tecteur de mouvement. Si aucune nouvelle impulsion ne vient, le son s'\u00e9teint \u00e0 nouveau apr\u00e8s environ deux minutes. La petite molette sur le c\u00f4t\u00e9 permet de r\u00e9gler le volume ou d'\u00e9teindre la bo\u00eete \u00e0 gazouillis. La bo\u00eete \u00e0 gazouillis fonctionne avec trois piles AA disponibles dans le commerce, qui peuvent \u00eatre remplac\u00e9es apr\u00e8s avoir d\u00e9viss\u00e9 la plaque arri\u00e8re.<\/p>","protected":false},"excerpt":{"rendered":"<p>D\u00e9tecteur de mouvement en plastique<\/p>","protected":false},"featured_media":59815,"template":"","meta":[],"product_brand":[],"product_cat":[1190,23,30],"product_tag":[1134],"woo-feed-brand":[],"class_list":{"0":"post-59816","1":"product","2":"type-product","3":"status-publish","4":"has-post-thumbnail","6":"product_cat-dekoobjekte","7":"product_cat-home-living","8":"product_cat-deko-accessoires","9":"product_tag-changemaker","11":"first","12":"instock","13":"taxable","14":"shipping-taxable","15":"purchasable","16":"product-type-simple"},"_links":{"self":[{"href":"https:\/\/www.fleurop-home.ch\/fr-ch\/wp-json\/wp\/v2\/product\/59816","targetHints":{"allow":["GET"]}}],"collection":[{"href":"https:\/\/www.fleurop-home.ch\/fr-ch\/wp-json\/wp\/v2\/product"}],"about":[{"href":"https:\/\/www.fleurop-home.ch\/fr-ch\/wp-json\/wp\/v2\/types\/product"}],"wp:featuredmedia":[{"embeddable":true,"href":"https:\/\/www.fleurop-home.ch\/fr-ch\/wp-json\/wp\/v2\/media\/59815"}],"wp:attachment":[{"href":"https:\/\/www.fleurop-home.ch\/fr-ch\/wp-json\/wp\/v2\/media?parent=59816"}],"wp:term":[{"taxonomy":"product_brand","embeddable":true,"href":"https:\/\/www.fleurop-home.ch\/fr-ch\/wp-json\/wp\/v2\/product_brand?post=59816"},{"taxonomy":"product_cat","embeddable":true,"href":"https:\/\/www.fleurop-home.ch\/fr-ch\/wp-json\/wp\/v2\/product_cat?post=59816"},{"taxonomy":"product_tag","embeddable":true,"href":"https:\/\/www.fleurop-home.ch\/fr-ch\/wp-json\/wp\/v2\/product_tag?post=59816"},{"taxonomy":"woo-feed-brand","embeddable":true,"href":"https:\/\/www.fleurop-home.ch\/fr-ch\/wp-json\/wp\/v2\/woo-feed-brand?post=59816"}],"curies":[{"name":"wp","href":"https:\/\/api.w.org\/{rel}","templated":true}]}}