{"id":59813,"date":"2025-08-11T13:40:53","date_gmt":"2025-08-11T11:40:53","guid":{"rendered":"https:\/\/www.fleurop-home.ch\/de-ch\/p\/solarleuchte-sonnenglas-mini-generation-6"},"modified":"2026-04-29T08:38:31","modified_gmt":"2026-04-29T06:38:31","slug":"lampe-solaire-verre-solaire-mini-generation-6","status":"publish","type":"product","link":"https:\/\/www.fleurop-home.ch\/fr-ch\/p\/solarleuchte-sonnenglas-mini-generation-6","title":{"rendered":"Lampe solaire verre solaire Mini g\u00e9n\u00e9ration 6"},"content":{"rendered":"<p>Les modules solaires SONNENGLAS\u00ae de la g\u00e9n\u00e9ration 6 ont \u00e9t\u00e9 d\u00e9velopp\u00e9s et con\u00e7us \u00e0 partir de z\u00e9ro. Les mini verres solaires poss\u00e8dent les m\u00eames fonctions que les verres solaires Classic. Ils sont jusqu'\u00e0 5 fois plus lumineux, peuvent \u00eatre r\u00e9gl\u00e9s en continu et \u00e9clairent environ 30% plus longtemps avec la m\u00eame luminosit\u00e9. Les modules solaires sont enti\u00e8rement fonctionnels m\u00eame sans lanterne en verre. Un \u00e9trier m\u00e9tallique cach\u00e9 int\u00e9gr\u00e9 au module solaire permet de suspendre et de placer le module de mani\u00e8re pratique lorsqu'il fonctionne sans lanterne en verre. Un anneau lumineux int\u00e9gr\u00e9 au panneau solaire indique en couleur l'\u00e9tat de charge de la batterie apr\u00e8s l'avoir \u00e9teinte. De plus, l'anneau lumineux indique lorsqu'il y a suffisamment de lumi\u00e8re solaire pour recharger la batterie par le soleil. D\u00e8s que l'environnement est suffisamment lumineux, la lampe s'\u00e9teint automatiquement. Un syst\u00e8me automatique jour\/nuit intelligent : le soir, le verre solaire s'allume tout seul et s'\u00e9teint automatiquement le matin quand il fait jour. Le port USB de type-C est compatible avec tous les chargeurs et c\u00e2bles USB-C standard. Les modules solaires de la g\u00e9n\u00e9ration 6 sont enti\u00e8rement r\u00e9trocompatibles avec tous les verres solaires vendus depuis 2013.<\/p>\n<p>Dur\u00e9e d'\u00e9clairage : jusqu'\u00e0 30 heures. Gr\u00e2ce au nouveau rev\u00eatement high-tech, elle est robuste et m\u00eame r\u00e9sistante \u00e0 l'eau.<\/p>","protected":false},"excerpt":{"rendered":"<p>Dur\u00e9e d'\u00e9clairage : jusqu'\u00e0 30 heures<\/p>","protected":false},"featured_media":59812,"template":"","meta":[],"product_brand":[],"product_cat":[23,108,28],"product_tag":[1134],"woo-feed-brand":[],"class_list":{"0":"post-59813","1":"product","2":"type-product","3":"status-publish","4":"has-post-thumbnail","6":"product_cat-home-living","7":"product_cat-lichterketten-laternen","8":"product_cat-kerzen-lichter","9":"product_tag-changemaker","11":"first","12":"instock","13":"taxable","14":"shipping-taxable","15":"purchasable","16":"product-type-simple"},"_links":{"self":[{"href":"https:\/\/www.fleurop-home.ch\/fr-ch\/wp-json\/wp\/v2\/product\/59813","targetHints":{"allow":["GET"]}}],"collection":[{"href":"https:\/\/www.fleurop-home.ch\/fr-ch\/wp-json\/wp\/v2\/product"}],"about":[{"href":"https:\/\/www.fleurop-home.ch\/fr-ch\/wp-json\/wp\/v2\/types\/product"}],"wp:featuredmedia":[{"embeddable":true,"href":"https:\/\/www.fleurop-home.ch\/fr-ch\/wp-json\/wp\/v2\/media\/59812"}],"wp:attachment":[{"href":"https:\/\/www.fleurop-home.ch\/fr-ch\/wp-json\/wp\/v2\/media?parent=59813"}],"wp:term":[{"taxonomy":"product_brand","embeddable":true,"href":"https:\/\/www.fleurop-home.ch\/fr-ch\/wp-json\/wp\/v2\/product_brand?post=59813"},{"taxonomy":"product_cat","embeddable":true,"href":"https:\/\/www.fleurop-home.ch\/fr-ch\/wp-json\/wp\/v2\/product_cat?post=59813"},{"taxonomy":"product_tag","embeddable":true,"href":"https:\/\/www.fleurop-home.ch\/fr-ch\/wp-json\/wp\/v2\/product_tag?post=59813"},{"taxonomy":"woo-feed-brand","embeddable":true,"href":"https:\/\/www.fleurop-home.ch\/fr-ch\/wp-json\/wp\/v2\/woo-feed-brand?post=59813"}],"curies":[{"name":"wp","href":"https:\/\/api.w.org\/{rel}","templated":true}]}}