{"id":59780,"date":"2025-08-11T13:40:56","date_gmt":"2025-08-11T11:40:56","guid":{"rendered":"https:\/\/www.fleurop-home.ch\/de-ch\/p\/universaltuch-rainbow"},"modified":"2026-04-29T08:41:39","modified_gmt":"2026-04-29T06:41:39","slug":"chiffon-universel-rainbow","status":"publish","type":"product","link":"https:\/\/www.fleurop-home.ch\/fr-ch\/p\/universaltuch-rainbow","title":{"rendered":"Chiffon universel Rainbow"},"content":{"rendered":"<p>Chiffon universel pratique, tiss\u00e9 \u00e0 la main, en coton bio. Les franges sont torsad\u00e9es une \u00e0 une \u00e0 la main. Notre producteur souhaite offrir aux tisseuses un moyen de subsistance durable. Beaucoup de femmes n'ont jamais tiss\u00e9 auparavant, c'est pourquoi on leur offre des formations. L\u00e0 o\u00f9 les femmes travaillaient comme \"tisseuses de l'ombre\" et compl\u00e9taient le travail des membres masculins de la famille, WomenWeave cr\u00e9e des possibilit\u00e9s pour elles d'avoir plus de contr\u00f4le sur leur travail, d'\u00eatre reconnues pour leur travail et d'am\u00e9liorer leurs comp\u00e9tences. La vision fondatrice est d'aider les femmes locales \u00e0 vivre mieux en s'assurant que le tissage manuel est pour elles une forme de subsistance rentable, durable, \u00e9panouissante et digne.<\/p>","protected":false},"excerpt":{"rendered":"<p>Chiffon universel en coton bio 100%<\/p>","protected":false},"featured_media":59779,"template":"","meta":[],"product_brand":[],"product_cat":[31,23],"product_tag":[1134],"woo-feed-brand":[],"class_list":{"0":"post-59780","1":"product","2":"type-product","3":"status-publish","4":"has-post-thumbnail","6":"product_cat-heimtextilien","7":"product_cat-home-living","8":"product_tag-changemaker","10":"first","11":"instock","12":"taxable","13":"shipping-taxable","14":"purchasable","15":"product-type-simple"},"_links":{"self":[{"href":"https:\/\/www.fleurop-home.ch\/fr-ch\/wp-json\/wp\/v2\/product\/59780","targetHints":{"allow":["GET"]}}],"collection":[{"href":"https:\/\/www.fleurop-home.ch\/fr-ch\/wp-json\/wp\/v2\/product"}],"about":[{"href":"https:\/\/www.fleurop-home.ch\/fr-ch\/wp-json\/wp\/v2\/types\/product"}],"wp:featuredmedia":[{"embeddable":true,"href":"https:\/\/www.fleurop-home.ch\/fr-ch\/wp-json\/wp\/v2\/media\/59779"}],"wp:attachment":[{"href":"https:\/\/www.fleurop-home.ch\/fr-ch\/wp-json\/wp\/v2\/media?parent=59780"}],"wp:term":[{"taxonomy":"product_brand","embeddable":true,"href":"https:\/\/www.fleurop-home.ch\/fr-ch\/wp-json\/wp\/v2\/product_brand?post=59780"},{"taxonomy":"product_cat","embeddable":true,"href":"https:\/\/www.fleurop-home.ch\/fr-ch\/wp-json\/wp\/v2\/product_cat?post=59780"},{"taxonomy":"product_tag","embeddable":true,"href":"https:\/\/www.fleurop-home.ch\/fr-ch\/wp-json\/wp\/v2\/product_tag?post=59780"},{"taxonomy":"woo-feed-brand","embeddable":true,"href":"https:\/\/www.fleurop-home.ch\/fr-ch\/wp-json\/wp\/v2\/woo-feed-brand?post=59780"}],"curies":[{"name":"wp","href":"https:\/\/api.w.org\/{rel}","templated":true}]}}