{"id":59776,"date":"2025-08-11T13:40:57","date_gmt":"2025-08-11T11:40:57","guid":{"rendered":"https:\/\/www.fleurop-home.ch\/de-ch\/p\/schlafmaske-leaves-blau"},"modified":"2026-04-29T08:43:40","modified_gmt":"2026-04-29T06:43:40","slug":"masque-de-sommeil-leaves-bleu","status":"publish","type":"product","link":"https:\/\/www.fleurop-home.ch\/fr-ch\/p\/schlafmaske-leaves-blau","title":{"rendered":"Masque de sommeil Leaves bleu"},"content":{"rendered":"<p>Le masque de sommeil peut \u00eatre utilis\u00e9 pour un sommeil r\u00e9parateur en prot\u00e9geant les yeux de la lumi\u00e8re artificielle ou naturelle. Il peut \u00eatre un soutien en cas de troubles du sommeil, en voyage, dans un spa ou en cas de maux de t\u00eate. Gr\u00e2ce au rembourrage, le masque de sommeil s'adapte en douceur au contour des yeux. L'\u00e9lastique s'adapte aux diff\u00e9rentes tailles. Pour le masque de sommeil, nous avons utilis\u00e9 des restes de productions pr\u00e9c\u00e9dentes avec notre design cr\u00e9\u00e9 en interne.<\/p>\n<p>Lavable \u00e0 30\u00b0. Ne pas s\u00e9cher au s\u00e8che-linge.<\/p>","protected":false},"excerpt":{"rendered":"<p>Masque de sommeil en coton bio 100%<\/p>","protected":false},"featured_media":59775,"template":"","meta":[],"product_brand":[],"product_cat":[31,23,48,1176],"product_tag":[1134],"woo-feed-brand":[],"class_list":{"0":"post-59776","1":"product","2":"type-product","3":"status-publish","4":"has-post-thumbnail","6":"product_cat-heimtextilien","7":"product_cat-home-living","8":"product_cat-bad-wellness","9":"product_cat-wohlbefinden","10":"product_tag-changemaker","12":"first","13":"instock","14":"taxable","15":"shipping-taxable","16":"purchasable","17":"product-type-simple"},"_links":{"self":[{"href":"https:\/\/www.fleurop-home.ch\/fr-ch\/wp-json\/wp\/v2\/product\/59776","targetHints":{"allow":["GET"]}}],"collection":[{"href":"https:\/\/www.fleurop-home.ch\/fr-ch\/wp-json\/wp\/v2\/product"}],"about":[{"href":"https:\/\/www.fleurop-home.ch\/fr-ch\/wp-json\/wp\/v2\/types\/product"}],"wp:featuredmedia":[{"embeddable":true,"href":"https:\/\/www.fleurop-home.ch\/fr-ch\/wp-json\/wp\/v2\/media\/59775"}],"wp:attachment":[{"href":"https:\/\/www.fleurop-home.ch\/fr-ch\/wp-json\/wp\/v2\/media?parent=59776"}],"wp:term":[{"taxonomy":"product_brand","embeddable":true,"href":"https:\/\/www.fleurop-home.ch\/fr-ch\/wp-json\/wp\/v2\/product_brand?post=59776"},{"taxonomy":"product_cat","embeddable":true,"href":"https:\/\/www.fleurop-home.ch\/fr-ch\/wp-json\/wp\/v2\/product_cat?post=59776"},{"taxonomy":"product_tag","embeddable":true,"href":"https:\/\/www.fleurop-home.ch\/fr-ch\/wp-json\/wp\/v2\/product_tag?post=59776"},{"taxonomy":"woo-feed-brand","embeddable":true,"href":"https:\/\/www.fleurop-home.ch\/fr-ch\/wp-json\/wp\/v2\/woo-feed-brand?post=59776"}],"curies":[{"name":"wp","href":"https:\/\/api.w.org\/{rel}","templated":true}]}}