{"id":59732,"date":"2025-08-11T13:41:01","date_gmt":"2025-08-11T11:41:01","guid":{"rendered":"https:\/\/www.fleurop-home.ch\/de-ch\/p\/schale-akazie-s"},"modified":"2025-10-16T16:01:03","modified_gmt":"2025-10-16T14:01:03","slug":"bol-acacia-s","status":"publish","type":"product","link":"https:\/\/www.fleurop-home.ch\/fr-ch\/p\/schale-akazie-s","title":{"rendered":"Bol acacia S"},"content":{"rendered":"<p>Le bol de la propre collection de Changemaker est fabriqu\u00e9 \u00e0 la main en Inde par Noah's Ark. L'entreprise est certifi\u00e9e WFTO (World Fair Trade Organization) et s'engage pour des conditions de travail humaines et un march\u00e9 de vente \u00e9quitable.<\/p>","protected":false},"excerpt":{"rendered":"<p>Bol en bois d'acacia<\/p>","protected":false},"featured_media":59731,"template":"","meta":[],"product_brand":[],"product_cat":[1102,909,1179,911,42,1101,43],"product_tag":[1134],"woo-feed-brand":[],"class_list":{"0":"post-59732","1":"product","2":"type-product","3":"status-publish","4":"has-post-thumbnail","6":"product_cat-essen","7":"product_cat-weihnachten","8":"product_cat-weihnachtsdeko","9":"product_cat-accessoires","10":"product_cat-kueche","11":"product_cat-geschirr","12":"product_cat-gedeckter-tisch","13":"product_tag-changemaker","15":"first","16":"instock","17":"taxable","18":"shipping-taxable","19":"purchasable","20":"product-type-simple"},"_links":{"self":[{"href":"https:\/\/www.fleurop-home.ch\/fr-ch\/wp-json\/wp\/v2\/product\/59732","targetHints":{"allow":["GET"]}}],"collection":[{"href":"https:\/\/www.fleurop-home.ch\/fr-ch\/wp-json\/wp\/v2\/product"}],"about":[{"href":"https:\/\/www.fleurop-home.ch\/fr-ch\/wp-json\/wp\/v2\/types\/product"}],"wp:featuredmedia":[{"embeddable":true,"href":"https:\/\/www.fleurop-home.ch\/fr-ch\/wp-json\/wp\/v2\/media\/59731"}],"wp:attachment":[{"href":"https:\/\/www.fleurop-home.ch\/fr-ch\/wp-json\/wp\/v2\/media?parent=59732"}],"wp:term":[{"taxonomy":"product_brand","embeddable":true,"href":"https:\/\/www.fleurop-home.ch\/fr-ch\/wp-json\/wp\/v2\/product_brand?post=59732"},{"taxonomy":"product_cat","embeddable":true,"href":"https:\/\/www.fleurop-home.ch\/fr-ch\/wp-json\/wp\/v2\/product_cat?post=59732"},{"taxonomy":"product_tag","embeddable":true,"href":"https:\/\/www.fleurop-home.ch\/fr-ch\/wp-json\/wp\/v2\/product_tag?post=59732"},{"taxonomy":"woo-feed-brand","embeddable":true,"href":"https:\/\/www.fleurop-home.ch\/fr-ch\/wp-json\/wp\/v2\/woo-feed-brand?post=59732"}],"curies":[{"name":"wp","href":"https:\/\/api.w.org\/{rel}","templated":true}]}}