{"id":59724,"date":"2025-08-11T13:41:02","date_gmt":"2025-08-11T11:41:02","guid":{"rendered":"https:\/\/www.fleurop-home.ch\/de-ch\/p\/serviertablett-klein-marmor"},"modified":"2026-03-09T13:47:54","modified_gmt":"2026-03-09T12:47:54","slug":"petit-plateau-de-service-en-marbre","status":"publish","type":"product","link":"https:\/\/www.fleurop-home.ch\/fr-ch\/p\/serviertablett-klein-marmor","title":{"rendered":"Petit plateau de service en marbre"},"content":{"rendered":"<p>Le plateau de service a \u00e9t\u00e9 fabriqu\u00e9 par des artisans d'Agra \u00e0 partir de marbre de haute qualit\u00e9. Le savoir-faire est transmis de g\u00e9n\u00e9ration en g\u00e9n\u00e9ration et constitue la principale source de revenus pour les habitants d'Agra. En achetant ces pierres uniques, tu soutiens l'artisanat traditionnel et les personnes qui promeuvent cet h\u00e9ritage culturel. Notre producteur metta muse s'est donn\u00e9 pour mission de promouvoir l'ind\u00e9pendance \u00e9conomique ainsi que le bien-\u00eatre social des communaut\u00e9s d'artisans.<\/p>","protected":false},"excerpt":{"rendered":"<p>Plateau en marbre<\/p>","protected":false},"featured_media":59723,"template":"","meta":[],"product_brand":[],"product_cat":[1108,1019,1018,984,994,42,1104,43],"product_tag":[1134],"woo-feed-brand":[],"class_list":{"0":"post-59724","1":"product","2":"type-product","3":"status-publish","4":"has-post-thumbnail","6":"product_cat-tabletts","7":"product_cat-osterbrunch","8":"product_cat-ostern","9":"product_cat-silvester","10":"product_cat-silvestertisch","11":"product_cat-kueche","12":"product_cat-tischakzente","13":"product_cat-gedeckter-tisch","14":"product_tag-changemaker","16":"first","17":"instock","18":"taxable","19":"shipping-taxable","20":"purchasable","21":"product-type-simple"},"_links":{"self":[{"href":"https:\/\/www.fleurop-home.ch\/fr-ch\/wp-json\/wp\/v2\/product\/59724","targetHints":{"allow":["GET"]}}],"collection":[{"href":"https:\/\/www.fleurop-home.ch\/fr-ch\/wp-json\/wp\/v2\/product"}],"about":[{"href":"https:\/\/www.fleurop-home.ch\/fr-ch\/wp-json\/wp\/v2\/types\/product"}],"wp:featuredmedia":[{"embeddable":true,"href":"https:\/\/www.fleurop-home.ch\/fr-ch\/wp-json\/wp\/v2\/media\/59723"}],"wp:attachment":[{"href":"https:\/\/www.fleurop-home.ch\/fr-ch\/wp-json\/wp\/v2\/media?parent=59724"}],"wp:term":[{"taxonomy":"product_brand","embeddable":true,"href":"https:\/\/www.fleurop-home.ch\/fr-ch\/wp-json\/wp\/v2\/product_brand?post=59724"},{"taxonomy":"product_cat","embeddable":true,"href":"https:\/\/www.fleurop-home.ch\/fr-ch\/wp-json\/wp\/v2\/product_cat?post=59724"},{"taxonomy":"product_tag","embeddable":true,"href":"https:\/\/www.fleurop-home.ch\/fr-ch\/wp-json\/wp\/v2\/product_tag?post=59724"},{"taxonomy":"woo-feed-brand","embeddable":true,"href":"https:\/\/www.fleurop-home.ch\/fr-ch\/wp-json\/wp\/v2\/woo-feed-brand?post=59724"}],"curies":[{"name":"wp","href":"https:\/\/api.w.org\/{rel}","templated":true}]}}