{"id":59665,"date":"2025-08-11T13:41:06","date_gmt":"2025-08-11T11:41:06","guid":{"rendered":"https:\/\/www.fleurop-home.ch\/de-ch\/p\/tischset-crocheted-flower"},"modified":"2026-04-01T13:48:37","modified_gmt":"2026-04-01T11:48:37","slug":"set-de-table-crocheted-flower","status":"publish","type":"product","link":"https:\/\/www.fleurop-home.ch\/fr-ch\/p\/tischset-crocheted-flower","title":{"rendered":"Set de table Crocheted Flower"},"content":{"rendered":"<p>Ce set de table en jute a \u00e9t\u00e9 soigneusement fabriqu\u00e9 \u00e0 la main en Inde. Le d\u00e9veloppement s'est fait en collaboration avec Aame et metta muse. Aame est une entreprise sociale qui permet \u00e0 75 femmes handicap\u00e9es de travailler et leur garantit un environnement s\u00fbr. metta muse a pour mission de promouvoir l'ind\u00e9pendance \u00e9conomique et le bien-\u00eatre social des communaut\u00e9s d'artisans.<\/p>","protected":false},"excerpt":{"rendered":"<p>Set de table en jute<\/p>","protected":false},"featured_media":59664,"template":"","meta":[],"product_brand":[],"product_cat":[1099,1022,797,1019,1018,909,1179,911,42,1098],"product_tag":[1134],"woo-feed-brand":[],"class_list":{"0":"post-59665","1":"product","2":"type-product","3":"status-publish","4":"has-post-thumbnail","6":"product_cat-tischtextilien","7":"product_cat-brunch","8":"product_cat-muttertag","9":"product_cat-osterbrunch","10":"product_cat-ostern","11":"product_cat-weihnachten","12":"product_cat-weihnachtsdeko","13":"product_cat-accessoires","14":"product_cat-kueche","15":"product_cat-textilien","16":"product_tag-changemaker","18":"first","19":"instock","20":"taxable","21":"shipping-taxable","22":"purchasable","23":"product-type-simple"},"_links":{"self":[{"href":"https:\/\/www.fleurop-home.ch\/fr-ch\/wp-json\/wp\/v2\/product\/59665","targetHints":{"allow":["GET"]}}],"collection":[{"href":"https:\/\/www.fleurop-home.ch\/fr-ch\/wp-json\/wp\/v2\/product"}],"about":[{"href":"https:\/\/www.fleurop-home.ch\/fr-ch\/wp-json\/wp\/v2\/types\/product"}],"wp:featuredmedia":[{"embeddable":true,"href":"https:\/\/www.fleurop-home.ch\/fr-ch\/wp-json\/wp\/v2\/media\/59664"}],"wp:attachment":[{"href":"https:\/\/www.fleurop-home.ch\/fr-ch\/wp-json\/wp\/v2\/media?parent=59665"}],"wp:term":[{"taxonomy":"product_brand","embeddable":true,"href":"https:\/\/www.fleurop-home.ch\/fr-ch\/wp-json\/wp\/v2\/product_brand?post=59665"},{"taxonomy":"product_cat","embeddable":true,"href":"https:\/\/www.fleurop-home.ch\/fr-ch\/wp-json\/wp\/v2\/product_cat?post=59665"},{"taxonomy":"product_tag","embeddable":true,"href":"https:\/\/www.fleurop-home.ch\/fr-ch\/wp-json\/wp\/v2\/product_tag?post=59665"},{"taxonomy":"woo-feed-brand","embeddable":true,"href":"https:\/\/www.fleurop-home.ch\/fr-ch\/wp-json\/wp\/v2\/woo-feed-brand?post=59665"}],"curies":[{"name":"wp","href":"https:\/\/api.w.org\/{rel}","templated":true}]}}