{"id":59443,"date":"2025-07-21T23:50:41","date_gmt":"2025-07-21T21:50:41","guid":{"rendered":"https:\/\/www.fleurop-home.ch\/de-ch\/p\/giesskanne-1-5l-blassgruen"},"modified":"2026-03-05T08:16:29","modified_gmt":"2026-03-05T07:16:29","slug":"arrosoir-1-5l-vert-pale","status":"publish","type":"product","link":"https:\/\/www.fleurop-home.ch\/fr-ch\/p\/giesskanne-1-5l-blassgruen","title":{"rendered":"Arrosoir 1.5l vert p\u00e2le"},"content":{"rendered":"<p>Cet arrosoir est un accessoire classique et intemporel pour tout jardin, terrasse ou balcon. L'arrosoir est galvanis\u00e9 \u00e0 chaud et rev\u00eatu par poudre, ce qui le prot\u00e8ge durablement contre l'accumulation de rouille.<br \/>\nLa qualit\u00e9 et la durabilit\u00e9 parlent d'elles-m\u00eames.<\/p>\n<p>- Contenu 1.5l<\/p>\n<p>Couleur RAL Ral 6021<\/p>","protected":false},"excerpt":{"rendered":"<p>Couleur RAL Ral 6021<\/p>","protected":false},"featured_media":59442,"template":"","meta":[],"product_brand":[],"product_cat":[37,34],"product_tag":[289],"woo-feed-brand":[],"class_list":{"0":"post-59443","1":"product","2":"type-product","3":"status-publish","4":"has-post-thumbnail","6":"product_cat-giesskannen","7":"product_cat-garten-balkon","8":"product_tag-blumengarten-kung-ag","10":"first","11":"instock","12":"taxable","13":"shipping-taxable","14":"purchasable","15":"product-type-simple"},"_links":{"self":[{"href":"https:\/\/www.fleurop-home.ch\/fr-ch\/wp-json\/wp\/v2\/product\/59443","targetHints":{"allow":["GET"]}}],"collection":[{"href":"https:\/\/www.fleurop-home.ch\/fr-ch\/wp-json\/wp\/v2\/product"}],"about":[{"href":"https:\/\/www.fleurop-home.ch\/fr-ch\/wp-json\/wp\/v2\/types\/product"}],"wp:featuredmedia":[{"embeddable":true,"href":"https:\/\/www.fleurop-home.ch\/fr-ch\/wp-json\/wp\/v2\/media\/59442"}],"wp:attachment":[{"href":"https:\/\/www.fleurop-home.ch\/fr-ch\/wp-json\/wp\/v2\/media?parent=59443"}],"wp:term":[{"taxonomy":"product_brand","embeddable":true,"href":"https:\/\/www.fleurop-home.ch\/fr-ch\/wp-json\/wp\/v2\/product_brand?post=59443"},{"taxonomy":"product_cat","embeddable":true,"href":"https:\/\/www.fleurop-home.ch\/fr-ch\/wp-json\/wp\/v2\/product_cat?post=59443"},{"taxonomy":"product_tag","embeddable":true,"href":"https:\/\/www.fleurop-home.ch\/fr-ch\/wp-json\/wp\/v2\/product_tag?post=59443"},{"taxonomy":"woo-feed-brand","embeddable":true,"href":"https:\/\/www.fleurop-home.ch\/fr-ch\/wp-json\/wp\/v2\/woo-feed-brand?post=59443"}],"curies":[{"name":"wp","href":"https:\/\/api.w.org\/{rel}","templated":true}]}}