{"id":59303,"date":"2025-08-27T11:56:31","date_gmt":"2025-08-27T09:56:31","guid":{"rendered":"https:\/\/www.fleurop-home.ch\/?post_type=product&#038;p=59303"},"modified":"2025-11-30T18:32:53","modified_gmt":"2025-11-30T17:32:53","slug":"1001-organic-royal-curry-40g","status":"publish","type":"product","link":"https:\/\/www.fleurop-home.ch\/fr-ch\/p\/1001-organic-royal-curry-40g","title":{"rendered":"1001 ORGANIC ROYAL CURRY, 40g"},"content":{"rendered":"<p><strong>D\u00e9gustation :<\/strong> \u00c9pic\u00e9, nois\u00e9, savoureux, orange<\/p>\n<p><strong>\u00c0 utiliser avec :<\/strong> Currys, plats de pommes de terre, sauces, soupes, l\u00e9gumes, tofu<\/p>\n<p><strong>Composition :<\/strong> Coriandre (35 %), cumin (25 %), curcuma (14 %), cardamome, gingembre, clou de girofle, poivre noir, ail, fenugrec, fenouil, graines de moutarde<\/p>\n<p><strong>Aspect social :<\/strong> 1001 Organic investit dans l'infrastructure n\u00e9cessaire ainsi que dans les communaut\u00e9s paysannes et les aide \u00e0 se professionnaliser et \u00e0 se convertir \u00e0 l'agriculture biologique certifi\u00e9e. Gr\u00e2ce \u00e0 des formations r\u00e9guli\u00e8res et \u00e0 des paiements qui repr\u00e9sentent plusieurs fois le prix habituel des mati\u00e8res premi\u00e8res, nos paysans et leurs familles peuvent b\u00e9n\u00e9ficier d'un niveau de vie plus \u00e9lev\u00e9.<\/p>","protected":false},"excerpt":{"rendered":"<p>Un hommage \u00e0 la cuisine de Zanzibar et un curry polyvalent pour un usage quotidien.<\/p>","protected":false},"featured_media":59305,"template":"","meta":[],"product_brand":[],"product_cat":[47,42,885],"product_tag":[949],"woo-feed-brand":[],"class_list":{"0":"post-59303","1":"product","2":"type-product","3":"status-publish","4":"has-post-thumbnail","6":"product_cat-kuechenaromen","7":"product_cat-kueche","8":"product_cat-koestlichkeiten","9":"product_tag-1001-organic","11":"first","12":"instock","13":"taxable","14":"shipping-taxable","15":"purchasable","16":"product-type-simple"},"_links":{"self":[{"href":"https:\/\/www.fleurop-home.ch\/fr-ch\/wp-json\/wp\/v2\/product\/59303","targetHints":{"allow":["GET"]}}],"collection":[{"href":"https:\/\/www.fleurop-home.ch\/fr-ch\/wp-json\/wp\/v2\/product"}],"about":[{"href":"https:\/\/www.fleurop-home.ch\/fr-ch\/wp-json\/wp\/v2\/types\/product"}],"wp:featuredmedia":[{"embeddable":true,"href":"https:\/\/www.fleurop-home.ch\/fr-ch\/wp-json\/wp\/v2\/media\/59305"}],"wp:attachment":[{"href":"https:\/\/www.fleurop-home.ch\/fr-ch\/wp-json\/wp\/v2\/media?parent=59303"}],"wp:term":[{"taxonomy":"product_brand","embeddable":true,"href":"https:\/\/www.fleurop-home.ch\/fr-ch\/wp-json\/wp\/v2\/product_brand?post=59303"},{"taxonomy":"product_cat","embeddable":true,"href":"https:\/\/www.fleurop-home.ch\/fr-ch\/wp-json\/wp\/v2\/product_cat?post=59303"},{"taxonomy":"product_tag","embeddable":true,"href":"https:\/\/www.fleurop-home.ch\/fr-ch\/wp-json\/wp\/v2\/product_tag?post=59303"},{"taxonomy":"woo-feed-brand","embeddable":true,"href":"https:\/\/www.fleurop-home.ch\/fr-ch\/wp-json\/wp\/v2\/woo-feed-brand?post=59303"}],"curies":[{"name":"wp","href":"https:\/\/api.w.org\/{rel}","templated":true}]}}