{"id":59278,"date":"2025-08-27T11:56:31","date_gmt":"2025-08-27T09:56:31","guid":{"rendered":"https:\/\/www.fleurop-home.ch\/?post_type=product&#038;p=59278"},"modified":"2026-01-28T08:11:55","modified_gmt":"2026-01-28T07:11:55","slug":"1001-organic-poivre-noir-50g","status":"publish","type":"product","link":"https:\/\/www.fleurop-home.ch\/fr-ch\/p\/1001-organic-schwarzer-pfeffer-50g","title":{"rendered":"1001 ORGANIC POMME NOIRE, 50g"},"content":{"rendered":"<p>Poivre noir prim\u00e9 provenant des for\u00eats tropicales de Zanzibar.<\/p>\n<p><strong>D\u00e9gustation :<\/strong> Cacao, citron, fleurs, chaleur tropicale<\/p>\n<p><strong>\u00c0 utiliser avec :<\/strong> Sauce, risotto, salade, poisson, viande<\/p>\n<p><strong>Fermier :<\/strong> Habib Kombo travaille avec 1001 Organic depuis 2012 et vit avec ses sept enfants \u00e0 Matuuni, Pemba. En plus de cultiver des \u00e9pices, il poss\u00e8de \u00e9galement une ferme de vaches.<\/p>\n<p><strong>Plante &amp; traitement : <\/strong>Le poivrier est une vigne qui pousse sur des arbres forestiers ou des arbres de soutien. Ses larges feuilles vertes brillantes sont dispos\u00e9es en alternance. Les petites fleurs sont dispos\u00e9es en panicules denses et \u00e9lanc\u00e9es d'environ 50 fleurs chacune.<br \/>\nLes grains de poivre vert frais sont r\u00e9colt\u00e9s \u00e0 la main et blanchis dans de l'eau chaude pendant 10 minutes jusqu'\u00e0 ce qu'ils deviennent vert fonc\u00e9, puis ils sont s\u00e9ch\u00e9s au soleil. Le poivre rouge, blanc ou noir provient de la m\u00eame plante. Nos cultivateurs sont principalement bas\u00e9s sur les \u00eeles de Zanzibar et de Tanga.<\/p>\n<p><strong>Aspect social : <\/strong>1001 Organic investit dans l'infrastructure n\u00e9cessaire ainsi que dans les communaut\u00e9s paysannes et les aide \u00e0 se professionnaliser et \u00e0 se convertir \u00e0 l'agriculture biologique certifi\u00e9e. Gr\u00e2ce \u00e0 des formations r\u00e9guli\u00e8res et \u00e0 des paiements qui repr\u00e9sentent plusieurs fois le prix habituel des mati\u00e8res premi\u00e8res, nos paysans et leurs familles peuvent b\u00e9n\u00e9ficier d'un niveau de vie plus \u00e9lev\u00e9.<\/p>","protected":false},"excerpt":{"rendered":"<p>Poivre noir, grains entiers<\/p>","protected":false},"featured_media":59280,"template":"","meta":[],"product_brand":[],"product_cat":[47,995,984,1207,909,915,42,885],"product_tag":[949],"woo-feed-brand":[],"class_list":{"0":"post-59278","1":"product","2":"type-product","3":"status-publish","4":"has-post-thumbnail","6":"product_cat-kuechenaromen","7":"product_cat-essen-trinken","8":"product_cat-silvester","9":"product_cat-unter-25-chf","10":"product_cat-weihnachten","11":"product_cat-wichteln","12":"product_cat-kueche","13":"product_cat-koestlichkeiten","14":"product_tag-1001-organic","16":"first","17":"instock","18":"taxable","19":"shipping-taxable","20":"purchasable","21":"product-type-simple"},"_links":{"self":[{"href":"https:\/\/www.fleurop-home.ch\/fr-ch\/wp-json\/wp\/v2\/product\/59278","targetHints":{"allow":["GET"]}}],"collection":[{"href":"https:\/\/www.fleurop-home.ch\/fr-ch\/wp-json\/wp\/v2\/product"}],"about":[{"href":"https:\/\/www.fleurop-home.ch\/fr-ch\/wp-json\/wp\/v2\/types\/product"}],"wp:featuredmedia":[{"embeddable":true,"href":"https:\/\/www.fleurop-home.ch\/fr-ch\/wp-json\/wp\/v2\/media\/59280"}],"wp:attachment":[{"href":"https:\/\/www.fleurop-home.ch\/fr-ch\/wp-json\/wp\/v2\/media?parent=59278"}],"wp:term":[{"taxonomy":"product_brand","embeddable":true,"href":"https:\/\/www.fleurop-home.ch\/fr-ch\/wp-json\/wp\/v2\/product_brand?post=59278"},{"taxonomy":"product_cat","embeddable":true,"href":"https:\/\/www.fleurop-home.ch\/fr-ch\/wp-json\/wp\/v2\/product_cat?post=59278"},{"taxonomy":"product_tag","embeddable":true,"href":"https:\/\/www.fleurop-home.ch\/fr-ch\/wp-json\/wp\/v2\/product_tag?post=59278"},{"taxonomy":"woo-feed-brand","embeddable":true,"href":"https:\/\/www.fleurop-home.ch\/fr-ch\/wp-json\/wp\/v2\/woo-feed-brand?post=59278"}],"curies":[{"name":"wp","href":"https:\/\/api.w.org\/{rel}","templated":true}]}}