{"id":59229,"date":"2025-08-27T11:56:31","date_gmt":"2025-08-27T09:56:31","guid":{"rendered":"https:\/\/www.fleurop-home.ch\/?post_type=product&#038;p=59229"},"modified":"2025-12-10T09:52:10","modified_gmt":"2025-12-10T08:52:10","slug":"1001-organic-chai-tea-latte-40g","status":"publish","type":"product","link":"https:\/\/www.fleurop-home.ch\/fr-ch\/p\/1001-organic-chai-tee-latte-40g","title":{"rendered":"1001 ORGANIC CHAI TEE LATTE, 40g"},"content":{"rendered":"<p><strong>D\u00e9gustation :<\/strong> Aromatique, riche, complexe<br \/>\n<strong>\u00c0 utiliser avec :<\/strong> Th\u00e9, caf\u00e9, desserts, smoothies, c\u00e9r\u00e9ales, p\u00e2tisseries<br \/>\n<strong>Quantit\u00e9 de remplissage :<\/strong> 40g<br \/>\n<strong>Composition :<\/strong> cardamome, gingembre, cannelle, thym, poivre noir, citronnelle, \u00e9corces d'orange, clous de girofle<\/p>\n<p>1001 Organic investit dans l'infrastructure n\u00e9cessaire ainsi que dans les communaut\u00e9s paysannes et les aide \u00e0 se professionnaliser et \u00e0 se convertir \u00e0 l'agriculture biologique certifi\u00e9e. Gr\u00e2ce \u00e0 des formations r\u00e9guli\u00e8res et \u00e0 des paiements qui repr\u00e9sentent plusieurs fois le prix habituel des mati\u00e8res premi\u00e8res, nos paysans et leurs familles peuvent b\u00e9n\u00e9ficier d'un niveau de vie plus \u00e9lev\u00e9.<\/p>\n<p><strong>Recette de l'\u00e9pice<br \/>\n<\/strong>1001 Organic Chai Tea Latte est le m\u00e9lange parfait d'\u00e9pices exotiques qui apportent chaleur et bien-\u00eatre \u00e0 la saison froide. <a href=\"https:\/\/www.fleurop-home.ch\/fr-ch\/the-chai-au-lait\/\">Vers la recette<\/a><\/p>","protected":false},"excerpt":{"rendered":"<p>Masala chai authentique de Zanzibar (d\u00e9caf\u00e9in\u00e9) \u00e0 ajouter dans le th\u00e9, le caf\u00e9, les smoothies ou les p\u00e2tisseries.<\/p>","protected":false},"featured_media":61222,"template":"","meta":[],"product_brand":[],"product_cat":[47,995,984,1207,909,915,42,885],"product_tag":[949],"woo-feed-brand":[],"class_list":{"0":"post-59229","1":"product","2":"type-product","3":"status-publish","4":"has-post-thumbnail","6":"product_cat-kuechenaromen","7":"product_cat-essen-trinken","8":"product_cat-silvester","9":"product_cat-unter-25-chf","10":"product_cat-weihnachten","11":"product_cat-wichteln","12":"product_cat-kueche","13":"product_cat-koestlichkeiten","14":"product_tag-1001-organic","16":"first","17":"instock","18":"taxable","19":"shipping-taxable","20":"purchasable","21":"product-type-simple"},"_links":{"self":[{"href":"https:\/\/www.fleurop-home.ch\/fr-ch\/wp-json\/wp\/v2\/product\/59229","targetHints":{"allow":["GET"]}}],"collection":[{"href":"https:\/\/www.fleurop-home.ch\/fr-ch\/wp-json\/wp\/v2\/product"}],"about":[{"href":"https:\/\/www.fleurop-home.ch\/fr-ch\/wp-json\/wp\/v2\/types\/product"}],"wp:featuredmedia":[{"embeddable":true,"href":"https:\/\/www.fleurop-home.ch\/fr-ch\/wp-json\/wp\/v2\/media\/61222"}],"wp:attachment":[{"href":"https:\/\/www.fleurop-home.ch\/fr-ch\/wp-json\/wp\/v2\/media?parent=59229"}],"wp:term":[{"taxonomy":"product_brand","embeddable":true,"href":"https:\/\/www.fleurop-home.ch\/fr-ch\/wp-json\/wp\/v2\/product_brand?post=59229"},{"taxonomy":"product_cat","embeddable":true,"href":"https:\/\/www.fleurop-home.ch\/fr-ch\/wp-json\/wp\/v2\/product_cat?post=59229"},{"taxonomy":"product_tag","embeddable":true,"href":"https:\/\/www.fleurop-home.ch\/fr-ch\/wp-json\/wp\/v2\/product_tag?post=59229"},{"taxonomy":"woo-feed-brand","embeddable":true,"href":"https:\/\/www.fleurop-home.ch\/fr-ch\/wp-json\/wp\/v2\/woo-feed-brand?post=59229"}],"curies":[{"name":"wp","href":"https:\/\/api.w.org\/{rel}","templated":true}]}}