{"id":58767,"date":"2025-07-01T12:02:53","date_gmt":"2025-07-01T10:02:53","guid":{"rendered":"https:\/\/www.fleurop-home.ch\/de-ch\/p\/solarlampe-eureka-firefly-x-large"},"modified":"2025-08-05T10:51:48","modified_gmt":"2025-08-05T08:51:48","slug":"lampe-solaire-eureka-firefly-x-large","status":"publish","type":"product","link":"https:\/\/www.fleurop-home.ch\/fr-ch\/p\/solarlampe-eureka-firefly-x-large","title":{"rendered":"Lampe solaire Eureka Firefly X Large"},"content":{"rendered":"<p>Embellis ton jardin ou ton balcon avec la lampe solaire Eureka - la lanterne suspendue. Cette charmante lampe cr\u00e9e une atmosph\u00e8re de conte de f\u00e9es en imitant la lumi\u00e8re chaude et douce des vers luisants. LED blanches.<\/p>\n<p>Taille 26 x 18 cm<\/p>","protected":false},"excerpt":{"rendered":"<p>Embellis ton jardin ou ton balcon avec la lampe solaire Eureka - la lanterne suspendue.<\/p>","protected":false},"featured_media":59036,"template":"","meta":[],"product_brand":[],"product_cat":[108,23,28,34,35],"product_tag":[973],"woo-feed-brand":[],"class_list":{"0":"post-58767","1":"product","2":"type-product","3":"status-publish","4":"has-post-thumbnail","6":"product_cat-lichterketten-laternen","7":"product_cat-home-living","8":"product_cat-kerzen-lichter","9":"product_cat-garten-balkon","10":"product_cat-gartendeko","11":"product_tag-samen-mauser","13":"first","14":"instock","15":"taxable","16":"shipping-taxable","17":"purchasable","18":"product-type-simple"},"_links":{"self":[{"href":"https:\/\/www.fleurop-home.ch\/fr-ch\/wp-json\/wp\/v2\/product\/58767","targetHints":{"allow":["GET"]}}],"collection":[{"href":"https:\/\/www.fleurop-home.ch\/fr-ch\/wp-json\/wp\/v2\/product"}],"about":[{"href":"https:\/\/www.fleurop-home.ch\/fr-ch\/wp-json\/wp\/v2\/types\/product"}],"wp:featuredmedia":[{"embeddable":true,"href":"https:\/\/www.fleurop-home.ch\/fr-ch\/wp-json\/wp\/v2\/media\/59036"}],"wp:attachment":[{"href":"https:\/\/www.fleurop-home.ch\/fr-ch\/wp-json\/wp\/v2\/media?parent=58767"}],"wp:term":[{"taxonomy":"product_brand","embeddable":true,"href":"https:\/\/www.fleurop-home.ch\/fr-ch\/wp-json\/wp\/v2\/product_brand?post=58767"},{"taxonomy":"product_cat","embeddable":true,"href":"https:\/\/www.fleurop-home.ch\/fr-ch\/wp-json\/wp\/v2\/product_cat?post=58767"},{"taxonomy":"product_tag","embeddable":true,"href":"https:\/\/www.fleurop-home.ch\/fr-ch\/wp-json\/wp\/v2\/product_tag?post=58767"},{"taxonomy":"woo-feed-brand","embeddable":true,"href":"https:\/\/www.fleurop-home.ch\/fr-ch\/wp-json\/wp\/v2\/woo-feed-brand?post=58767"}],"curies":[{"name":"wp","href":"https:\/\/api.w.org\/{rel}","templated":true}]}}