{"id":58755,"date":"2025-07-01T12:02:49","date_gmt":"2025-07-01T10:02:49","guid":{"rendered":"https:\/\/www.fleurop-home.ch\/de-ch\/p\/chinesische-laterne-4er-pack"},"modified":"2025-08-05T10:35:17","modified_gmt":"2025-08-05T08:35:17","slug":"lanterne-chinoise-pack-de-4","status":"publish","type":"product","link":"https:\/\/www.fleurop-home.ch\/fr-ch\/p\/chinesische-laterne-4er-pack","title":{"rendered":"Lanterne chinoise pack de 4"},"content":{"rendered":"<p>Paquet de 4 couleurs m\u00e9lang\u00e9es. Crochet pratique \u00e0 suspendre. Se charge \u00e0 la lumi\u00e8re directe du soleil. S'allume automatiquement la nuit.<\/p>","protected":false},"excerpt":{"rendered":"<p>Paquet de 4 couleurs m\u00e9lang\u00e9es.<\/p>","protected":false},"featured_media":59037,"template":"","meta":[],"product_brand":[],"product_cat":[108,23,28,34,35],"product_tag":[973],"woo-feed-brand":[],"class_list":{"0":"post-58755","1":"product","2":"type-product","3":"status-publish","4":"has-post-thumbnail","6":"product_cat-lichterketten-laternen","7":"product_cat-home-living","8":"product_cat-kerzen-lichter","9":"product_cat-garten-balkon","10":"product_cat-gartendeko","11":"product_tag-samen-mauser","13":"first","14":"instock","15":"taxable","16":"shipping-taxable","17":"purchasable","18":"product-type-simple"},"_links":{"self":[{"href":"https:\/\/www.fleurop-home.ch\/fr-ch\/wp-json\/wp\/v2\/product\/58755","targetHints":{"allow":["GET"]}}],"collection":[{"href":"https:\/\/www.fleurop-home.ch\/fr-ch\/wp-json\/wp\/v2\/product"}],"about":[{"href":"https:\/\/www.fleurop-home.ch\/fr-ch\/wp-json\/wp\/v2\/types\/product"}],"wp:featuredmedia":[{"embeddable":true,"href":"https:\/\/www.fleurop-home.ch\/fr-ch\/wp-json\/wp\/v2\/media\/59037"}],"wp:attachment":[{"href":"https:\/\/www.fleurop-home.ch\/fr-ch\/wp-json\/wp\/v2\/media?parent=58755"}],"wp:term":[{"taxonomy":"product_brand","embeddable":true,"href":"https:\/\/www.fleurop-home.ch\/fr-ch\/wp-json\/wp\/v2\/product_brand?post=58755"},{"taxonomy":"product_cat","embeddable":true,"href":"https:\/\/www.fleurop-home.ch\/fr-ch\/wp-json\/wp\/v2\/product_cat?post=58755"},{"taxonomy":"product_tag","embeddable":true,"href":"https:\/\/www.fleurop-home.ch\/fr-ch\/wp-json\/wp\/v2\/product_tag?post=58755"},{"taxonomy":"woo-feed-brand","embeddable":true,"href":"https:\/\/www.fleurop-home.ch\/fr-ch\/wp-json\/wp\/v2\/woo-feed-brand?post=58755"}],"curies":[{"name":"wp","href":"https:\/\/api.w.org\/{rel}","templated":true}]}}