{"id":58752,"date":"2025-07-01T12:02:48","date_gmt":"2025-07-01T10:02:48","guid":{"rendered":"https:\/\/www.fleurop-home.ch\/de-ch\/p\/lichterkette-firefly-solar-strings-200-led"},"modified":"2025-10-16T09:03:06","modified_gmt":"2025-10-16T07:03:06","slug":"chaine-lumineuse-firefly-solar-strings-200-led","status":"publish","type":"product","link":"https:\/\/www.fleurop-home.ch\/fr-ch\/p\/lichterkette-firefly-solar-strings-200-led","title":{"rendered":"Guirlande lumineuse Firefly Solar Strings 200 LED"},"content":{"rendered":"<p>Id\u00e9al pour d\u00e9corer les \u00e9l\u00e9ments de jardin, les arbustes, les espaliers, les parasols et les entr\u00e9es de maison. Se charge \u00e0 la lumi\u00e8re directe du soleil. S'allume automatiquement la nuit.<\/p>","protected":false},"excerpt":{"rendered":"<p>Id\u00e9al pour d\u00e9corer les \u00e9l\u00e9ments de jardin, les arbustes, les espaliers, les parasols et les entr\u00e9es de maison.<\/p>","protected":false},"featured_media":59038,"template":"","meta":[],"product_brand":[],"product_cat":[108,23,980,909,28,34,35],"product_tag":[973],"woo-feed-brand":[],"class_list":{"0":"post-58752","1":"product","2":"type-product","3":"status-publish","4":"has-post-thumbnail","6":"product_cat-lichterketten-laternen","7":"product_cat-home-living","8":"product_cat-lichterketten","9":"product_cat-weihnachten","10":"product_cat-kerzen-lichter","11":"product_cat-garten-balkon","12":"product_cat-gartendeko","13":"product_tag-samen-mauser","15":"first","16":"instock","17":"taxable","18":"shipping-taxable","19":"purchasable","20":"product-type-simple"},"_links":{"self":[{"href":"https:\/\/www.fleurop-home.ch\/fr-ch\/wp-json\/wp\/v2\/product\/58752","targetHints":{"allow":["GET"]}}],"collection":[{"href":"https:\/\/www.fleurop-home.ch\/fr-ch\/wp-json\/wp\/v2\/product"}],"about":[{"href":"https:\/\/www.fleurop-home.ch\/fr-ch\/wp-json\/wp\/v2\/types\/product"}],"wp:featuredmedia":[{"embeddable":true,"href":"https:\/\/www.fleurop-home.ch\/fr-ch\/wp-json\/wp\/v2\/media\/59038"}],"wp:attachment":[{"href":"https:\/\/www.fleurop-home.ch\/fr-ch\/wp-json\/wp\/v2\/media?parent=58752"}],"wp:term":[{"taxonomy":"product_brand","embeddable":true,"href":"https:\/\/www.fleurop-home.ch\/fr-ch\/wp-json\/wp\/v2\/product_brand?post=58752"},{"taxonomy":"product_cat","embeddable":true,"href":"https:\/\/www.fleurop-home.ch\/fr-ch\/wp-json\/wp\/v2\/product_cat?post=58752"},{"taxonomy":"product_tag","embeddable":true,"href":"https:\/\/www.fleurop-home.ch\/fr-ch\/wp-json\/wp\/v2\/product_tag?post=58752"},{"taxonomy":"woo-feed-brand","embeddable":true,"href":"https:\/\/www.fleurop-home.ch\/fr-ch\/wp-json\/wp\/v2\/woo-feed-brand?post=58752"}],"curies":[{"name":"wp","href":"https:\/\/api.w.org\/{rel}","templated":true}]}}