{"id":58743,"date":"2025-07-01T12:02:45","date_gmt":"2025-07-01T10:02:45","guid":{"rendered":"https:\/\/www.fleurop-home.ch\/de-ch\/p\/lichterkette-super-bright"},"modified":"2025-10-16T09:03:06","modified_gmt":"2025-10-16T07:03:06","slug":"guirlande-lumineuse-super-bright","status":"publish","type":"product","link":"https:\/\/www.fleurop-home.ch\/fr-ch\/p\/lichterkette-super-bright","title":{"rendered":"Guirlande lumineuse Super Bright"},"content":{"rendered":"<p>Guirlande lumineuse solaire r\u00e9tractable \u00e0 100 LED, lanterne de table, lampe \u00e0 suspendre, powerbank, 4-IN-1. bobine solaire et rechargeable par USB, 100 lumens lumineux blanc chaud<\/p>\n<p>Taille : 4 x 11 cm<\/p>","protected":false},"excerpt":{"rendered":"<p>Guirlande lumineuse solaire r\u00e9tractable \u00e0 100 LED.<\/p>","protected":false},"featured_media":58861,"template":"","meta":[],"product_brand":[],"product_cat":[108,23,980,909,28,34,35],"product_tag":[973],"woo-feed-brand":[],"class_list":{"0":"post-58743","1":"product","2":"type-product","3":"status-publish","4":"has-post-thumbnail","6":"product_cat-lichterketten-laternen","7":"product_cat-home-living","8":"product_cat-lichterketten","9":"product_cat-weihnachten","10":"product_cat-kerzen-lichter","11":"product_cat-garten-balkon","12":"product_cat-gartendeko","13":"product_tag-samen-mauser","15":"first","16":"instock","17":"taxable","18":"shipping-taxable","19":"purchasable","20":"product-type-simple"},"_links":{"self":[{"href":"https:\/\/www.fleurop-home.ch\/fr-ch\/wp-json\/wp\/v2\/product\/58743","targetHints":{"allow":["GET"]}}],"collection":[{"href":"https:\/\/www.fleurop-home.ch\/fr-ch\/wp-json\/wp\/v2\/product"}],"about":[{"href":"https:\/\/www.fleurop-home.ch\/fr-ch\/wp-json\/wp\/v2\/types\/product"}],"wp:featuredmedia":[{"embeddable":true,"href":"https:\/\/www.fleurop-home.ch\/fr-ch\/wp-json\/wp\/v2\/media\/58861"}],"wp:attachment":[{"href":"https:\/\/www.fleurop-home.ch\/fr-ch\/wp-json\/wp\/v2\/media?parent=58743"}],"wp:term":[{"taxonomy":"product_brand","embeddable":true,"href":"https:\/\/www.fleurop-home.ch\/fr-ch\/wp-json\/wp\/v2\/product_brand?post=58743"},{"taxonomy":"product_cat","embeddable":true,"href":"https:\/\/www.fleurop-home.ch\/fr-ch\/wp-json\/wp\/v2\/product_cat?post=58743"},{"taxonomy":"product_tag","embeddable":true,"href":"https:\/\/www.fleurop-home.ch\/fr-ch\/wp-json\/wp\/v2\/product_tag?post=58743"},{"taxonomy":"woo-feed-brand","embeddable":true,"href":"https:\/\/www.fleurop-home.ch\/fr-ch\/wp-json\/wp\/v2\/woo-feed-brand?post=58743"}],"curies":[{"name":"wp","href":"https:\/\/api.w.org\/{rel}","templated":true}]}}