{"id":58739,"date":"2025-07-01T12:02:44","date_gmt":"2025-07-01T10:02:44","guid":{"rendered":"https:\/\/www.fleurop-home.ch\/de-ch\/p\/solarlaterne-damasquettes-gold"},"modified":"2026-04-15T16:48:34","modified_gmt":"2026-04-15T14:48:34","slug":"lanterne-solaire-damasquettes-or","status":"publish","type":"product","link":"https:\/\/www.fleurop-home.ch\/fr-ch\/p\/solarlaterne-damasquettes-gold","title":{"rendered":"Lanterne solaire Damasquettes or"},"content":{"rendered":"<p>Plonge ton ext\u00e9rieur dans une lumi\u00e8re super brillante avec notre lanterne qui cr\u00e9e un effet de silhouette d\u00e9coratif. Cette lanterne s'allume automatiquement \u00e0 la tomb\u00e9e de la nuit et cr\u00e9e un \u00e9clairage d'ambiance. Polyvalente, elle peut \u00eatre utilis\u00e9e comme lanterne de table ou comme lanterne suspendue pour ajouter une touche de style \u00e0 ton jardin.<\/p>\n<p>Taille 18.5 x 18 cm<\/p>","protected":false},"excerpt":{"rendered":"<p>Plonge ton ext\u00e9rieur dans une lumi\u00e8re super brillante avec notre lanterne qui cr\u00e9e un effet de silhouette d\u00e9coratif.<\/p>","protected":false},"featured_media":58738,"template":"","meta":[],"product_brand":[],"product_cat":[108,23,28,34,35],"product_tag":[973],"woo-feed-brand":[],"class_list":{"0":"post-58739","1":"product","2":"type-product","3":"status-publish","4":"has-post-thumbnail","6":"product_cat-lichterketten-laternen","7":"product_cat-home-living","8":"product_cat-kerzen-lichter","9":"product_cat-garten-balkon","10":"product_cat-gartendeko","11":"product_tag-samen-mauser","13":"first","14":"instock","15":"featured","16":"taxable","17":"shipping-taxable","18":"purchasable","19":"product-type-simple"},"_links":{"self":[{"href":"https:\/\/www.fleurop-home.ch\/fr-ch\/wp-json\/wp\/v2\/product\/58739","targetHints":{"allow":["GET"]}}],"collection":[{"href":"https:\/\/www.fleurop-home.ch\/fr-ch\/wp-json\/wp\/v2\/product"}],"about":[{"href":"https:\/\/www.fleurop-home.ch\/fr-ch\/wp-json\/wp\/v2\/types\/product"}],"wp:featuredmedia":[{"embeddable":true,"href":"https:\/\/www.fleurop-home.ch\/fr-ch\/wp-json\/wp\/v2\/media\/58738"}],"wp:attachment":[{"href":"https:\/\/www.fleurop-home.ch\/fr-ch\/wp-json\/wp\/v2\/media?parent=58739"}],"wp:term":[{"taxonomy":"product_brand","embeddable":true,"href":"https:\/\/www.fleurop-home.ch\/fr-ch\/wp-json\/wp\/v2\/product_brand?post=58739"},{"taxonomy":"product_cat","embeddable":true,"href":"https:\/\/www.fleurop-home.ch\/fr-ch\/wp-json\/wp\/v2\/product_cat?post=58739"},{"taxonomy":"product_tag","embeddable":true,"href":"https:\/\/www.fleurop-home.ch\/fr-ch\/wp-json\/wp\/v2\/product_tag?post=58739"},{"taxonomy":"woo-feed-brand","embeddable":true,"href":"https:\/\/www.fleurop-home.ch\/fr-ch\/wp-json\/wp\/v2\/woo-feed-brand?post=58739"}],"curies":[{"name":"wp","href":"https:\/\/api.w.org\/{rel}","templated":true}]}}