{"id":58733,"date":"2025-07-01T12:02:42","date_gmt":"2025-07-01T10:02:42","guid":{"rendered":"https:\/\/www.fleurop-home.ch\/de-ch\/p\/indoor-vernebler"},"modified":"2025-08-05T10:43:44","modified_gmt":"2025-08-05T08:43:44","slug":"brumisateur-dinterieur","status":"publish","type":"product","link":"https:\/\/www.fleurop-home.ch\/fr-ch\/p\/indoor-vernebler","title":{"rendered":"N\u00e9buliseur d'int\u00e9rieur"},"content":{"rendered":"<p>N\u00e9buliseur int\u00e9rieur 0,3 litre<\/p>","protected":false},"excerpt":{"rendered":"<p>N\u00e9buliseur int\u00e9rieur 0,3 litre<\/p>","protected":false},"featured_media":59041,"template":"","meta":[],"product_brand":[],"product_cat":[521,23],"product_tag":[973],"woo-feed-brand":[],"class_list":{"0":"post-58733","1":"product","2":"type-product","3":"status-publish","4":"has-post-thumbnail","6":"product_cat-bewaesserung","7":"product_cat-home-living","8":"product_tag-samen-mauser","10":"first","11":"instock","12":"taxable","13":"shipping-taxable","14":"purchasable","15":"product-type-simple"},"_links":{"self":[{"href":"https:\/\/www.fleurop-home.ch\/fr-ch\/wp-json\/wp\/v2\/product\/58733","targetHints":{"allow":["GET"]}}],"collection":[{"href":"https:\/\/www.fleurop-home.ch\/fr-ch\/wp-json\/wp\/v2\/product"}],"about":[{"href":"https:\/\/www.fleurop-home.ch\/fr-ch\/wp-json\/wp\/v2\/types\/product"}],"wp:featuredmedia":[{"embeddable":true,"href":"https:\/\/www.fleurop-home.ch\/fr-ch\/wp-json\/wp\/v2\/media\/59041"}],"wp:attachment":[{"href":"https:\/\/www.fleurop-home.ch\/fr-ch\/wp-json\/wp\/v2\/media?parent=58733"}],"wp:term":[{"taxonomy":"product_brand","embeddable":true,"href":"https:\/\/www.fleurop-home.ch\/fr-ch\/wp-json\/wp\/v2\/product_brand?post=58733"},{"taxonomy":"product_cat","embeddable":true,"href":"https:\/\/www.fleurop-home.ch\/fr-ch\/wp-json\/wp\/v2\/product_cat?post=58733"},{"taxonomy":"product_tag","embeddable":true,"href":"https:\/\/www.fleurop-home.ch\/fr-ch\/wp-json\/wp\/v2\/product_tag?post=58733"},{"taxonomy":"woo-feed-brand","embeddable":true,"href":"https:\/\/www.fleurop-home.ch\/fr-ch\/wp-json\/wp\/v2\/woo-feed-brand?post=58733"}],"curies":[{"name":"wp","href":"https:\/\/api.w.org\/{rel}","templated":true}]}}