{"id":58727,"date":"2025-07-01T12:02:40","date_gmt":"2025-07-01T10:02:40","guid":{"rendered":"https:\/\/www.fleurop-home.ch\/de-ch\/p\/zinkgiesskanne-teekanne"},"modified":"2025-08-05T10:44:01","modified_gmt":"2025-08-05T08:44:01","slug":"theiere-en-zinc","status":"publish","type":"product","link":"https:\/\/www.fleurop-home.ch\/fr-ch\/p\/zinkgiesskanne-teekanne","title":{"rendered":"Verseuse en zinc Th\u00e9i\u00e8re"},"content":{"rendered":"<p>Arrosoir en zinc 1 litre - th\u00e9i\u00e8re, 1,9 kg.<\/p>","protected":false},"excerpt":{"rendered":"<p>Arrosoir en zinc<\/p>","protected":false},"featured_media":59043,"template":"","meta":[],"product_brand":[],"product_cat":[521,23,34,37],"product_tag":[973],"woo-feed-brand":[],"class_list":{"0":"post-58727","1":"product","2":"type-product","3":"status-publish","4":"has-post-thumbnail","6":"product_cat-bewaesserung","7":"product_cat-home-living","8":"product_cat-garten-balkon","9":"product_cat-giesskannen","10":"product_tag-samen-mauser","12":"first","13":"instock","14":"taxable","15":"shipping-taxable","16":"purchasable","17":"product-type-simple"},"_links":{"self":[{"href":"https:\/\/www.fleurop-home.ch\/fr-ch\/wp-json\/wp\/v2\/product\/58727","targetHints":{"allow":["GET"]}}],"collection":[{"href":"https:\/\/www.fleurop-home.ch\/fr-ch\/wp-json\/wp\/v2\/product"}],"about":[{"href":"https:\/\/www.fleurop-home.ch\/fr-ch\/wp-json\/wp\/v2\/types\/product"}],"wp:featuredmedia":[{"embeddable":true,"href":"https:\/\/www.fleurop-home.ch\/fr-ch\/wp-json\/wp\/v2\/media\/59043"}],"wp:attachment":[{"href":"https:\/\/www.fleurop-home.ch\/fr-ch\/wp-json\/wp\/v2\/media?parent=58727"}],"wp:term":[{"taxonomy":"product_brand","embeddable":true,"href":"https:\/\/www.fleurop-home.ch\/fr-ch\/wp-json\/wp\/v2\/product_brand?post=58727"},{"taxonomy":"product_cat","embeddable":true,"href":"https:\/\/www.fleurop-home.ch\/fr-ch\/wp-json\/wp\/v2\/product_cat?post=58727"},{"taxonomy":"product_tag","embeddable":true,"href":"https:\/\/www.fleurop-home.ch\/fr-ch\/wp-json\/wp\/v2\/product_tag?post=58727"},{"taxonomy":"woo-feed-brand","embeddable":true,"href":"https:\/\/www.fleurop-home.ch\/fr-ch\/wp-json\/wp\/v2\/woo-feed-brand?post=58727"}],"curies":[{"name":"wp","href":"https:\/\/api.w.org\/{rel}","templated":true}]}}