{"id":58706,"date":"2025-07-01T12:02:33","date_gmt":"2025-07-01T10:02:33","guid":{"rendered":"https:\/\/www.fleurop-home.ch\/de-ch\/p\/handschuh-fushia-xs"},"modified":"2025-08-05T10:44:59","modified_gmt":"2025-08-05T08:44:59","slug":"gant-fushia-xs","status":"publish","type":"product","link":"https:\/\/www.fleurop-home.ch\/fr-ch\/p\/handschuh-fushia-xs","title":{"rendered":"Gant FUSHIA XS"},"content":{"rendered":"<p>Gant en coton tricot\u00e9 avec rev\u00eatement en latex, id\u00e9al pour la taille et la plantation de roses. R\u00e9sistant \u00e0 l'abrasion et imperm\u00e9able. Convient \u00e0 tous les travaux de jardinage en milieu humide, en rouge fuchsia.<\/p>\n<p>Taille 7 ou XS<\/p>","protected":false},"excerpt":{"rendered":"<p>Gant en coton tricot\u00e9 avec rev\u00eatement en latex, id\u00e9al pour la taille et la plantation de roses<\/p>","protected":false},"featured_media":58704,"template":"","meta":[],"product_brand":[],"product_cat":[1064,34,39],"product_tag":[973],"woo-feed-brand":[],"class_list":{"0":"post-58706","1":"product","2":"type-product","3":"status-publish","4":"has-post-thumbnail","6":"product_cat-gartenhandschuhe","7":"product_cat-garten-balkon","8":"product_cat-gartenzubehoer","9":"product_tag-samen-mauser","11":"first","12":"instock","13":"taxable","14":"shipping-taxable","15":"purchasable","16":"product-type-simple"},"_links":{"self":[{"href":"https:\/\/www.fleurop-home.ch\/fr-ch\/wp-json\/wp\/v2\/product\/58706","targetHints":{"allow":["GET"]}}],"collection":[{"href":"https:\/\/www.fleurop-home.ch\/fr-ch\/wp-json\/wp\/v2\/product"}],"about":[{"href":"https:\/\/www.fleurop-home.ch\/fr-ch\/wp-json\/wp\/v2\/types\/product"}],"wp:featuredmedia":[{"embeddable":true,"href":"https:\/\/www.fleurop-home.ch\/fr-ch\/wp-json\/wp\/v2\/media\/58704"}],"wp:attachment":[{"href":"https:\/\/www.fleurop-home.ch\/fr-ch\/wp-json\/wp\/v2\/media?parent=58706"}],"wp:term":[{"taxonomy":"product_brand","embeddable":true,"href":"https:\/\/www.fleurop-home.ch\/fr-ch\/wp-json\/wp\/v2\/product_brand?post=58706"},{"taxonomy":"product_cat","embeddable":true,"href":"https:\/\/www.fleurop-home.ch\/fr-ch\/wp-json\/wp\/v2\/product_cat?post=58706"},{"taxonomy":"product_tag","embeddable":true,"href":"https:\/\/www.fleurop-home.ch\/fr-ch\/wp-json\/wp\/v2\/product_tag?post=58706"},{"taxonomy":"woo-feed-brand","embeddable":true,"href":"https:\/\/www.fleurop-home.ch\/fr-ch\/wp-json\/wp\/v2\/woo-feed-brand?post=58706"}],"curies":[{"name":"wp","href":"https:\/\/api.w.org\/{rel}","templated":true}]}}