{"id":5865,"date":"2025-10-27T09:55:26","date_gmt":"2025-10-27T08:55:26","guid":{"rendered":"https:\/\/www.fleurop-home.ch\/?product=lichterkette-10l-led-micro-warm-weiss"},"modified":"2025-12-10T09:47:00","modified_gmt":"2025-12-10T08:47:00","slug":"guirlande-lumineuse-10l-led-micro-blanc-chaud","status":"publish","type":"product","link":"https:\/\/www.fleurop-home.ch\/fr-ch\/p\/lichterkette-10l-led-micro-warm-weiss","title":{"rendered":"Guirlande lumineuse (10L, LED Micro, blanc chaud)"},"content":{"rendered":"<p style=\"text-align: left;\">L\u00e0 o\u00f9 les lumi\u00e8res d'ambiance scintillent, la p\u00e9riode de No\u00ebl peut commencer. Avec des guirlandes lumineuses LED de la bonne longueur, cr\u00e9e des accents qui font de l'effet dans une p\u00e9riode de No\u00ebl magique.<\/p>\n<p style=\"text-align: left;\">","protected":false},"excerpt":{"rendered":"<p>Guirlande lumineuse (10L, LED Micro, blanc chaud)<\/p>","protected":false},"featured_media":5866,"template":"","meta":[],"product_brand":[],"product_cat":[23,980,984,994,909,108,911,28],"product_tag":[282],"woo-feed-brand":[],"class_list":{"0":"post-5865","1":"product","2":"type-product","3":"status-publish","4":"has-post-thumbnail","6":"product_cat-home-living","7":"product_cat-lichterketten","8":"product_cat-silvester","9":"product_cat-silvestertisch","10":"product_cat-weihnachten","11":"product_cat-lichterketten-laternen","12":"product_cat-accessoires","13":"product_cat-kerzen-lichter","14":"product_tag-fleurop-interflora","16":"first","17":"instock","18":"taxable","19":"shipping-taxable","20":"purchasable","21":"product-type-simple"},"_links":{"self":[{"href":"https:\/\/www.fleurop-home.ch\/fr-ch\/wp-json\/wp\/v2\/product\/5865","targetHints":{"allow":["GET"]}}],"collection":[{"href":"https:\/\/www.fleurop-home.ch\/fr-ch\/wp-json\/wp\/v2\/product"}],"about":[{"href":"https:\/\/www.fleurop-home.ch\/fr-ch\/wp-json\/wp\/v2\/types\/product"}],"wp:featuredmedia":[{"embeddable":true,"href":"https:\/\/www.fleurop-home.ch\/fr-ch\/wp-json\/wp\/v2\/media\/5866"}],"wp:attachment":[{"href":"https:\/\/www.fleurop-home.ch\/fr-ch\/wp-json\/wp\/v2\/media?parent=5865"}],"wp:term":[{"taxonomy":"product_brand","embeddable":true,"href":"https:\/\/www.fleurop-home.ch\/fr-ch\/wp-json\/wp\/v2\/product_brand?post=5865"},{"taxonomy":"product_cat","embeddable":true,"href":"https:\/\/www.fleurop-home.ch\/fr-ch\/wp-json\/wp\/v2\/product_cat?post=5865"},{"taxonomy":"product_tag","embeddable":true,"href":"https:\/\/www.fleurop-home.ch\/fr-ch\/wp-json\/wp\/v2\/product_tag?post=5865"},{"taxonomy":"woo-feed-brand","embeddable":true,"href":"https:\/\/www.fleurop-home.ch\/fr-ch\/wp-json\/wp\/v2\/woo-feed-brand?post=5865"}],"curies":[{"name":"wp","href":"https:\/\/api.w.org\/{rel}","templated":true}]}}