{"id":58456,"date":"2025-06-26T09:24:22","date_gmt":"2025-06-26T07:24:22","guid":{"rendered":"https:\/\/www.fleurop-home.ch\/de-ch\/?post_type=product&#038;p=58456"},"modified":"2025-07-17T07:53:02","modified_gmt":"2025-07-17T05:53:02","slug":"tillandsia-barbue-moyenne-pot-menthe","status":"publish","type":"product","link":"https:\/\/www.fleurop-home.ch\/fr-ch\/p\/tillandsien-qualle-bart-mittel-topf-mint","title":{"rendered":"M\u00e9duse Tillandsia Barbe moyenne, pot menthe"},"content":{"rendered":"<p>Les tillandsias, \u00e9galement appel\u00e9s plantes a\u00e9riennes, sont des \u00eatres tout \u00e0 fait extraordinaires. Elles vivent en effet d'air, de lumi\u00e8re et d'un peu d'eau (l'amour ne leur fait certainement pas de mal non plus). Elles n'ont pas besoin de terre. Elles appr\u00e9cient un emplacement clair et plut\u00f4t chaud, sans lumi\u00e8re directe du soleil. Elles absorbent l'humidit\u00e9 et les nutriments gr\u00e2ce aux \u00e9cailles absorbantes (trichomes) sur leurs feuilles. Elles se sentent donc particuli\u00e8rement bien dans les pi\u00e8ces avec une forte humidit\u00e9. Sinon, tu peux les vaporiser tous les 1 \u00e0 2 jours avec de l'eau aussi peu calcaire que possible et les baigner bri\u00e8vement toutes les deux semaines.<\/p>\n<p>Qu'ils soient suspendus dans la salle de bain, le salon ou la chambre des enfants, nos \"Quatillis\" attirent l'attention partout et sont en plus super faciles \u00e0 entretenir.<\/p>\n<table style=\"border-collapse: collapse; width: 100%; background-color: #eae9e9; height: 138.6px;\" border=\"1\">\n<tbody>\n<tr style=\"height: 19.8px;\">\n<td style=\"width: 20%; height: 19.8px;\"><strong>Dimensions du bo\u00eetier (DxH) :<\/strong><\/td>\n<td style=\"width: 49.95%; height: 19.8px;\">10 x 6 cm<\/td>\n<\/tr>\n<tr>\n<td style=\"width: 20%;\"><strong>Mat\u00e9riau du bo\u00eetier :<\/strong><\/td>\n<td style=\"width: 49.95%;\">C\u00e9ramique<\/td>\n<\/tr>\n<tr>\n<td style=\"width: 20%;\"><strong>Bo\u00eetier de couleur :<\/strong><\/td>\n<td style=\"width: 49.95%;\">Menthe<\/td>\n<\/tr>\n<tr>\n<td style=\"width: 20%;\"><strong>Plante :<\/strong><\/td>\n<td style=\"width: 49.95%;\">Tillandsia usneoides (mousse de Louisiane, mousse espagnole)<\/td>\n<\/tr>\n<tr>\n<td style=\"width: 20%;\"><strong>Conditions de lumi\u00e8re :<\/strong><\/td>\n<td style=\"width: 49.95%;\">\n<ul>\n<li>Clair \u00e0 mi-ombrag\u00e9<\/li>\n<li>Pas de lumi\u00e8re directe du soleil<\/li>\n<\/ul>\n<\/td>\n<\/tr>\n<tr style=\"height: 19.8px;\">\n<td style=\"width: 5%; height: 19.8px;\"><strong>Prendre soin de soi :<\/strong><\/td>\n<td style=\"width: 49.95%; height: 19.8px;\">\n<ul>\n<li>Facile<\/li>\n<li>De mars \u00e0 septembre, fertiliser l\u00e9g\u00e8rement chaque mois (engrais pour brom\u00e9liac\u00e9es, tillandsias ou orchid\u00e9es).<\/li>\n<\/ul>\n<\/td>\n<\/tr>\n<tr style=\"height: 19.8px;\">\n<td style=\"width: 20px; height: 19.8px;\"><strong>Irrigation :<\/strong><\/td>\n<td style=\"width: 49.95%; height: 19.8px;\">\n<ul>\n<li>Vaporiser de l'eau la moins calcaire possible tous les 1 \u00e0 2 jours<\/li>\n<li>Toutes les deux semaines, place-les pendant quelques minutes dans un bassin d'eau ti\u00e8de, si possible peu calcaire, puis \u00e9goutte-les bien.<\/li>\n<\/ul>\n<\/td>\n<\/tr>\n<tr>\n<td style=\"width: 20px;\"><strong>Accepte les animaux domestiques et les enfants :<\/strong><\/td>\n<td style=\"width: 49.95%;\">Oui<\/td>\n<\/tr>\n<tr>\n<td style=\"width: 20px;\"><strong>Des indices :<\/strong><\/td>\n<td style=\"width: 49.95%;\">\n<ul>\n<li>Aime une humidit\u00e9 \u00e9lev\u00e9e<\/li>\n<li>Le tillandia aime particuli\u00e8rement l'eau de pluie<\/li>\n<\/ul>\n<\/td>\n<\/tr>\n<tr>\n<td style=\"width: 20px;\"><strong>Contenu de la livraison :<\/strong><\/td>\n<td style=\"width: 49.95%;\">Tillandsie avec bo\u00eetier en c\u00e9ramique<\/td>\n<\/tr>\n<\/tbody>\n<\/table>","protected":false},"excerpt":{"rendered":"<p>Nos m\u00e9duses Tillandsia sont au moins aussi fascinantes que leurs mod\u00e8les marins - mais sans aucun danger. Au lieu de tentacules toxiques, des tillandsias d\u00e9coratives ornent les \u00e9l\u00e9gantes coques en c\u00e9ramique. Cela en fait un v\u00e9ritable accroche-regard - magnifique, unique et absolument inoffensif. Aucune raison de se tenir \u00e0 distance !<\/p>","protected":false},"featured_media":58458,"template":"","meta":[],"product_brand":[],"product_cat":[118,23,26],"product_tag":[325],"woo-feed-brand":[],"class_list":{"0":"post-58456","1":"product","2":"type-product","3":"status-publish","4":"has-post-thumbnail","6":"product_cat-zimmerpflanzen","7":"product_cat-home-living","8":"product_cat-blumen-pflanzen","9":"product_tag-veg-and-the-city","11":"first","12":"instock","13":"taxable","14":"shipping-taxable","15":"purchasable","16":"product-type-simple"},"_links":{"self":[{"href":"https:\/\/www.fleurop-home.ch\/fr-ch\/wp-json\/wp\/v2\/product\/58456","targetHints":{"allow":["GET"]}}],"collection":[{"href":"https:\/\/www.fleurop-home.ch\/fr-ch\/wp-json\/wp\/v2\/product"}],"about":[{"href":"https:\/\/www.fleurop-home.ch\/fr-ch\/wp-json\/wp\/v2\/types\/product"}],"wp:featuredmedia":[{"embeddable":true,"href":"https:\/\/www.fleurop-home.ch\/fr-ch\/wp-json\/wp\/v2\/media\/58458"}],"wp:attachment":[{"href":"https:\/\/www.fleurop-home.ch\/fr-ch\/wp-json\/wp\/v2\/media?parent=58456"}],"wp:term":[{"taxonomy":"product_brand","embeddable":true,"href":"https:\/\/www.fleurop-home.ch\/fr-ch\/wp-json\/wp\/v2\/product_brand?post=58456"},{"taxonomy":"product_cat","embeddable":true,"href":"https:\/\/www.fleurop-home.ch\/fr-ch\/wp-json\/wp\/v2\/product_cat?post=58456"},{"taxonomy":"product_tag","embeddable":true,"href":"https:\/\/www.fleurop-home.ch\/fr-ch\/wp-json\/wp\/v2\/product_tag?post=58456"},{"taxonomy":"woo-feed-brand","embeddable":true,"href":"https:\/\/www.fleurop-home.ch\/fr-ch\/wp-json\/wp\/v2\/woo-feed-brand?post=58456"}],"curies":[{"name":"wp","href":"https:\/\/api.w.org\/{rel}","templated":true}]}}