{"id":5843,"date":"2019-10-03T13:02:34","date_gmt":"2019-10-03T13:02:34","guid":{"rendered":"https:\/\/www.fleurop-home.ch\/?product=honigkalender-honey-edition"},"modified":"2026-02-05T14:38:17","modified_gmt":"2026-02-05T13:38:17","slug":"calendrier-au-miel-honey-edition","status":"publish","type":"product","link":"https:\/\/www.fleurop-home.ch\/fr-ch\/p\/honigkalender-honey-edition","title":{"rendered":"Calendrier au miel \"Honey Edition"},"content":{"rendered":"<div id=\"magicdomid22\" style=\"text-align: left;\">\n<p>Surprends une personne qui te tient \u00e0 c\u0153ur avec notre grand calendrier de miel Bee-Family. Douze miels de qualit\u00e9 sup\u00e9rieure r\u00e9unis dans un cadeau de miel raffin\u00e9 de premi\u00e8re classe t\u00e9moigne de l'estime et de l'affection pour toute une ann\u00e9e (de vie). Ces douze tr\u00e9sors sucr\u00e9s dans notre bo\u00eete en bois v\u00e9ritable Bee-Family n'enthousiasment pas seulement visuellement. Le pot-pourri raffin\u00e9 des meilleurs miels montre toute la diversit\u00e9 et l'\u00e9tendue des saveurs naturelles du miel. Plonge dans le monde magique et aromatique des diff\u00e9rents types de miel.<\/p>\n<p><strong>Factbox<br \/>\n<\/strong>Emballage : bo\u00eete en bois de bouleau (L x l x h : 33 cm x 24.5 cm x 7 cm)<br \/>\nTaille du bocal : 12 x 140g<br \/>\nMiel : miel d'acacia, miel de verge d'or, miel de ch\u00e2taignier, miel de coriandre, miel de lavande, miel de tilleul, miel de fleurs de montagne suisse, miel de fleurs suisse, miel de for\u00eat suisse, miel de tournesol, miel de thym, miel de soie sauvage<\/p>\n<p><strong>Informations nutritionnelles :<br \/>\n<\/strong><a href=\"https:\/\/bee-family.com\/wp-content\/uploads\/2022\/09\/Naehrwertangaben.pdf\" target=\"_blank\" rel=\"noopener\">Informations nutritionnelles Bee-Family<\/a><\/p>\n<\/div>\n<div style=\"text-align: left;\">\n<p><strong>Conseils pour les personnes allergiques :<br \/>\n<\/strong>Le miel n'est pas adapt\u00e9 \u00e0 la consommation par les enfants de moins de 12 mois !<\/p>\n<\/div>","protected":false},"excerpt":{"rendered":"<p>Calendrier au miel \"Honey Edition<\/p>","protected":false},"featured_media":5844,"template":"","meta":[],"product_brand":[],"product_cat":[101,910,1091,1088,909,916,42,885,52,1225,53],"product_tag":[291],"woo-feed-brand":[],"class_list":{"0":"post-5843","1":"product","2":"type-product","3":"status-publish","4":"has-post-thumbnail","6":"product_cat-honig","7":"product_cat-geschenkideen","8":"product_cat-hobbykoch","9":"product_cat-vatertag","10":"product_cat-weihnachten","11":"product_cat-praesente","12":"product_cat-kueche","13":"product_cat-koestlichkeiten","14":"product_cat-geschenke","15":"product_cat-genuss","16":"product_cat-geschenksets","17":"product_tag-bee-family-ag","19":"first","20":"instock","21":"taxable","22":"shipping-taxable","23":"purchasable","24":"product-type-simple"},"_links":{"self":[{"href":"https:\/\/www.fleurop-home.ch\/fr-ch\/wp-json\/wp\/v2\/product\/5843","targetHints":{"allow":["GET"]}}],"collection":[{"href":"https:\/\/www.fleurop-home.ch\/fr-ch\/wp-json\/wp\/v2\/product"}],"about":[{"href":"https:\/\/www.fleurop-home.ch\/fr-ch\/wp-json\/wp\/v2\/types\/product"}],"wp:featuredmedia":[{"embeddable":true,"href":"https:\/\/www.fleurop-home.ch\/fr-ch\/wp-json\/wp\/v2\/media\/5844"}],"wp:attachment":[{"href":"https:\/\/www.fleurop-home.ch\/fr-ch\/wp-json\/wp\/v2\/media?parent=5843"}],"wp:term":[{"taxonomy":"product_brand","embeddable":true,"href":"https:\/\/www.fleurop-home.ch\/fr-ch\/wp-json\/wp\/v2\/product_brand?post=5843"},{"taxonomy":"product_cat","embeddable":true,"href":"https:\/\/www.fleurop-home.ch\/fr-ch\/wp-json\/wp\/v2\/product_cat?post=5843"},{"taxonomy":"product_tag","embeddable":true,"href":"https:\/\/www.fleurop-home.ch\/fr-ch\/wp-json\/wp\/v2\/product_tag?post=5843"},{"taxonomy":"woo-feed-brand","embeddable":true,"href":"https:\/\/www.fleurop-home.ch\/fr-ch\/wp-json\/wp\/v2\/woo-feed-brand?post=5843"}],"curies":[{"name":"wp","href":"https:\/\/api.w.org\/{rel}","templated":true}]}}